{"id":2100,"date":"2024-01-23T17:22:45","date_gmt":"2024-01-23T17:22:45","guid":{"rendered":"https:\/\/veltmanmachines.com\/jung\/"},"modified":"2024-02-13T17:36:14","modified_gmt":"2024-02-13T17:36:14","slug":"jung","status":"publish","type":"page","link":"https:\/\/veltmanmachines.com\/de\/jung\/","title":{"rendered":"Jung"},"content":{"rendered":"\t\t<div data-elementor-type=\"wp-page\" data-elementor-id=\"2100\" class=\"elementor elementor-2100 elementor-230\" data-elementor-post-type=\"page\">\n\t\t\t\t<div class=\"elementor-element elementor-element-2f88690 e-flex e-con-boxed e-con e-parent\" data-id=\"2f88690\" data-element_type=\"container\" data-e-type=\"container\">\n\t\t\t\t\t<div class=\"e-con-inner\">\n\t\t<div class=\"elementor-element elementor-element-f703bdc e-flex e-con-boxed e-con e-child\" data-id=\"f703bdc\" data-element_type=\"container\" data-e-type=\"container\">\n\t\t\t\t\t<div class=\"e-con-inner\">\n\t\t\t\t<div class=\"elementor-element elementor-element-4618073 elementor-widget elementor-widget-heading\" data-id=\"4618073\" data-element_type=\"widget\" data-e-type=\"widget\" data-widget_type=\"heading.default\">\n\t\t\t\t<div class=\"elementor-widget-container\">\n\t\t\t\t\t<h1 class=\"elementor-heading-title elementor-size-default\">Jung<\/h1>\t\t\t\t<\/div>\n\t\t\t\t<\/div>\n\t\t\t\t<div class=\"elementor-element elementor-element-3dca271 elementor-widget elementor-widget-text-editor\" data-id=\"3dca271\" data-element_type=\"widget\" data-e-type=\"widget\" data-widget_type=\"text-editor.default\">\n\t\t\t\t<div class=\"elementor-widget-container\">\n\t\t\t\t\t\t\t\t\t<p>Sie suchen eine Schleifmaschine von Jung? Veltman machines hat verschiedene Typen von Jung-Maschinen im Sortiment, wie z.B. die JF415DS, die sowohl f\u00fcr das Flachschleifen als auch f\u00fcr das Einstechschleifen geeignet ist. Aber auch die Jung HF50RD und HF50R, beide gereinigt und in perfektem technischen Zustand. Pr\u00fcfen Sie schnell unsere Jung-Maschinen auf der Website, solange sie noch verf\u00fcgbar sind. Aufgrund des hohen Umsatzes k\u00f6nnen sie schnell verkauft werden.<\/p>\n\t\t\t\t\t\t\t\t<\/div>\n\t\t\t\t<\/div>\n\t\t\t\t\t<\/div>\n\t\t\t\t<\/div>\n\t\t<div class=\"elementor-element elementor-element-bbb03a8 e-flex e-con-boxed e-con e-child\" data-id=\"bbb03a8\" data-element_type=\"container\" data-e-type=\"container\">\n\t\t\t\t\t<div class=\"e-con-inner\">\n\t\t\t\t<div class=\"elementor-element elementor-element-665aa1a elementor-widget elementor-widget-image\" data-id=\"665aa1a\" data-element_type=\"widget\" data-e-type=\"widget\" data-widget_type=\"image.default\">\n\t\t\t\t<div class=\"elementor-widget-container\">\n\t\t\t\t\t\t\t\t\t\t\t\t\t\t\t<img fetchpriority=\"high\" decoding=\"async\" width=\"1200\" height=\"900\" src=\"https:\/\/veltmanmachines.com\/wp-content\/uploads\/2024\/01\/IMG_4292.jpg\" class=\"attachment-full size-full wp-image-1755\" alt=\"\" srcset=\"https:\/\/veltmanmachines.com\/wp-content\/uploads\/2024\/01\/IMG_4292.jpg 1200w, https:\/\/veltmanmachines.com\/wp-content\/uploads\/2024\/01\/IMG_4292-300x225.jpg 300w, https:\/\/veltmanmachines.com\/wp-content\/uploads\/2024\/01\/IMG_4292-1024x768.jpg 1024w, https:\/\/veltmanmachines.com\/wp-content\/uploads\/2024\/01\/IMG_4292-768x576.jpg 768w, https:\/\/veltmanmachines.com\/wp-content\/uploads\/2024\/01\/IMG_4292-600x450.jpg 600w\" sizes=\"(max-width: 1200px) 100vw, 1200px\" \/>\t\t\t\t\t\t\t\t\t\t\t\t\t\t\t<\/div>\n\t\t\t\t<\/div>\n\t\t\t\t\t<\/div>\n\t\t\t\t<\/div>\n\t\t\t\t\t<\/div>\n\t\t\t\t<\/div>\n\t\t<div class=\"elementor-element elementor-element-b4f8fac e-flex e-con-boxed e-con e-parent\" data-id=\"b4f8fac\" data-element_type=\"container\" data-e-type=\"container\">\n\t\t\t\t\t<div class=\"e-con-inner\">\n\t\t<div class=\"elementor-element elementor-element-0a45870 e-flex e-con-boxed e-con e-child\" data-id=\"0a45870\" data-element_type=\"container\" data-e-type=\"container\">\n\t\t\t\t\t<div class=\"e-con-inner\">\n\t\t\t\t<div class=\"elementor-element elementor-element-cfdcbee elementor-widget elementor-widget-heading\" data-id=\"cfdcbee\" data-element_type=\"widget\" data-e-type=\"widget\" data-widget_type=\"heading.default\">\n\t\t\t\t<div class=\"elementor-widget-container\">\n\t\t\t\t\t<h2 class=\"elementor-heading-title elementor-size-default\">Deutsche Zuverl\u00e4ssigkeit<\/h2>\t\t\t\t<\/div>\n\t\t\t\t<\/div>\n\t\t\t\t<div class=\"elementor-element elementor-element-562d952 elementor-widget elementor-widget-text-editor\" data-id=\"562d952\" data-element_type=\"widget\" data-e-type=\"widget\" data-widget_type=\"text-editor.default\">\n\t\t\t\t<div class=\"elementor-widget-container\">\n\t\t\t\t\t\t\t\t\t<p>Aufgrund der deutschen Zuverl\u00e4ssigkeit von Jung spielt das Alter einer Maschine oft keine Rolle, und wir von Veltman Machines wissen das. Dies erleichtert die Wartung, und diese Maschinen k\u00f6nnen noch mehrere Jahre lang effektiv genutzt werden. Zu den Jung-Maschinen, die wir bei Veltman Machines verkaufen, geh\u00f6ren: Jung F50, Jung F40, Jung HF50RD, Jung JF415, und Jung JF525. Jedes mit seiner eigenen Schleifl\u00e4nge und -breite, und sie k\u00f6nnen auch in unserer Werkstatt vorgef\u00fchrt werden.<\/p>\n\t\t\t\t\t\t\t\t<\/div>\n\t\t\t\t<\/div>\n\t\t\t\t<div class=\"elementor-element elementor-element-6a30cde elementor-widget elementor-widget-heading\" data-id=\"6a30cde\" data-element_type=\"widget\" data-e-type=\"widget\" data-widget_type=\"heading.default\">\n\t\t\t\t<div class=\"elementor-widget-container\">\n\t\t\t\t\t<h3 class=\"elementor-heading-title elementor-size-default\">Suchen Sie einen Jung?<\/h3>\t\t\t\t<\/div>\n\t\t\t\t<\/div>\n\t\t\t\t<div class=\"elementor-element elementor-element-6a8f0ea elementor-widget elementor-widget-text-editor\" data-id=\"6a8f0ea\" data-element_type=\"widget\" data-e-type=\"widget\" data-widget_type=\"text-editor.default\">\n\t\t\t\t<div class=\"elementor-widget-container\">\n\t\t\t\t\t\t\t\t\tSie suchen eine Jung-Schleifmaschine, die wir derzeit nicht im Sortiment haben? Nehmen Sie hier einfach Kontakt mit uns auf, und wir halten Sie gerne auf dem Laufenden, wenn wir unser Angebot an Jung Schleifmaschinen wieder erweitern.  \n\nM\u00f6chten Sie eine Jung Schleifmaschine in unserem Lager besichtigen? Nat\u00fcrlich ist das m\u00f6glich. Besuchen Sie uns in Oisterwijk oder vereinbaren Sie einen Termin per <a href=\"tel:+31628230602\">Telefon<\/a> oder E-Mail. Auf Wunsch k\u00f6nnen wir die Jung-Schleifmaschinen auch vorf\u00fchren. Dar\u00fcber hinaus sind alle unsere Jung-Schleifmaschinen (wie der Rest unserer Maschinen) gereinigt und in perfektem technischen Zustand! Sie werden au\u00dferdem mit einer 3-monatigen Garantie von unserer Werkstatt geliefert.\t\t\t\t\t\t\t\t<\/div>\n\t\t\t\t<\/div>\n\t\t\t\t<div class=\"elementor-element elementor-element-ca57439 elementor-widget elementor-widget-heading\" data-id=\"ca57439\" data-element_type=\"widget\" data-e-type=\"widget\" data-widget_type=\"heading.default\">\n\t\t\t\t<div class=\"elementor-widget-container\">\n\t\t\t\t\t<h3 class=\"elementor-heading-title elementor-size-default\">Kaufen Sie es bei Veltman Machines!<\/h3>\t\t\t\t<\/div>\n\t\t\t\t<\/div>\n\t\t\t\t<div class=\"elementor-element elementor-element-9686e46 elementor-widget elementor-widget-text-editor\" data-id=\"9686e46\" data-element_type=\"widget\" data-e-type=\"widget\" data-widget_type=\"text-editor.default\">\n\t\t\t\t<div class=\"elementor-widget-container\">\n\t\t\t\t\t\t\t\t\tPlanen Sie den Kauf einer Original Jung Schleifmaschine? Veltman Machines unterst\u00fctzt Sie gerne bei diesem Prozess. Wir haben Erfahrung mit dem Papierkram und dem Versand solcher Maschinen. Auf Wunsch k\u00f6nnen wir auch alles f\u00fcr den Transport verpacken. Auf diese Weise sorgen wir daf\u00fcr, dass alles sicher ankommt. Neben Europa liefern wir auch nach: USA, Australien, Kanada, Mexiko,\nIndien, Russland, Shri Lank, S\u00fcdafrika, \u00c4gypten, Israel, Taiwan, T\u00fcrkei u.a.\n  Wir k\u00f6nnen Ihnen also fast \u00fcberall helfen, eine Jung-Schleifmaschine zu bekommen.\t\t\t\t\t\t\t\t<\/div>\n\t\t\t\t<\/div>\n\t\t\t\t\t<\/div>\n\t\t\t\t<\/div>\n\t\t\t\t\t<\/div>\n\t\t\t\t<\/div>\n\t\t<div class=\"elementor-element elementor-element-af4c716 elementor-hidden-desktop elementor-hidden-tablet elementor-hidden-mobile e-flex e-con-boxed e-con e-parent\" data-id=\"af4c716\" data-element_type=\"container\" data-e-type=\"container\">\n\t\t\t\t\t<div class=\"e-con-inner\">\n\t\t<div class=\"elementor-element elementor-element-712c84a e-flex e-con-boxed e-con e-child\" data-id=\"712c84a\" data-element_type=\"container\" data-e-type=\"container\">\n\t\t\t\t\t<div class=\"e-con-inner\">\n\t\t\t\t<div class=\"elementor-element elementor-element-987a4e8 elementor-position-top elementor-widget elementor-widget-image-box\" data-id=\"987a4e8\" data-element_type=\"widget\" data-e-type=\"widget\" data-widget_type=\"image-box.default\">\n\t\t\t\t<div class=\"elementor-widget-container\">\n\t\t\t\t\t<div class=\"elementor-image-box-wrapper\"><figure class=\"elementor-image-box-img\"><img decoding=\"async\" src=\"https:\/\/veltmanmachines.com\/wp-content\/uploads\/2024\/01\/mingcute_search-line-2.png\" title=\"\" alt=\"\" loading=\"lazy\" \/><\/figure><div class=\"elementor-image-box-content\"><h3 class=\"elementor-image-box-title\">h3<\/h3><p class=\"elementor-image-box-description\">Lorem ipsum dolor sit amet, consectetur adipiscing elit. Ut elit tellus, luctus nec ullamcorper mattis, pulvinar dapibus leo.<\/p><\/div><\/div>\t\t\t\t<\/div>\n\t\t\t\t<\/div>\n\t\t\t\t\t<\/div>\n\t\t\t\t<\/div>\n\t\t<div class=\"elementor-element elementor-element-23c26f9 e-flex e-con-boxed e-con e-child\" data-id=\"23c26f9\" data-element_type=\"container\" data-e-type=\"container\">\n\t\t\t\t\t<div class=\"e-con-inner\">\n\t\t\t\t<div class=\"elementor-element elementor-element-34ff871 elementor-position-top elementor-widget elementor-widget-image-box\" data-id=\"34ff871\" data-element_type=\"widget\" data-e-type=\"widget\" data-widget_type=\"image-box.default\">\n\t\t\t\t<div class=\"elementor-widget-container\">\n\t\t\t\t\t<div class=\"elementor-image-box-wrapper\"><figure class=\"elementor-image-box-img\"><img decoding=\"async\" src=\"https:\/\/veltmanmachines.com\/wp-content\/uploads\/2024\/01\/mingcute_search-line-1.png\" title=\"\" alt=\"\" loading=\"lazy\" \/><\/figure><div class=\"elementor-image-box-content\"><h3 class=\"elementor-image-box-title\">h3<\/h3><p class=\"elementor-image-box-description\">Lorem ipsum dolor sit amet, consectetur adipiscing elit. Ut elit tellus, luctus nec ullamcorper mattis, pulvinar dapibus leo.<\/p><\/div><\/div>\t\t\t\t<\/div>\n\t\t\t\t<\/div>\n\t\t\t\t\t<\/div>\n\t\t\t\t<\/div>\n\t\t<div class=\"elementor-element elementor-element-9359ff0 e-flex e-con-boxed e-con e-child\" data-id=\"9359ff0\" data-element_type=\"container\" data-e-type=\"container\">\n\t\t\t\t\t<div class=\"e-con-inner\">\n\t\t\t\t<div class=\"elementor-element elementor-element-769e0ba elementor-position-top elementor-widget elementor-widget-image-box\" data-id=\"769e0ba\" data-element_type=\"widget\" data-e-type=\"widget\" data-widget_type=\"image-box.default\">\n\t\t\t\t<div class=\"elementor-widget-container\">\n\t\t\t\t\t<div class=\"elementor-image-box-wrapper\"><figure class=\"elementor-image-box-img\"><img decoding=\"async\" src=\"https:\/\/veltmanmachines.com\/wp-content\/uploads\/2024\/01\/mingcute_search-line.png\" title=\"\" alt=\"\" loading=\"lazy\" \/><\/figure><div class=\"elementor-image-box-content\"><h3 class=\"elementor-image-box-title\">h3<\/h3><p class=\"elementor-image-box-description\">Lorem ipsum dolor sit amet, consectetur adipiscing elit. Ut elit tellus, luctus nec ullamcorper mattis, pulvinar dapibus leo.<\/p><\/div><\/div>\t\t\t\t<\/div>\n\t\t\t\t<\/div>\n\t\t\t\t\t<\/div>\n\t\t\t\t<\/div>\n\t\t<div class=\"elementor-element elementor-element-c7beee4 e-flex e-con-boxed e-con e-child\" data-id=\"c7beee4\" data-element_type=\"container\" data-e-type=\"container\">\n\t\t\t\t\t<div class=\"e-con-inner\">\n\t\t\t\t<div class=\"elementor-element elementor-element-396a791 elementor-position-top elementor-widget elementor-widget-image-box\" data-id=\"396a791\" data-element_type=\"widget\" data-e-type=\"widget\" data-widget_type=\"image-box.default\">\n\t\t\t\t<div class=\"elementor-widget-container\">\n\t\t\t\t\t<div class=\"elementor-image-box-wrapper\"><figure class=\"elementor-image-box-img\"><img decoding=\"async\" src=\"https:\/\/veltmanmachines.com\/wp-content\/uploads\/2024\/01\/mingcute_search-line-3.png\" title=\"\" alt=\"\" loading=\"lazy\" \/><\/figure><div class=\"elementor-image-box-content\"><h3 class=\"elementor-image-box-title\">h3<\/h3><p class=\"elementor-image-box-description\">Lorem ipsum dolor sit amet, consectetur adipiscing elit. Ut elit tellus, luctus nec ullamcorper mattis, pulvinar dapibus leo.<\/p><\/div><\/div>\t\t\t\t<\/div>\n\t\t\t\t<\/div>\n\t\t\t\t\t<\/div>\n\t\t\t\t<\/div>\n\t\t\t\t\t<\/div>\n\t\t\t\t<\/div>\n\t\t\t\t<\/div>\n\t\t","protected":false},"excerpt":{"rendered":"<p>Jung Sie suchen eine Schleifmaschine von Jung? Veltman machines hat verschiedene Typen von Jung-Maschinen im Sortiment, wie z.B. die JF415DS, die sowohl f\u00fcr das Flachschleifen als auch f\u00fcr das Einstechschleifen geeignet ist. Aber auch die Jung HF50RD und HF50R, beide gereinigt und in perfektem technischen Zustand. Pr\u00fcfen Sie schnell unsere Jung-Maschinen auf der Website, solange [&hellip;]<\/p>\n","protected":false},"author":1,"featured_media":0,"parent":0,"menu_order":0,"comment_status":"closed","ping_status":"closed","template":"","meta":{"_acf_changed":false,"site-sidebar-layout":"no-sidebar","site-content-layout":"","ast-site-content-layout":"full-width-container","site-content-style":"default","site-sidebar-style":"default","ast-global-header-display":"","ast-banner-title-visibility":"","ast-main-header-display":"","ast-hfb-above-header-display":"","ast-hfb-below-header-display":"","ast-hfb-mobile-header-display":"","site-post-title":"disabled","ast-breadcrumbs-content":"","ast-featured-img":"disabled","footer-sml-layout":"","theme-transparent-header-meta":"","adv-header-id-meta":"","stick-header-meta":"","header-above-stick-meta":"","header-main-stick-meta":"","header-below-stick-meta":"","astra-migrate-meta-layouts":"default","ast-page-background-enabled":"default","ast-page-background-meta":{"desktop":{"background-color":"var(--ast-global-color-4)","background-image":"","background-repeat":"repeat","background-position":"center center","background-size":"auto","background-attachment":"scroll","background-type":"","background-media":"","overlay-type":"","overlay-color":"","overlay-opacity":"","overlay-gradient":""},"tablet":{"background-color":"","background-image":"","background-repeat":"repeat","background-position":"center center","background-size":"auto","background-attachment":"scroll","background-type":"","background-media":"","overlay-type":"","overlay-color":"","overlay-opacity":"","overlay-gradient":""},"mobile":{"background-color":"","background-image":"","background-repeat":"repeat","background-position":"center center","background-size":"auto","background-attachment":"scroll","background-type":"","background-media":"","overlay-type":"","overlay-color":"","overlay-opacity":"","overlay-gradient":""}},"ast-content-background-meta":{"desktop":{"background-color":"var(--ast-global-color-5)","background-image":"","background-repeat":"repeat","background-position":"center center","background-size":"auto","background-attachment":"scroll","background-type":"","background-media":"","overlay-type":"","overlay-color":"","overlay-opacity":"","overlay-gradient":""},"tablet":{"background-color":"var(--ast-global-color-5)","background-image":"","background-repeat":"repeat","background-position":"center center","background-size":"auto","background-attachment":"scroll","background-type":"","background-media":"","overlay-type":"","overlay-color":"","overlay-opacity":"","overlay-gradient":""},"mobile":{"background-color":"var(--ast-global-color-5)","background-image":"","background-repeat":"repeat","background-position":"center center","background-size":"auto","background-attachment":"scroll","background-type":"","background-media":"","overlay-type":"","overlay-color":"","overlay-opacity":"","overlay-gradient":""}},"footnotes":""},"class_list":["post-2100","page","type-page","status-publish","hentry"],"acf":[],"yoast_head":"<!-- This site is optimized with the Yoast SEO plugin v27.3 - https:\/\/yoast.com\/product\/yoast-seo-wordpress\/ -->\n<title>Jung - Veltmanmachines<\/title>\n<meta name=\"robots\" content=\"index, follow, max-snippet:-1, max-image-preview:large, max-video-preview:-1\" \/>\n<link rel=\"canonical\" href=\"https:\/\/veltmanmachines.com\/de\/?page_id=2100\" \/>\n<meta property=\"og:locale\" content=\"de_DE\" \/>\n<meta property=\"og:type\" content=\"article\" \/>\n<meta property=\"og:title\" content=\"Jung - Veltmanmachines\" \/>\n<meta property=\"og:description\" content=\"Jung Sie suchen eine Schleifmaschine von Jung? Veltman machines hat verschiedene Typen von Jung-Maschinen im Sortiment, wie z.B. die JF415DS, die sowohl f\u00fcr das Flachschleifen als auch f\u00fcr das Einstechschleifen geeignet ist. Aber auch die Jung HF50RD und HF50R, beide gereinigt und in perfektem technischen Zustand. Pr\u00fcfen Sie schnell unsere Jung-Maschinen auf der Website, solange [&hellip;]\" \/>\n<meta property=\"og:url\" content=\"https:\/\/veltmanmachines.com\/de\/?page_id=2100\" \/>\n<meta property=\"og:site_name\" content=\"Veltmanmachines\" \/>\n<meta property=\"article:modified_time\" content=\"2024-02-13T17:36:14+00:00\" \/>\n<meta property=\"og:image\" content=\"https:\/\/veltmanmachines.com\/wp-content\/uploads\/2024\/01\/IMG_4292.jpg\" \/>\n<meta name=\"twitter:card\" content=\"summary_large_image\" \/>\n<meta name=\"twitter:label1\" content=\"Gesch\u00e4tzte Lesezeit\" \/>\n\t<meta name=\"twitter:data1\" content=\"2\u00a0Minuten\" \/>\n<script type=\"application\/ld+json\" class=\"yoast-schema-graph\">{\"@context\":\"https:\\\/\\\/schema.org\",\"@graph\":[{\"@type\":\"WebPage\",\"@id\":\"https:\\\/\\\/veltmanmachines.com\\\/de\\\/?page_id=2100\",\"url\":\"https:\\\/\\\/veltmanmachines.com\\\/de\\\/?page_id=2100\",\"name\":\"Jung - Veltmanmachines\",\"isPartOf\":{\"@id\":\"https:\\\/\\\/veltmanmachines.com\\\/#website\"},\"primaryImageOfPage\":{\"@id\":\"https:\\\/\\\/veltmanmachines.com\\\/de\\\/?page_id=2100#primaryimage\"},\"image\":{\"@id\":\"https:\\\/\\\/veltmanmachines.com\\\/de\\\/?page_id=2100#primaryimage\"},\"thumbnailUrl\":\"https:\\\/\\\/veltmanmachines.com\\\/wp-content\\\/uploads\\\/2024\\\/01\\\/IMG_4292.jpg\",\"datePublished\":\"2024-01-23T17:22:45+00:00\",\"dateModified\":\"2024-02-13T17:36:14+00:00\",\"breadcrumb\":{\"@id\":\"https:\\\/\\\/veltmanmachines.com\\\/de\\\/?page_id=2100#breadcrumb\"},\"inLanguage\":\"de\",\"potentialAction\":[{\"@type\":\"ReadAction\",\"target\":[\"https:\\\/\\\/veltmanmachines.com\\\/de\\\/?page_id=2100\"]}]},{\"@type\":\"ImageObject\",\"inLanguage\":\"de\",\"@id\":\"https:\\\/\\\/veltmanmachines.com\\\/de\\\/?page_id=2100#primaryimage\",\"url\":\"https:\\\/\\\/veltmanmachines.com\\\/wp-content\\\/uploads\\\/2024\\\/01\\\/IMG_4292.jpg\",\"contentUrl\":\"https:\\\/\\\/veltmanmachines.com\\\/wp-content\\\/uploads\\\/2024\\\/01\\\/IMG_4292.jpg\"},{\"@type\":\"BreadcrumbList\",\"@id\":\"https:\\\/\\\/veltmanmachines.com\\\/de\\\/?page_id=2100#breadcrumb\",\"itemListElement\":[{\"@type\":\"ListItem\",\"position\":1,\"name\":\"Home\",\"item\":\"https:\\\/\\\/veltmanmachines.com\\\/\"},{\"@type\":\"ListItem\",\"position\":2,\"name\":\"Jung\"}]},{\"@type\":\"WebSite\",\"@id\":\"https:\\\/\\\/veltmanmachines.com\\\/#website\",\"url\":\"https:\\\/\\\/veltmanmachines.com\\\/\",\"name\":\"Veltman machines\",\"description\":\"\",\"publisher\":{\"@id\":\"https:\\\/\\\/veltmanmachines.com\\\/#organization\"},\"potentialAction\":[{\"@type\":\"SearchAction\",\"target\":{\"@type\":\"EntryPoint\",\"urlTemplate\":\"https:\\\/\\\/veltmanmachines.com\\\/?s={search_term_string}\"},\"query-input\":{\"@type\":\"PropertyValueSpecification\",\"valueRequired\":true,\"valueName\":\"search_term_string\"}}],\"inLanguage\":\"de\"},{\"@type\":\"Organization\",\"@id\":\"https:\\\/\\\/veltmanmachines.com\\\/#organization\",\"name\":\"Veltman machines\",\"url\":\"https:\\\/\\\/veltmanmachines.com\\\/\",\"logo\":{\"@type\":\"ImageObject\",\"inLanguage\":\"de\",\"@id\":\"https:\\\/\\\/veltmanmachines.com\\\/#\\\/schema\\\/logo\\\/image\\\/\",\"url\":\"https:\\\/\\\/veltmanmachines.com\\\/wp-content\\\/uploads\\\/2023\\\/09\\\/top.gif\",\"contentUrl\":\"https:\\\/\\\/veltmanmachines.com\\\/wp-content\\\/uploads\\\/2023\\\/09\\\/top.gif\",\"width\":363,\"height\":97,\"caption\":\"Veltman machines\"},\"image\":{\"@id\":\"https:\\\/\\\/veltmanmachines.com\\\/#\\\/schema\\\/logo\\\/image\\\/\"},\"sameAs\":[\"https:\\\/\\\/www.youtube.com\\\/@veltmanmachines7902\"]}]}<\/script>\n<!-- \/ Yoast SEO plugin. -->","yoast_head_json":{"title":"Jung - Veltmanmachines","robots":{"index":"index","follow":"follow","max-snippet":"max-snippet:-1","max-image-preview":"max-image-preview:large","max-video-preview":"max-video-preview:-1"},"canonical":"https:\/\/veltmanmachines.com\/de\/?page_id=2100","og_locale":"de_DE","og_type":"article","og_title":"Jung - Veltmanmachines","og_description":"Jung Sie suchen eine Schleifmaschine von Jung? Veltman machines hat verschiedene Typen von Jung-Maschinen im Sortiment, wie z.B. die JF415DS, die sowohl f\u00fcr das Flachschleifen als auch f\u00fcr das Einstechschleifen geeignet ist. Aber auch die Jung HF50RD und HF50R, beide gereinigt und in perfektem technischen Zustand. Pr\u00fcfen Sie schnell unsere Jung-Maschinen auf der Website, solange [&hellip;]","og_url":"https:\/\/veltmanmachines.com\/de\/?page_id=2100","og_site_name":"Veltmanmachines","article_modified_time":"2024-02-13T17:36:14+00:00","og_image":[{"url":"https:\/\/veltmanmachines.com\/wp-content\/uploads\/2024\/01\/IMG_4292.jpg","type":"","width":"","height":""}],"twitter_card":"summary_large_image","twitter_misc":{"Gesch\u00e4tzte Lesezeit":"2\u00a0Minuten"},"schema":{"@context":"https:\/\/schema.org","@graph":[{"@type":"WebPage","@id":"https:\/\/veltmanmachines.com\/de\/?page_id=2100","url":"https:\/\/veltmanmachines.com\/de\/?page_id=2100","name":"Jung - Veltmanmachines","isPartOf":{"@id":"https:\/\/veltmanmachines.com\/#website"},"primaryImageOfPage":{"@id":"https:\/\/veltmanmachines.com\/de\/?page_id=2100#primaryimage"},"image":{"@id":"https:\/\/veltmanmachines.com\/de\/?page_id=2100#primaryimage"},"thumbnailUrl":"https:\/\/veltmanmachines.com\/wp-content\/uploads\/2024\/01\/IMG_4292.jpg","datePublished":"2024-01-23T17:22:45+00:00","dateModified":"2024-02-13T17:36:14+00:00","breadcrumb":{"@id":"https:\/\/veltmanmachines.com\/de\/?page_id=2100#breadcrumb"},"inLanguage":"de","potentialAction":[{"@type":"ReadAction","target":["https:\/\/veltmanmachines.com\/de\/?page_id=2100"]}]},{"@type":"ImageObject","inLanguage":"de","@id":"https:\/\/veltmanmachines.com\/de\/?page_id=2100#primaryimage","url":"https:\/\/veltmanmachines.com\/wp-content\/uploads\/2024\/01\/IMG_4292.jpg","contentUrl":"https:\/\/veltmanmachines.com\/wp-content\/uploads\/2024\/01\/IMG_4292.jpg"},{"@type":"BreadcrumbList","@id":"https:\/\/veltmanmachines.com\/de\/?page_id=2100#breadcrumb","itemListElement":[{"@type":"ListItem","position":1,"name":"Home","item":"https:\/\/veltmanmachines.com\/"},{"@type":"ListItem","position":2,"name":"Jung"}]},{"@type":"WebSite","@id":"https:\/\/veltmanmachines.com\/#website","url":"https:\/\/veltmanmachines.com\/","name":"Veltman machines","description":"","publisher":{"@id":"https:\/\/veltmanmachines.com\/#organization"},"potentialAction":[{"@type":"SearchAction","target":{"@type":"EntryPoint","urlTemplate":"https:\/\/veltmanmachines.com\/?s={search_term_string}"},"query-input":{"@type":"PropertyValueSpecification","valueRequired":true,"valueName":"search_term_string"}}],"inLanguage":"de"},{"@type":"Organization","@id":"https:\/\/veltmanmachines.com\/#organization","name":"Veltman machines","url":"https:\/\/veltmanmachines.com\/","logo":{"@type":"ImageObject","inLanguage":"de","@id":"https:\/\/veltmanmachines.com\/#\/schema\/logo\/image\/","url":"https:\/\/veltmanmachines.com\/wp-content\/uploads\/2023\/09\/top.gif","contentUrl":"https:\/\/veltmanmachines.com\/wp-content\/uploads\/2023\/09\/top.gif","width":363,"height":97,"caption":"Veltman machines"},"image":{"@id":"https:\/\/veltmanmachines.com\/#\/schema\/logo\/image\/"},"sameAs":["https:\/\/www.youtube.com\/@veltmanmachines7902"]}]}},"_links":{"self":[{"href":"https:\/\/veltmanmachines.com\/de\/wp-json\/wp\/v2\/pages\/2100","targetHints":{"allow":["GET"]}}],"collection":[{"href":"https:\/\/veltmanmachines.com\/de\/wp-json\/wp\/v2\/pages"}],"about":[{"href":"https:\/\/veltmanmachines.com\/de\/wp-json\/wp\/v2\/types\/page"}],"author":[{"embeddable":true,"href":"https:\/\/veltmanmachines.com\/de\/wp-json\/wp\/v2\/users\/1"}],"replies":[{"embeddable":true,"href":"https:\/\/veltmanmachines.com\/de\/wp-json\/wp\/v2\/comments?post=2100"}],"version-history":[{"count":2,"href":"https:\/\/veltmanmachines.com\/de\/wp-json\/wp\/v2\/pages\/2100\/revisions"}],"predecessor-version":[{"id":2103,"href":"https:\/\/veltmanmachines.com\/de\/wp-json\/wp\/v2\/pages\/2100\/revisions\/2103"}],"wp:attachment":[{"href":"https:\/\/veltmanmachines.com\/de\/wp-json\/wp\/v2\/media?parent=2100"}],"curies":[{"name":"wp","href":"https:\/\/api.w.org\/{rel}","templated":true}]}}