{"id":2115,"date":"2024-01-28T10:50:55","date_gmt":"2024-01-28T10:50:55","guid":{"rendered":"https:\/\/veltmanmachines.com\/thiel\/"},"modified":"2024-02-13T17:36:17","modified_gmt":"2024-02-13T17:36:17","slug":"thiel","status":"publish","type":"page","link":"https:\/\/veltmanmachines.com\/de\/thiel\/","title":{"rendered":"Thiel"},"content":{"rendered":"\t\t<div data-elementor-type=\"wp-page\" data-elementor-id=\"2115\" class=\"elementor elementor-2115 elementor-682\" data-elementor-post-type=\"page\">\n\t\t\t\t<div class=\"elementor-element elementor-element-2f88690 e-flex e-con-boxed e-con e-parent\" data-id=\"2f88690\" data-element_type=\"container\" data-e-type=\"container\">\n\t\t\t\t\t<div class=\"e-con-inner\">\n\t\t<div class=\"elementor-element elementor-element-f703bdc e-flex e-con-boxed e-con e-child\" data-id=\"f703bdc\" data-element_type=\"container\" data-e-type=\"container\">\n\t\t\t\t\t<div class=\"e-con-inner\">\n\t\t\t\t<div class=\"elementor-element elementor-element-4618073 elementor-widget elementor-widget-heading\" data-id=\"4618073\" data-element_type=\"widget\" data-e-type=\"widget\" data-widget_type=\"heading.default\">\n\t\t\t\t<div class=\"elementor-widget-container\">\n\t\t\t\t\t<h1 class=\"elementor-heading-title elementor-size-default\">Thiel<\/h1>\t\t\t\t<\/div>\n\t\t\t\t<\/div>\n\t\t\t\t<div class=\"elementor-element elementor-element-3dca271 elementor-widget elementor-widget-text-editor\" data-id=\"3dca271\" data-element_type=\"widget\" data-e-type=\"widget\" data-widget_type=\"text-editor.default\">\n\t\t\t\t<div class=\"elementor-widget-container\">\n\t\t\t\t\t\t\t\t\t<p>Sie sind auf der Suche nach einer Universalfr\u00e4smaschine von Thiel? Dann sind Sie bei Veltman Machines an der richtigen Adresse! Wir bieten in der Regel mehrere Typen von Thiel-Fr\u00e4smaschinen zu einem g\u00fcnstigen Preis an. Sowohl regul\u00e4re Thiel-Fr\u00e4smaschinen als auch die Duplex-Modelle sind bei uns erh\u00e4ltlich. Informieren Sie sich schnell \u00fcber unser Angebot an Thiel und Thiel Duplex Maschinen auf unserer Website!<\/p>\n\t\t\t\t\t\t\t\t<\/div>\n\t\t\t\t<\/div>\n\t\t\t\t\t<\/div>\n\t\t\t\t<\/div>\n\t\t<div class=\"elementor-element elementor-element-bbb03a8 e-flex e-con-boxed e-con e-child\" data-id=\"bbb03a8\" data-element_type=\"container\" data-e-type=\"container\">\n\t\t\t\t\t<div class=\"e-con-inner\">\n\t\t\t\t<div class=\"elementor-element elementor-element-665aa1a elementor-widget elementor-widget-image\" data-id=\"665aa1a\" data-element_type=\"widget\" data-e-type=\"widget\" data-widget_type=\"image.default\">\n\t\t\t\t<div class=\"elementor-widget-container\">\n\t\t\t\t\t\t\t\t\t\t\t\t\t\t\t<img fetchpriority=\"high\" decoding=\"async\" width=\"805\" height=\"1200\" src=\"https:\/\/veltmanmachines.com\/wp-content\/uploads\/2024\/02\/DSC09734.jpg\" class=\"attachment-full size-full wp-image-2055\" alt=\"\" srcset=\"https:\/\/veltmanmachines.com\/wp-content\/uploads\/2024\/02\/DSC09734.jpg 805w, https:\/\/veltmanmachines.com\/wp-content\/uploads\/2024\/02\/DSC09734-201x300.jpg 201w, https:\/\/veltmanmachines.com\/wp-content\/uploads\/2024\/02\/DSC09734-687x1024.jpg 687w, https:\/\/veltmanmachines.com\/wp-content\/uploads\/2024\/02\/DSC09734-768x1145.jpg 768w, https:\/\/veltmanmachines.com\/wp-content\/uploads\/2024\/02\/DSC09734-600x894.jpg 600w\" sizes=\"(max-width: 805px) 100vw, 805px\" \/>\t\t\t\t\t\t\t\t\t\t\t\t\t\t\t<\/div>\n\t\t\t\t<\/div>\n\t\t\t\t\t<\/div>\n\t\t\t\t<\/div>\n\t\t\t\t\t<\/div>\n\t\t\t\t<\/div>\n\t\t<div class=\"elementor-element elementor-element-b4f8fac e-flex e-con-boxed e-con e-parent\" data-id=\"b4f8fac\" data-element_type=\"container\" data-e-type=\"container\">\n\t\t\t\t\t<div class=\"e-con-inner\">\n\t\t<div class=\"elementor-element elementor-element-0a45870 e-flex e-con-boxed e-con e-child\" data-id=\"0a45870\" data-element_type=\"container\" data-e-type=\"container\">\n\t\t\t\t\t<div class=\"e-con-inner\">\n\t\t\t\t<div class=\"elementor-element elementor-element-cfdcbee elementor-widget elementor-widget-heading\" data-id=\"cfdcbee\" data-element_type=\"widget\" data-e-type=\"widget\" data-widget_type=\"heading.default\">\n\t\t\t\t<div class=\"elementor-widget-container\">\n\t\t\t\t\t<h2 class=\"elementor-heading-title elementor-size-default\">Deutsche Pr\u00e4zision<\/h2>\t\t\t\t<\/div>\n\t\t\t\t<\/div>\n\t\t\t\t<div class=\"elementor-element elementor-element-562d952 elementor-widget elementor-widget-text-editor\" data-id=\"562d952\" data-element_type=\"widget\" data-e-type=\"widget\" data-widget_type=\"text-editor.default\">\n\t\t\t\t<div class=\"elementor-widget-container\">\n\t\t\t\t\t\t\t\t\t<p>Es ist keine \u00dcberraschung, dass die deutsche Marke Thiel seit \u00fcber 100 Jahren Maschinen herstellt. Eine Thiel-Fr\u00e4smaschine ist ein Synonym f\u00fcr Pr\u00e4zisionsarbeit und Handwerkskunst. Damit das auch in Zukunft so bleibt, warten und reinigen wir bei Veltman Machines alle Thiel-Fr\u00e4smaschinen, die bei uns ankommen. So ist sichergestellt, dass ein Original Thiel-Ger\u00e4t viele Jahre in der Praxis h\u00e4lt.<\/p>\n<p>Zu den von uns vertriebenen Modellen geh\u00f6ren der Thiel TH140, TH150, Duplex 155 und Duplex 159. Die TH140 und TH150 sind die neueren und kleineren Fr\u00e4smaschinen, die alles haben, was Sie brauchen. Denken Sie an Iso 40, 3-Achsen-Vorschub, Eilgang und Bohrpinole. Wir unterst\u00fctzen Sie gerne bei der Auswahl einer Thiel-Fr\u00e4smaschine.<\/p>\n\t\t\t\t\t\t\t\t<\/div>\n\t\t\t\t<\/div>\n\t\t\t\t<div class=\"elementor-element elementor-element-6a30cde elementor-widget elementor-widget-heading\" data-id=\"6a30cde\" data-element_type=\"widget\" data-e-type=\"widget\" data-widget_type=\"heading.default\">\n\t\t\t\t<div class=\"elementor-widget-container\">\n\t\t\t\t\t<h3 class=\"elementor-heading-title elementor-size-default\">Gro\u00dfe Auswahl an Maschinen!<\/h3>\t\t\t\t<\/div>\n\t\t\t\t<\/div>\n\t\t\t\t<div class=\"elementor-element elementor-element-6a8f0ea elementor-widget elementor-widget-text-editor\" data-id=\"6a8f0ea\" data-element_type=\"widget\" data-e-type=\"widget\" data-widget_type=\"text-editor.default\">\n\t\t\t\t<div class=\"elementor-widget-container\">\n\t\t\t\t\t\t\t\t\t<p>Neben den Thiel-Fr\u00e4smaschinen verf\u00fcgt Veltman Machines \u00fcber ein breites Angebot an Gebrauchtmaschinen. Unsere Maschinen bestehen haupts\u00e4chlich aus Fr\u00e4smaschinen, <a href=\"https:\/\/veltmanmachines.com\/product-category\/lathes\/\">Drehmaschinen<\/a>, S\u00e4gemaschinen, <a href=\"https:\/\/veltmanmachines.com\/product-category\/drilling-machines\/\">Bohrmaschinen<\/a>, R\u00e4ummaschinen, Stanzmaschinen und Schleifmaschinen. Wir sind auch in der Lage, diverses Zubeh\u00f6r f\u00fcr unsere Maschinen zu liefern.<\/p>\n<p>Wenn Sie sich f\u00fcr eine Thiel-Fr\u00e4smaschine von Veltman Machines entschieden haben, aber nicht sicher sind, wie Sie vorgehen sollen, ist das kein Problem. Da wir seit Jahren gebrauchte Maschinen verkaufen, wissen wir genau, worauf wir achten m\u00fcssen, und wir helfen Ihnen gerne bei Papierkram, Verpackung und Versand.<\/p>\n\t\t\t\t\t\t\t\t<\/div>\n\t\t\t\t<\/div>\n\t\t\t\t<div class=\"elementor-element elementor-element-ca57439 elementor-widget elementor-widget-heading\" data-id=\"ca57439\" data-element_type=\"widget\" data-e-type=\"widget\" data-widget_type=\"heading.default\">\n\t\t\t\t<div class=\"elementor-widget-container\">\n\t\t\t\t\t<h3 class=\"elementor-heading-title elementor-size-default\">Weltweiter Versand<\/h3>\t\t\t\t<\/div>\n\t\t\t\t<\/div>\n\t\t\t\t<div class=\"elementor-element elementor-element-9686e46 elementor-widget elementor-widget-text-editor\" data-id=\"9686e46\" data-element_type=\"widget\" data-e-type=\"widget\" data-widget_type=\"text-editor.default\">\n\t\t\t\t<div class=\"elementor-widget-container\">\n\t\t\t\t\t\t\t\t\t<p>Dank unserer Erfahrung konnten wir f\u00fcr Dutzende von Maschinen ein neues Zuhause finden. Diese Maschinen befinden sich in der ganzen Welt. Neben Europa liefern wir auch nach: USA, Australien, Kanada, Mexiko, Indien, Russland, Sri Lanka, S\u00fcdafrika, \u00c4gypten, Israel, Taiwan, T\u00fcrkei und mehr. Au\u00dferdem gew\u00e4hren wir standardm\u00e4\u00dfig eine 3-monatige Garantie auf alle unsere Maschinen aus unserer Werkstatt. Wenn also etwas passiert, k\u00fcmmert sich Veltman Machines darum!<\/p>\n\t\t\t\t\t\t\t\t<\/div>\n\t\t\t\t<\/div>\n\t\t\t\t\t<\/div>\n\t\t\t\t<\/div>\n\t\t\t\t\t<\/div>\n\t\t\t\t<\/div>\n\t\t<div class=\"elementor-element elementor-element-af4c716 elementor-hidden-desktop elementor-hidden-tablet elementor-hidden-mobile e-flex e-con-boxed e-con e-parent\" data-id=\"af4c716\" data-element_type=\"container\" data-e-type=\"container\">\n\t\t\t\t\t<div class=\"e-con-inner\">\n\t\t<div class=\"elementor-element elementor-element-712c84a e-flex e-con-boxed e-con e-child\" data-id=\"712c84a\" data-element_type=\"container\" data-e-type=\"container\">\n\t\t\t\t\t<div class=\"e-con-inner\">\n\t\t\t\t<div class=\"elementor-element elementor-element-987a4e8 elementor-position-top elementor-widget elementor-widget-image-box\" data-id=\"987a4e8\" data-element_type=\"widget\" data-e-type=\"widget\" data-widget_type=\"image-box.default\">\n\t\t\t\t<div class=\"elementor-widget-container\">\n\t\t\t\t\t<div class=\"elementor-image-box-wrapper\"><figure class=\"elementor-image-box-img\"><img decoding=\"async\" src=\"https:\/\/veltmanmachines.com\/wp-content\/uploads\/2024\/01\/mingcute_search-line-2.png\" title=\"\" alt=\"\" loading=\"lazy\" \/><\/figure><div class=\"elementor-image-box-content\"><h3 class=\"elementor-image-box-title\">h3<\/h3><p class=\"elementor-image-box-description\">Lorem ipsum dolor sit amet, consectetur adipiscing elit. Ut elit tellus, luctus nec ullamcorper mattis, pulvinar dapibus leo.<\/p><\/div><\/div>\t\t\t\t<\/div>\n\t\t\t\t<\/div>\n\t\t\t\t\t<\/div>\n\t\t\t\t<\/div>\n\t\t<div class=\"elementor-element elementor-element-23c26f9 e-flex e-con-boxed e-con e-child\" data-id=\"23c26f9\" data-element_type=\"container\" data-e-type=\"container\">\n\t\t\t\t\t<div class=\"e-con-inner\">\n\t\t\t\t<div class=\"elementor-element elementor-element-34ff871 elementor-position-top elementor-widget elementor-widget-image-box\" data-id=\"34ff871\" data-element_type=\"widget\" data-e-type=\"widget\" data-widget_type=\"image-box.default\">\n\t\t\t\t<div class=\"elementor-widget-container\">\n\t\t\t\t\t<div class=\"elementor-image-box-wrapper\"><figure class=\"elementor-image-box-img\"><img decoding=\"async\" src=\"https:\/\/veltmanmachines.com\/wp-content\/uploads\/2024\/01\/mingcute_search-line-1.png\" title=\"\" alt=\"\" loading=\"lazy\" \/><\/figure><div class=\"elementor-image-box-content\"><h3 class=\"elementor-image-box-title\">h3<\/h3><p class=\"elementor-image-box-description\">Lorem ipsum dolor sit amet, consectetur adipiscing elit. Ut elit tellus, luctus nec ullamcorper mattis, pulvinar dapibus leo.<\/p><\/div><\/div>\t\t\t\t<\/div>\n\t\t\t\t<\/div>\n\t\t\t\t\t<\/div>\n\t\t\t\t<\/div>\n\t\t<div class=\"elementor-element elementor-element-9359ff0 e-flex e-con-boxed e-con e-child\" data-id=\"9359ff0\" data-element_type=\"container\" data-e-type=\"container\">\n\t\t\t\t\t<div class=\"e-con-inner\">\n\t\t\t\t<div class=\"elementor-element elementor-element-769e0ba elementor-position-top elementor-widget elementor-widget-image-box\" data-id=\"769e0ba\" data-element_type=\"widget\" data-e-type=\"widget\" data-widget_type=\"image-box.default\">\n\t\t\t\t<div class=\"elementor-widget-container\">\n\t\t\t\t\t<div class=\"elementor-image-box-wrapper\"><figure class=\"elementor-image-box-img\"><img decoding=\"async\" src=\"https:\/\/veltmanmachines.com\/wp-content\/uploads\/2024\/01\/mingcute_search-line.png\" title=\"\" alt=\"\" loading=\"lazy\" \/><\/figure><div class=\"elementor-image-box-content\"><h3 class=\"elementor-image-box-title\">h3<\/h3><p class=\"elementor-image-box-description\">Lorem ipsum dolor sit amet, consectetur adipiscing elit. Ut elit tellus, luctus nec ullamcorper mattis, pulvinar dapibus leo.<\/p><\/div><\/div>\t\t\t\t<\/div>\n\t\t\t\t<\/div>\n\t\t\t\t\t<\/div>\n\t\t\t\t<\/div>\n\t\t<div class=\"elementor-element elementor-element-c7beee4 e-flex e-con-boxed e-con e-child\" data-id=\"c7beee4\" data-element_type=\"container\" data-e-type=\"container\">\n\t\t\t\t\t<div class=\"e-con-inner\">\n\t\t\t\t<div class=\"elementor-element elementor-element-396a791 elementor-position-top elementor-widget elementor-widget-image-box\" data-id=\"396a791\" data-element_type=\"widget\" data-e-type=\"widget\" data-widget_type=\"image-box.default\">\n\t\t\t\t<div class=\"elementor-widget-container\">\n\t\t\t\t\t<div class=\"elementor-image-box-wrapper\"><figure class=\"elementor-image-box-img\"><img decoding=\"async\" src=\"https:\/\/veltmanmachines.com\/wp-content\/uploads\/2024\/01\/mingcute_search-line-3.png\" title=\"\" alt=\"\" loading=\"lazy\" \/><\/figure><div class=\"elementor-image-box-content\"><h3 class=\"elementor-image-box-title\">h3<\/h3><p class=\"elementor-image-box-description\">Lorem ipsum dolor sit amet, consectetur adipiscing elit. Ut elit tellus, luctus nec ullamcorper mattis, pulvinar dapibus leo.<\/p><\/div><\/div>\t\t\t\t<\/div>\n\t\t\t\t<\/div>\n\t\t\t\t\t<\/div>\n\t\t\t\t<\/div>\n\t\t\t\t\t<\/div>\n\t\t\t\t<\/div>\n\t\t\t\t<\/div>\n\t\t","protected":false},"excerpt":{"rendered":"<p>Thiel Sie sind auf der Suche nach einer Universalfr\u00e4smaschine von Thiel? Dann sind Sie bei Veltman Machines an der richtigen Adresse! Wir bieten in der Regel mehrere Typen von Thiel-Fr\u00e4smaschinen zu einem g\u00fcnstigen Preis an. Sowohl regul\u00e4re Thiel-Fr\u00e4smaschinen als auch die Duplex-Modelle sind bei uns erh\u00e4ltlich. Informieren Sie sich schnell \u00fcber unser Angebot an Thiel [&hellip;]<\/p>\n","protected":false},"author":1,"featured_media":0,"parent":0,"menu_order":0,"comment_status":"closed","ping_status":"closed","template":"","meta":{"_acf_changed":false,"site-sidebar-layout":"no-sidebar","site-content-layout":"","ast-site-content-layout":"full-width-container","site-content-style":"default","site-sidebar-style":"default","ast-global-header-display":"","ast-banner-title-visibility":"","ast-main-header-display":"","ast-hfb-above-header-display":"","ast-hfb-below-header-display":"","ast-hfb-mobile-header-display":"","site-post-title":"disabled","ast-breadcrumbs-content":"","ast-featured-img":"disabled","footer-sml-layout":"","theme-transparent-header-meta":"","adv-header-id-meta":"","stick-header-meta":"","header-above-stick-meta":"","header-main-stick-meta":"","header-below-stick-meta":"","astra-migrate-meta-layouts":"default","ast-page-background-enabled":"default","ast-page-background-meta":{"desktop":{"background-color":"var(--ast-global-color-4)","background-image":"","background-repeat":"repeat","background-position":"center center","background-size":"auto","background-attachment":"scroll","background-type":"","background-media":"","overlay-type":"","overlay-color":"","overlay-opacity":"","overlay-gradient":""},"tablet":{"background-color":"","background-image":"","background-repeat":"repeat","background-position":"center center","background-size":"auto","background-attachment":"scroll","background-type":"","background-media":"","overlay-type":"","overlay-color":"","overlay-opacity":"","overlay-gradient":""},"mobile":{"background-color":"","background-image":"","background-repeat":"repeat","background-position":"center center","background-size":"auto","background-attachment":"scroll","background-type":"","background-media":"","overlay-type":"","overlay-color":"","overlay-opacity":"","overlay-gradient":""}},"ast-content-background-meta":{"desktop":{"background-color":"var(--ast-global-color-5)","background-image":"","background-repeat":"repeat","background-position":"center center","background-size":"auto","background-attachment":"scroll","background-type":"","background-media":"","overlay-type":"","overlay-color":"","overlay-opacity":"","overlay-gradient":""},"tablet":{"background-color":"var(--ast-global-color-5)","background-image":"","background-repeat":"repeat","background-position":"center center","background-size":"auto","background-attachment":"scroll","background-type":"","background-media":"","overlay-type":"","overlay-color":"","overlay-opacity":"","overlay-gradient":""},"mobile":{"background-color":"var(--ast-global-color-5)","background-image":"","background-repeat":"repeat","background-position":"center center","background-size":"auto","background-attachment":"scroll","background-type":"","background-media":"","overlay-type":"","overlay-color":"","overlay-opacity":"","overlay-gradient":""}},"footnotes":""},"class_list":["post-2115","page","type-page","status-publish","hentry"],"acf":[],"yoast_head":"<!-- This site is optimized with the Yoast SEO plugin v27.3 - https:\/\/yoast.com\/product\/yoast-seo-wordpress\/ -->\n<title>Thiel - Veltmanmachines<\/title>\n<meta name=\"description\" content=\"Thiel universal Fr\u00e4smaschinen von Veltman Machines in Oistewijk. Nehmen Sie Kontakt mit uns auf oder sehen Sie sich unsere j\u00fcngsten Neuzug\u00e4nge im Bestand an\" \/>\n<meta name=\"robots\" content=\"index, follow, max-snippet:-1, max-image-preview:large, max-video-preview:-1\" \/>\n<link rel=\"canonical\" href=\"https:\/\/veltmanmachines.com\/de\/?page_id=2115\" \/>\n<meta property=\"og:locale\" content=\"de_DE\" \/>\n<meta property=\"og:type\" content=\"article\" \/>\n<meta property=\"og:title\" content=\"Thiel - Veltmanmachines\" \/>\n<meta property=\"og:description\" content=\"Thiel universal Fr\u00e4smaschinen von Veltman Machines in Oistewijk. Nehmen Sie Kontakt mit uns auf oder sehen Sie sich unsere j\u00fcngsten Neuzug\u00e4nge im Bestand an\" \/>\n<meta property=\"og:url\" content=\"https:\/\/veltmanmachines.com\/de\/?page_id=2115\" \/>\n<meta property=\"og:site_name\" content=\"Veltmanmachines\" \/>\n<meta property=\"article:modified_time\" content=\"2024-02-13T17:36:17+00:00\" \/>\n<meta property=\"og:image\" content=\"https:\/\/veltmanmachines.com\/wp-content\/uploads\/2024\/02\/DSC09734.jpg\" \/>\n<meta name=\"twitter:card\" content=\"summary_large_image\" \/>\n<meta name=\"twitter:label1\" content=\"Gesch\u00e4tzte Lesezeit\" \/>\n\t<meta name=\"twitter:data1\" content=\"2\u00a0Minuten\" \/>\n<script type=\"application\/ld+json\" class=\"yoast-schema-graph\">{\"@context\":\"https:\\\/\\\/schema.org\",\"@graph\":[{\"@type\":\"WebPage\",\"@id\":\"https:\\\/\\\/veltmanmachines.com\\\/de\\\/?page_id=2115\",\"url\":\"https:\\\/\\\/veltmanmachines.com\\\/de\\\/?page_id=2115\",\"name\":\"Thiel - Veltmanmachines\",\"isPartOf\":{\"@id\":\"https:\\\/\\\/veltmanmachines.com\\\/#website\"},\"primaryImageOfPage\":{\"@id\":\"https:\\\/\\\/veltmanmachines.com\\\/de\\\/?page_id=2115#primaryimage\"},\"image\":{\"@id\":\"https:\\\/\\\/veltmanmachines.com\\\/de\\\/?page_id=2115#primaryimage\"},\"thumbnailUrl\":\"https:\\\/\\\/veltmanmachines.com\\\/wp-content\\\/uploads\\\/2024\\\/02\\\/DSC09734.jpg\",\"datePublished\":\"2024-01-28T10:50:55+00:00\",\"dateModified\":\"2024-02-13T17:36:17+00:00\",\"description\":\"Thiel universal Fr\u00e4smaschinen von Veltman Machines in Oistewijk. Nehmen Sie Kontakt mit uns auf oder sehen Sie sich unsere j\u00fcngsten Neuzug\u00e4nge im Bestand an\",\"breadcrumb\":{\"@id\":\"https:\\\/\\\/veltmanmachines.com\\\/de\\\/?page_id=2115#breadcrumb\"},\"inLanguage\":\"de\",\"potentialAction\":[{\"@type\":\"ReadAction\",\"target\":[\"https:\\\/\\\/veltmanmachines.com\\\/de\\\/?page_id=2115\"]}]},{\"@type\":\"ImageObject\",\"inLanguage\":\"de\",\"@id\":\"https:\\\/\\\/veltmanmachines.com\\\/de\\\/?page_id=2115#primaryimage\",\"url\":\"https:\\\/\\\/veltmanmachines.com\\\/wp-content\\\/uploads\\\/2024\\\/02\\\/DSC09734.jpg\",\"contentUrl\":\"https:\\\/\\\/veltmanmachines.com\\\/wp-content\\\/uploads\\\/2024\\\/02\\\/DSC09734.jpg\"},{\"@type\":\"BreadcrumbList\",\"@id\":\"https:\\\/\\\/veltmanmachines.com\\\/de\\\/?page_id=2115#breadcrumb\",\"itemListElement\":[{\"@type\":\"ListItem\",\"position\":1,\"name\":\"Home\",\"item\":\"https:\\\/\\\/veltmanmachines.com\\\/\"},{\"@type\":\"ListItem\",\"position\":2,\"name\":\"Thiel\"}]},{\"@type\":\"WebSite\",\"@id\":\"https:\\\/\\\/veltmanmachines.com\\\/#website\",\"url\":\"https:\\\/\\\/veltmanmachines.com\\\/\",\"name\":\"Veltman machines\",\"description\":\"\",\"publisher\":{\"@id\":\"https:\\\/\\\/veltmanmachines.com\\\/#organization\"},\"potentialAction\":[{\"@type\":\"SearchAction\",\"target\":{\"@type\":\"EntryPoint\",\"urlTemplate\":\"https:\\\/\\\/veltmanmachines.com\\\/?s={search_term_string}\"},\"query-input\":{\"@type\":\"PropertyValueSpecification\",\"valueRequired\":true,\"valueName\":\"search_term_string\"}}],\"inLanguage\":\"de\"},{\"@type\":\"Organization\",\"@id\":\"https:\\\/\\\/veltmanmachines.com\\\/#organization\",\"name\":\"Veltman machines\",\"url\":\"https:\\\/\\\/veltmanmachines.com\\\/\",\"logo\":{\"@type\":\"ImageObject\",\"inLanguage\":\"de\",\"@id\":\"https:\\\/\\\/veltmanmachines.com\\\/#\\\/schema\\\/logo\\\/image\\\/\",\"url\":\"https:\\\/\\\/veltmanmachines.com\\\/wp-content\\\/uploads\\\/2023\\\/09\\\/top.gif\",\"contentUrl\":\"https:\\\/\\\/veltmanmachines.com\\\/wp-content\\\/uploads\\\/2023\\\/09\\\/top.gif\",\"width\":363,\"height\":97,\"caption\":\"Veltman machines\"},\"image\":{\"@id\":\"https:\\\/\\\/veltmanmachines.com\\\/#\\\/schema\\\/logo\\\/image\\\/\"},\"sameAs\":[\"https:\\\/\\\/www.youtube.com\\\/@veltmanmachines7902\"]}]}<\/script>\n<!-- \/ Yoast SEO plugin. -->","yoast_head_json":{"title":"Thiel - Veltmanmachines","description":"Thiel universal Fr\u00e4smaschinen von Veltman Machines in Oistewijk. Nehmen Sie Kontakt mit uns auf oder sehen Sie sich unsere j\u00fcngsten Neuzug\u00e4nge im Bestand an","robots":{"index":"index","follow":"follow","max-snippet":"max-snippet:-1","max-image-preview":"max-image-preview:large","max-video-preview":"max-video-preview:-1"},"canonical":"https:\/\/veltmanmachines.com\/de\/?page_id=2115","og_locale":"de_DE","og_type":"article","og_title":"Thiel - Veltmanmachines","og_description":"Thiel universal Fr\u00e4smaschinen von Veltman Machines in Oistewijk. Nehmen Sie Kontakt mit uns auf oder sehen Sie sich unsere j\u00fcngsten Neuzug\u00e4nge im Bestand an","og_url":"https:\/\/veltmanmachines.com\/de\/?page_id=2115","og_site_name":"Veltmanmachines","article_modified_time":"2024-02-13T17:36:17+00:00","og_image":[{"url":"https:\/\/veltmanmachines.com\/wp-content\/uploads\/2024\/02\/DSC09734.jpg","type":"","width":"","height":""}],"twitter_card":"summary_large_image","twitter_misc":{"Gesch\u00e4tzte Lesezeit":"2\u00a0Minuten"},"schema":{"@context":"https:\/\/schema.org","@graph":[{"@type":"WebPage","@id":"https:\/\/veltmanmachines.com\/de\/?page_id=2115","url":"https:\/\/veltmanmachines.com\/de\/?page_id=2115","name":"Thiel - Veltmanmachines","isPartOf":{"@id":"https:\/\/veltmanmachines.com\/#website"},"primaryImageOfPage":{"@id":"https:\/\/veltmanmachines.com\/de\/?page_id=2115#primaryimage"},"image":{"@id":"https:\/\/veltmanmachines.com\/de\/?page_id=2115#primaryimage"},"thumbnailUrl":"https:\/\/veltmanmachines.com\/wp-content\/uploads\/2024\/02\/DSC09734.jpg","datePublished":"2024-01-28T10:50:55+00:00","dateModified":"2024-02-13T17:36:17+00:00","description":"Thiel universal Fr\u00e4smaschinen von Veltman Machines in Oistewijk. Nehmen Sie Kontakt mit uns auf oder sehen Sie sich unsere j\u00fcngsten Neuzug\u00e4nge im Bestand an","breadcrumb":{"@id":"https:\/\/veltmanmachines.com\/de\/?page_id=2115#breadcrumb"},"inLanguage":"de","potentialAction":[{"@type":"ReadAction","target":["https:\/\/veltmanmachines.com\/de\/?page_id=2115"]}]},{"@type":"ImageObject","inLanguage":"de","@id":"https:\/\/veltmanmachines.com\/de\/?page_id=2115#primaryimage","url":"https:\/\/veltmanmachines.com\/wp-content\/uploads\/2024\/02\/DSC09734.jpg","contentUrl":"https:\/\/veltmanmachines.com\/wp-content\/uploads\/2024\/02\/DSC09734.jpg"},{"@type":"BreadcrumbList","@id":"https:\/\/veltmanmachines.com\/de\/?page_id=2115#breadcrumb","itemListElement":[{"@type":"ListItem","position":1,"name":"Home","item":"https:\/\/veltmanmachines.com\/"},{"@type":"ListItem","position":2,"name":"Thiel"}]},{"@type":"WebSite","@id":"https:\/\/veltmanmachines.com\/#website","url":"https:\/\/veltmanmachines.com\/","name":"Veltman machines","description":"","publisher":{"@id":"https:\/\/veltmanmachines.com\/#organization"},"potentialAction":[{"@type":"SearchAction","target":{"@type":"EntryPoint","urlTemplate":"https:\/\/veltmanmachines.com\/?s={search_term_string}"},"query-input":{"@type":"PropertyValueSpecification","valueRequired":true,"valueName":"search_term_string"}}],"inLanguage":"de"},{"@type":"Organization","@id":"https:\/\/veltmanmachines.com\/#organization","name":"Veltman machines","url":"https:\/\/veltmanmachines.com\/","logo":{"@type":"ImageObject","inLanguage":"de","@id":"https:\/\/veltmanmachines.com\/#\/schema\/logo\/image\/","url":"https:\/\/veltmanmachines.com\/wp-content\/uploads\/2023\/09\/top.gif","contentUrl":"https:\/\/veltmanmachines.com\/wp-content\/uploads\/2023\/09\/top.gif","width":363,"height":97,"caption":"Veltman machines"},"image":{"@id":"https:\/\/veltmanmachines.com\/#\/schema\/logo\/image\/"},"sameAs":["https:\/\/www.youtube.com\/@veltmanmachines7902"]}]}},"_links":{"self":[{"href":"https:\/\/veltmanmachines.com\/de\/wp-json\/wp\/v2\/pages\/2115","targetHints":{"allow":["GET"]}}],"collection":[{"href":"https:\/\/veltmanmachines.com\/de\/wp-json\/wp\/v2\/pages"}],"about":[{"href":"https:\/\/veltmanmachines.com\/de\/wp-json\/wp\/v2\/types\/page"}],"author":[{"embeddable":true,"href":"https:\/\/veltmanmachines.com\/de\/wp-json\/wp\/v2\/users\/1"}],"replies":[{"embeddable":true,"href":"https:\/\/veltmanmachines.com\/de\/wp-json\/wp\/v2\/comments?post=2115"}],"version-history":[{"count":2,"href":"https:\/\/veltmanmachines.com\/de\/wp-json\/wp\/v2\/pages\/2115\/revisions"}],"predecessor-version":[{"id":2117,"href":"https:\/\/veltmanmachines.com\/de\/wp-json\/wp\/v2\/pages\/2115\/revisions\/2117"}],"wp:attachment":[{"href":"https:\/\/veltmanmachines.com\/de\/wp-json\/wp\/v2\/media?parent=2115"}],"curies":[{"name":"wp","href":"https:\/\/api.w.org\/{rel}","templated":true}]}}