{"id":2118,"date":"2024-01-28T10:57:51","date_gmt":"2024-01-28T10:57:51","guid":{"rendered":"https:\/\/veltmanmachines.com\/gebrauchte-fraesmaschinen\/"},"modified":"2024-02-13T17:36:18","modified_gmt":"2024-02-13T17:36:18","slug":"gebrauchte-fraesmaschinen","status":"publish","type":"page","link":"https:\/\/veltmanmachines.com\/de\/gebrauchte-fraesmaschinen\/","title":{"rendered":"Gebrauchte Fr\u00e4smaschinen"},"content":{"rendered":"\t\t<div data-elementor-type=\"wp-page\" data-elementor-id=\"2118\" class=\"elementor elementor-2118 elementor-687\" data-elementor-post-type=\"page\">\n\t\t\t\t<div class=\"elementor-element elementor-element-2f88690 e-flex e-con-boxed e-con e-parent\" data-id=\"2f88690\" data-element_type=\"container\" data-e-type=\"container\">\n\t\t\t\t\t<div class=\"e-con-inner\">\n\t\t<div class=\"elementor-element elementor-element-f703bdc e-flex e-con-boxed e-con e-child\" data-id=\"f703bdc\" data-element_type=\"container\" data-e-type=\"container\">\n\t\t\t\t\t<div class=\"e-con-inner\">\n\t\t\t\t<div class=\"elementor-element elementor-element-4618073 elementor-widget elementor-widget-heading\" data-id=\"4618073\" data-element_type=\"widget\" data-e-type=\"widget\" data-widget_type=\"heading.default\">\n\t\t\t\t<div class=\"elementor-widget-container\">\n\t\t\t\t\t<h1 class=\"elementor-heading-title elementor-size-default\">Gebrauchte Fr\u00e4smaschinen<\/h1>\t\t\t\t<\/div>\n\t\t\t\t<\/div>\n\t\t\t\t<div class=\"elementor-element elementor-element-3dca271 elementor-widget elementor-widget-text-editor\" data-id=\"3dca271\" data-element_type=\"widget\" data-e-type=\"widget\" data-widget_type=\"text-editor.default\">\n\t\t\t\t<div class=\"elementor-widget-container\">\n\t\t\t\t\t\t\t\t\t<p>Der Kauf einer gebrauchten Fr\u00e4smaschine kann sowohl f\u00fcr Unternehmen als auch f\u00fcr Privatpersonen, die eine hochwertige Maschine zu einem fairen Preis suchen, eine gute Wahl sein. Bei Veltman Machines haben wir eine gro\u00dfe Auswahl an gebrauchten Fr\u00e4smaschinen, die h\u00f6chsten Qualit\u00e4tsanspr\u00fcchen gen\u00fcgen. Au\u00dferdem arbeiten wir haupts\u00e4chlich mit hochwertigen Marken wie Mikron, Deckel, Aciera, Schaublin, Jung, This, Weiler, Emco und Hardinge.<\/p>\n<p>Wenn Sie eine gebrauchte Fr\u00e4smaschine kaufen, profitieren Sie von vielen Vorteilen. Erstens: Sie sparen erheblich an Kosten. Neue Fr\u00e4smaschinen k\u00f6nnen recht kostspielig sein, vor allem f\u00fcr neu gegr\u00fcndete Unternehmen oder Bastler. Wenn Sie sich f\u00fcr eine gebrauchte Maschine entscheiden, erhalten Sie die gleiche Funktionalit\u00e4t und Qualit\u00e4t zu einem Bruchteil des Preises.<\/p>\n\t\t\t\t\t\t\t\t<\/div>\n\t\t\t\t<\/div>\n\t\t\t\t\t<\/div>\n\t\t\t\t<\/div>\n\t\t<div class=\"elementor-element elementor-element-bbb03a8 e-flex e-con-boxed e-con e-child\" data-id=\"bbb03a8\" data-element_type=\"container\" data-e-type=\"container\">\n\t\t\t\t\t<div class=\"e-con-inner\">\n\t\t\t\t<div class=\"elementor-element elementor-element-665aa1a elementor-widget elementor-widget-image\" data-id=\"665aa1a\" data-element_type=\"widget\" data-e-type=\"widget\" data-widget_type=\"image.default\">\n\t\t\t\t<div class=\"elementor-widget-container\">\n\t\t\t\t\t\t\t\t\t\t\t\t\t\t\t<img fetchpriority=\"high\" decoding=\"async\" width=\"796\" height=\"1200\" src=\"https:\/\/veltmanmachines.com\/wp-content\/uploads\/2024\/01\/Bridgeport-16.jpg\" class=\"attachment-full size-full wp-image-1133\" alt=\"\" srcset=\"https:\/\/veltmanmachines.com\/wp-content\/uploads\/2024\/01\/Bridgeport-16.jpg 796w, https:\/\/veltmanmachines.com\/wp-content\/uploads\/2024\/01\/Bridgeport-16-600x905.jpg 600w, https:\/\/veltmanmachines.com\/wp-content\/uploads\/2024\/01\/Bridgeport-16-199x300.jpg 199w, https:\/\/veltmanmachines.com\/wp-content\/uploads\/2024\/01\/Bridgeport-16-679x1024.jpg 679w, https:\/\/veltmanmachines.com\/wp-content\/uploads\/2024\/01\/Bridgeport-16-768x1158.jpg 768w\" sizes=\"(max-width: 796px) 100vw, 796px\" \/>\t\t\t\t\t\t\t\t\t\t\t\t\t\t\t<\/div>\n\t\t\t\t<\/div>\n\t\t\t\t\t<\/div>\n\t\t\t\t<\/div>\n\t\t\t\t\t<\/div>\n\t\t\t\t<\/div>\n\t\t<div class=\"elementor-element elementor-element-b4f8fac e-flex e-con-boxed e-con e-parent\" data-id=\"b4f8fac\" data-element_type=\"container\" data-e-type=\"container\">\n\t\t\t\t\t<div class=\"e-con-inner\">\n\t\t<div class=\"elementor-element elementor-element-0a45870 e-flex e-con-boxed e-con e-child\" data-id=\"0a45870\" data-element_type=\"container\" data-e-type=\"container\">\n\t\t\t\t\t<div class=\"e-con-inner\">\n\t\t\t\t<div class=\"elementor-element elementor-element-cfdcbee elementor-widget elementor-widget-heading\" data-id=\"cfdcbee\" data-element_type=\"widget\" data-e-type=\"widget\" data-widget_type=\"heading.default\">\n\t\t\t\t<div class=\"elementor-widget-container\">\n\t\t\t\t\t<h2 class=\"elementor-heading-title elementor-size-default\">In bestem Zustand<\/h2>\t\t\t\t<\/div>\n\t\t\t\t<\/div>\n\t\t\t\t<div class=\"elementor-element elementor-element-562d952 elementor-widget elementor-widget-text-editor\" data-id=\"562d952\" data-element_type=\"widget\" data-e-type=\"widget\" data-widget_type=\"text-editor.default\">\n\t\t\t\t<div class=\"elementor-widget-container\">\n\t\t\t\t\t\t\t\t\t<p>Dar\u00fcber hinaus werden die gebrauchten Fr\u00e4smaschinen bei Veltman Machines gr\u00fcndlich inspiziert und getestet, um sicherzustellen, dass sie sich noch in einem ausgezeichneten Zustand befinden. Wenn alles in Ordnung ist, wird auch alles ordentlich gereinigt. So k\u00f6nnen Sie sich darauf verlassen, ein zuverl\u00e4ssiges Ger\u00e4t zu erhalten, das lange h\u00e4lt.<\/p>\n<p>Bei Veltman Machines sind wir bestrebt, unseren Kunden den bestm\u00f6glichen Service zu bieten. Wir helfen Ihnen gerne dabei, den Papierkram gr\u00fcndlich zu erledigen, die Maschinen zu verpacken und zu versenden. F\u00fcr diesen Service ist Veltman Machines bekannt.<\/p>\n<p>Wenn Sie also auf der Suche nach einer hochwertigen gebrauchten Fr\u00e4smaschine sind, sind Sie bei Veltman Machines an der richtigen Adresse. Mit unserer gro\u00dfen Auswahl, unserem gr\u00fcndlichen Pr\u00fcfverfahren und unserem ausgezeichneten Service k\u00f6nnen Sie sicher sein, dass Sie die richtige Maschine finden, die alle Ihre Anforderungen erf\u00fcllt. Nehmen Sie noch heute Kontakt mit uns auf und entdecken Sie unser breites Angebot an gebrauchten Fr\u00e4smaschinen bei Veltman Machines!<\/p>\n\t\t\t\t\t\t\t\t<\/div>\n\t\t\t\t<\/div>\n\t\t\t\t\t<\/div>\n\t\t\t\t<\/div>\n\t\t\t\t\t<\/div>\n\t\t\t\t<\/div>\n\t\t<div class=\"elementor-element elementor-element-af4c716 elementor-hidden-desktop elementor-hidden-tablet elementor-hidden-mobile e-flex e-con-boxed e-con e-parent\" data-id=\"af4c716\" data-element_type=\"container\" data-e-type=\"container\">\n\t\t\t\t\t<div class=\"e-con-inner\">\n\t\t<div class=\"elementor-element elementor-element-712c84a e-flex e-con-boxed e-con e-child\" data-id=\"712c84a\" data-element_type=\"container\" data-e-type=\"container\">\n\t\t\t\t\t<div class=\"e-con-inner\">\n\t\t\t\t<div class=\"elementor-element elementor-element-987a4e8 elementor-position-top elementor-widget elementor-widget-image-box\" data-id=\"987a4e8\" data-element_type=\"widget\" data-e-type=\"widget\" data-widget_type=\"image-box.default\">\n\t\t\t\t<div class=\"elementor-widget-container\">\n\t\t\t\t\t<div class=\"elementor-image-box-wrapper\"><figure class=\"elementor-image-box-img\"><img decoding=\"async\" src=\"https:\/\/veltmanmachines.com\/wp-content\/uploads\/2024\/01\/mingcute_search-line-2.png\" title=\"\" alt=\"\" loading=\"lazy\" \/><\/figure><div class=\"elementor-image-box-content\"><h3 class=\"elementor-image-box-title\">h3<\/h3><p class=\"elementor-image-box-description\">Lorem ipsum dolor sit amet, consectetur adipiscing elit. Ut elit tellus, luctus nec ullamcorper mattis, pulvinar dapibus leo.<\/p><\/div><\/div>\t\t\t\t<\/div>\n\t\t\t\t<\/div>\n\t\t\t\t\t<\/div>\n\t\t\t\t<\/div>\n\t\t<div class=\"elementor-element elementor-element-23c26f9 e-flex e-con-boxed e-con e-child\" data-id=\"23c26f9\" data-element_type=\"container\" data-e-type=\"container\">\n\t\t\t\t\t<div class=\"e-con-inner\">\n\t\t\t\t<div class=\"elementor-element elementor-element-34ff871 elementor-position-top elementor-widget elementor-widget-image-box\" data-id=\"34ff871\" data-element_type=\"widget\" data-e-type=\"widget\" data-widget_type=\"image-box.default\">\n\t\t\t\t<div class=\"elementor-widget-container\">\n\t\t\t\t\t<div class=\"elementor-image-box-wrapper\"><figure class=\"elementor-image-box-img\"><img decoding=\"async\" src=\"https:\/\/veltmanmachines.com\/wp-content\/uploads\/2024\/01\/mingcute_search-line-1.png\" title=\"\" alt=\"\" loading=\"lazy\" \/><\/figure><div class=\"elementor-image-box-content\"><h3 class=\"elementor-image-box-title\">h3<\/h3><p class=\"elementor-image-box-description\">Lorem ipsum dolor sit amet, consectetur adipiscing elit. Ut elit tellus, luctus nec ullamcorper mattis, pulvinar dapibus leo.<\/p><\/div><\/div>\t\t\t\t<\/div>\n\t\t\t\t<\/div>\n\t\t\t\t\t<\/div>\n\t\t\t\t<\/div>\n\t\t<div class=\"elementor-element elementor-element-9359ff0 e-flex e-con-boxed e-con e-child\" data-id=\"9359ff0\" data-element_type=\"container\" data-e-type=\"container\">\n\t\t\t\t\t<div class=\"e-con-inner\">\n\t\t\t\t<div class=\"elementor-element elementor-element-769e0ba elementor-position-top elementor-widget elementor-widget-image-box\" data-id=\"769e0ba\" data-element_type=\"widget\" data-e-type=\"widget\" data-widget_type=\"image-box.default\">\n\t\t\t\t<div class=\"elementor-widget-container\">\n\t\t\t\t\t<div class=\"elementor-image-box-wrapper\"><figure class=\"elementor-image-box-img\"><img decoding=\"async\" src=\"https:\/\/veltmanmachines.com\/wp-content\/uploads\/2024\/01\/mingcute_search-line.png\" title=\"\" alt=\"\" loading=\"lazy\" \/><\/figure><div class=\"elementor-image-box-content\"><h3 class=\"elementor-image-box-title\">h3<\/h3><p class=\"elementor-image-box-description\">Lorem ipsum dolor sit amet, consectetur adipiscing elit. Ut elit tellus, luctus nec ullamcorper mattis, pulvinar dapibus leo.<\/p><\/div><\/div>\t\t\t\t<\/div>\n\t\t\t\t<\/div>\n\t\t\t\t\t<\/div>\n\t\t\t\t<\/div>\n\t\t<div class=\"elementor-element elementor-element-c7beee4 e-flex e-con-boxed e-con e-child\" data-id=\"c7beee4\" data-element_type=\"container\" data-e-type=\"container\">\n\t\t\t\t\t<div class=\"e-con-inner\">\n\t\t\t\t<div class=\"elementor-element elementor-element-396a791 elementor-position-top elementor-widget elementor-widget-image-box\" data-id=\"396a791\" data-element_type=\"widget\" data-e-type=\"widget\" data-widget_type=\"image-box.default\">\n\t\t\t\t<div class=\"elementor-widget-container\">\n\t\t\t\t\t<div class=\"elementor-image-box-wrapper\"><figure class=\"elementor-image-box-img\"><img decoding=\"async\" src=\"https:\/\/veltmanmachines.com\/wp-content\/uploads\/2024\/01\/mingcute_search-line-3.png\" title=\"\" alt=\"\" loading=\"lazy\" \/><\/figure><div class=\"elementor-image-box-content\"><h3 class=\"elementor-image-box-title\">h3<\/h3><p class=\"elementor-image-box-description\">Lorem ipsum dolor sit amet, consectetur adipiscing elit. Ut elit tellus, luctus nec ullamcorper mattis, pulvinar dapibus leo.<\/p><\/div><\/div>\t\t\t\t<\/div>\n\t\t\t\t<\/div>\n\t\t\t\t\t<\/div>\n\t\t\t\t<\/div>\n\t\t\t\t\t<\/div>\n\t\t\t\t<\/div>\n\t\t\t\t<\/div>\n\t\t","protected":false},"excerpt":{"rendered":"<p>Gebrauchte Fr\u00e4smaschinen Der Kauf einer gebrauchten Fr\u00e4smaschine kann sowohl f\u00fcr Unternehmen als auch f\u00fcr Privatpersonen, die eine hochwertige Maschine zu einem fairen Preis suchen, eine gute Wahl sein. Bei Veltman Machines haben wir eine gro\u00dfe Auswahl an gebrauchten Fr\u00e4smaschinen, die h\u00f6chsten Qualit\u00e4tsanspr\u00fcchen gen\u00fcgen. Au\u00dferdem arbeiten wir haupts\u00e4chlich mit hochwertigen Marken wie Mikron, Deckel, Aciera, Schaublin, [&hellip;]<\/p>\n","protected":false},"author":1,"featured_media":0,"parent":0,"menu_order":0,"comment_status":"closed","ping_status":"closed","template":"","meta":{"_acf_changed":false,"site-sidebar-layout":"no-sidebar","site-content-layout":"","ast-site-content-layout":"full-width-container","site-content-style":"default","site-sidebar-style":"default","ast-global-header-display":"","ast-banner-title-visibility":"","ast-main-header-display":"","ast-hfb-above-header-display":"","ast-hfb-below-header-display":"","ast-hfb-mobile-header-display":"","site-post-title":"disabled","ast-breadcrumbs-content":"","ast-featured-img":"disabled","footer-sml-layout":"","theme-transparent-header-meta":"","adv-header-id-meta":"","stick-header-meta":"","header-above-stick-meta":"","header-main-stick-meta":"","header-below-stick-meta":"","astra-migrate-meta-layouts":"default","ast-page-background-enabled":"default","ast-page-background-meta":{"desktop":{"background-color":"var(--ast-global-color-4)","background-image":"","background-repeat":"repeat","background-position":"center center","background-size":"auto","background-attachment":"scroll","background-type":"","background-media":"","overlay-type":"","overlay-color":"","overlay-opacity":"","overlay-gradient":""},"tablet":{"background-color":"","background-image":"","background-repeat":"repeat","background-position":"center center","background-size":"auto","background-attachment":"scroll","background-type":"","background-media":"","overlay-type":"","overlay-color":"","overlay-opacity":"","overlay-gradient":""},"mobile":{"background-color":"","background-image":"","background-repeat":"repeat","background-position":"center center","background-size":"auto","background-attachment":"scroll","background-type":"","background-media":"","overlay-type":"","overlay-color":"","overlay-opacity":"","overlay-gradient":""}},"ast-content-background-meta":{"desktop":{"background-color":"var(--ast-global-color-5)","background-image":"","background-repeat":"repeat","background-position":"center center","background-size":"auto","background-attachment":"scroll","background-type":"","background-media":"","overlay-type":"","overlay-color":"","overlay-opacity":"","overlay-gradient":""},"tablet":{"background-color":"var(--ast-global-color-5)","background-image":"","background-repeat":"repeat","background-position":"center center","background-size":"auto","background-attachment":"scroll","background-type":"","background-media":"","overlay-type":"","overlay-color":"","overlay-opacity":"","overlay-gradient":""},"mobile":{"background-color":"var(--ast-global-color-5)","background-image":"","background-repeat":"repeat","background-position":"center center","background-size":"auto","background-attachment":"scroll","background-type":"","background-media":"","overlay-type":"","overlay-color":"","overlay-opacity":"","overlay-gradient":""}},"footnotes":""},"class_list":["post-2118","page","type-page","status-publish","hentry"],"acf":[],"yoast_head":"<!-- This site is optimized with the Yoast SEO plugin v27.3 - https:\/\/yoast.com\/product\/yoast-seo-wordpress\/ -->\n<title>Gebrauchte Fr\u00e4smaschinen - Veltmanmachines<\/title>\n<meta name=\"description\" content=\"Gebrauchte Fr\u00e4smaschinen von Veltman Machines! Gebrauchte Fr\u00e4smaschinen in bestm\u00f6glicher Qualit\u00e4t und zu einem g\u00fcnstigen Preis!\" \/>\n<meta name=\"robots\" content=\"index, follow, max-snippet:-1, max-image-preview:large, max-video-preview:-1\" \/>\n<link rel=\"canonical\" href=\"https:\/\/veltmanmachines.com\/de\/?page_id=2118\" \/>\n<meta property=\"og:locale\" content=\"de_DE\" \/>\n<meta property=\"og:type\" content=\"article\" \/>\n<meta property=\"og:title\" content=\"Gebrauchte Fr\u00e4smaschinen - Veltmanmachines\" \/>\n<meta property=\"og:description\" content=\"Gebrauchte Fr\u00e4smaschinen von Veltman Machines! Gebrauchte Fr\u00e4smaschinen in bestm\u00f6glicher Qualit\u00e4t und zu einem g\u00fcnstigen Preis!\" \/>\n<meta property=\"og:url\" content=\"https:\/\/veltmanmachines.com\/de\/?page_id=2118\" \/>\n<meta property=\"og:site_name\" content=\"Veltmanmachines\" \/>\n<meta property=\"article:modified_time\" content=\"2024-02-13T17:36:18+00:00\" \/>\n<meta property=\"og:image\" content=\"https:\/\/veltmanmachines.com\/wp-content\/uploads\/2024\/01\/Bridgeport-16.jpg\" \/>\n<meta name=\"twitter:card\" content=\"summary_large_image\" \/>\n<meta name=\"twitter:label1\" content=\"Gesch\u00e4tzte Lesezeit\" \/>\n\t<meta name=\"twitter:data1\" content=\"2\u00a0Minuten\" \/>\n<script type=\"application\/ld+json\" class=\"yoast-schema-graph\">{\"@context\":\"https:\\\/\\\/schema.org\",\"@graph\":[{\"@type\":\"WebPage\",\"@id\":\"https:\\\/\\\/veltmanmachines.com\\\/de\\\/?page_id=2118\",\"url\":\"https:\\\/\\\/veltmanmachines.com\\\/de\\\/?page_id=2118\",\"name\":\"Gebrauchte Fr\u00e4smaschinen - Veltmanmachines\",\"isPartOf\":{\"@id\":\"https:\\\/\\\/veltmanmachines.com\\\/#website\"},\"primaryImageOfPage\":{\"@id\":\"https:\\\/\\\/veltmanmachines.com\\\/de\\\/?page_id=2118#primaryimage\"},\"image\":{\"@id\":\"https:\\\/\\\/veltmanmachines.com\\\/de\\\/?page_id=2118#primaryimage\"},\"thumbnailUrl\":\"https:\\\/\\\/veltmanmachines.com\\\/wp-content\\\/uploads\\\/2024\\\/01\\\/Bridgeport-16.jpg\",\"datePublished\":\"2024-01-28T10:57:51+00:00\",\"dateModified\":\"2024-02-13T17:36:18+00:00\",\"description\":\"Gebrauchte Fr\u00e4smaschinen von Veltman Machines! Gebrauchte Fr\u00e4smaschinen in bestm\u00f6glicher Qualit\u00e4t und zu einem g\u00fcnstigen Preis!\",\"breadcrumb\":{\"@id\":\"https:\\\/\\\/veltmanmachines.com\\\/de\\\/?page_id=2118#breadcrumb\"},\"inLanguage\":\"de\",\"potentialAction\":[{\"@type\":\"ReadAction\",\"target\":[\"https:\\\/\\\/veltmanmachines.com\\\/de\\\/?page_id=2118\"]}]},{\"@type\":\"ImageObject\",\"inLanguage\":\"de\",\"@id\":\"https:\\\/\\\/veltmanmachines.com\\\/de\\\/?page_id=2118#primaryimage\",\"url\":\"https:\\\/\\\/veltmanmachines.com\\\/wp-content\\\/uploads\\\/2024\\\/01\\\/Bridgeport-16.jpg\",\"contentUrl\":\"https:\\\/\\\/veltmanmachines.com\\\/wp-content\\\/uploads\\\/2024\\\/01\\\/Bridgeport-16.jpg\"},{\"@type\":\"BreadcrumbList\",\"@id\":\"https:\\\/\\\/veltmanmachines.com\\\/de\\\/?page_id=2118#breadcrumb\",\"itemListElement\":[{\"@type\":\"ListItem\",\"position\":1,\"name\":\"Home\",\"item\":\"https:\\\/\\\/veltmanmachines.com\\\/\"},{\"@type\":\"ListItem\",\"position\":2,\"name\":\"Gebrauchte Fr\u00e4smaschinen\"}]},{\"@type\":\"WebSite\",\"@id\":\"https:\\\/\\\/veltmanmachines.com\\\/#website\",\"url\":\"https:\\\/\\\/veltmanmachines.com\\\/\",\"name\":\"Veltman machines\",\"description\":\"\",\"publisher\":{\"@id\":\"https:\\\/\\\/veltmanmachines.com\\\/#organization\"},\"potentialAction\":[{\"@type\":\"SearchAction\",\"target\":{\"@type\":\"EntryPoint\",\"urlTemplate\":\"https:\\\/\\\/veltmanmachines.com\\\/?s={search_term_string}\"},\"query-input\":{\"@type\":\"PropertyValueSpecification\",\"valueRequired\":true,\"valueName\":\"search_term_string\"}}],\"inLanguage\":\"de\"},{\"@type\":\"Organization\",\"@id\":\"https:\\\/\\\/veltmanmachines.com\\\/#organization\",\"name\":\"Veltman machines\",\"url\":\"https:\\\/\\\/veltmanmachines.com\\\/\",\"logo\":{\"@type\":\"ImageObject\",\"inLanguage\":\"de\",\"@id\":\"https:\\\/\\\/veltmanmachines.com\\\/#\\\/schema\\\/logo\\\/image\\\/\",\"url\":\"https:\\\/\\\/veltmanmachines.com\\\/wp-content\\\/uploads\\\/2023\\\/09\\\/top.gif\",\"contentUrl\":\"https:\\\/\\\/veltmanmachines.com\\\/wp-content\\\/uploads\\\/2023\\\/09\\\/top.gif\",\"width\":363,\"height\":97,\"caption\":\"Veltman machines\"},\"image\":{\"@id\":\"https:\\\/\\\/veltmanmachines.com\\\/#\\\/schema\\\/logo\\\/image\\\/\"},\"sameAs\":[\"https:\\\/\\\/www.youtube.com\\\/@veltmanmachines7902\"]}]}<\/script>\n<!-- \/ Yoast SEO plugin. -->","yoast_head_json":{"title":"Gebrauchte Fr\u00e4smaschinen - Veltmanmachines","description":"Gebrauchte Fr\u00e4smaschinen von Veltman Machines! Gebrauchte Fr\u00e4smaschinen in bestm\u00f6glicher Qualit\u00e4t und zu einem g\u00fcnstigen Preis!","robots":{"index":"index","follow":"follow","max-snippet":"max-snippet:-1","max-image-preview":"max-image-preview:large","max-video-preview":"max-video-preview:-1"},"canonical":"https:\/\/veltmanmachines.com\/de\/?page_id=2118","og_locale":"de_DE","og_type":"article","og_title":"Gebrauchte Fr\u00e4smaschinen - Veltmanmachines","og_description":"Gebrauchte Fr\u00e4smaschinen von Veltman Machines! Gebrauchte Fr\u00e4smaschinen in bestm\u00f6glicher Qualit\u00e4t und zu einem g\u00fcnstigen Preis!","og_url":"https:\/\/veltmanmachines.com\/de\/?page_id=2118","og_site_name":"Veltmanmachines","article_modified_time":"2024-02-13T17:36:18+00:00","og_image":[{"url":"https:\/\/veltmanmachines.com\/wp-content\/uploads\/2024\/01\/Bridgeport-16.jpg","type":"","width":"","height":""}],"twitter_card":"summary_large_image","twitter_misc":{"Gesch\u00e4tzte Lesezeit":"2\u00a0Minuten"},"schema":{"@context":"https:\/\/schema.org","@graph":[{"@type":"WebPage","@id":"https:\/\/veltmanmachines.com\/de\/?page_id=2118","url":"https:\/\/veltmanmachines.com\/de\/?page_id=2118","name":"Gebrauchte Fr\u00e4smaschinen - Veltmanmachines","isPartOf":{"@id":"https:\/\/veltmanmachines.com\/#website"},"primaryImageOfPage":{"@id":"https:\/\/veltmanmachines.com\/de\/?page_id=2118#primaryimage"},"image":{"@id":"https:\/\/veltmanmachines.com\/de\/?page_id=2118#primaryimage"},"thumbnailUrl":"https:\/\/veltmanmachines.com\/wp-content\/uploads\/2024\/01\/Bridgeport-16.jpg","datePublished":"2024-01-28T10:57:51+00:00","dateModified":"2024-02-13T17:36:18+00:00","description":"Gebrauchte Fr\u00e4smaschinen von Veltman Machines! Gebrauchte Fr\u00e4smaschinen in bestm\u00f6glicher Qualit\u00e4t und zu einem g\u00fcnstigen Preis!","breadcrumb":{"@id":"https:\/\/veltmanmachines.com\/de\/?page_id=2118#breadcrumb"},"inLanguage":"de","potentialAction":[{"@type":"ReadAction","target":["https:\/\/veltmanmachines.com\/de\/?page_id=2118"]}]},{"@type":"ImageObject","inLanguage":"de","@id":"https:\/\/veltmanmachines.com\/de\/?page_id=2118#primaryimage","url":"https:\/\/veltmanmachines.com\/wp-content\/uploads\/2024\/01\/Bridgeport-16.jpg","contentUrl":"https:\/\/veltmanmachines.com\/wp-content\/uploads\/2024\/01\/Bridgeport-16.jpg"},{"@type":"BreadcrumbList","@id":"https:\/\/veltmanmachines.com\/de\/?page_id=2118#breadcrumb","itemListElement":[{"@type":"ListItem","position":1,"name":"Home","item":"https:\/\/veltmanmachines.com\/"},{"@type":"ListItem","position":2,"name":"Gebrauchte Fr\u00e4smaschinen"}]},{"@type":"WebSite","@id":"https:\/\/veltmanmachines.com\/#website","url":"https:\/\/veltmanmachines.com\/","name":"Veltman machines","description":"","publisher":{"@id":"https:\/\/veltmanmachines.com\/#organization"},"potentialAction":[{"@type":"SearchAction","target":{"@type":"EntryPoint","urlTemplate":"https:\/\/veltmanmachines.com\/?s={search_term_string}"},"query-input":{"@type":"PropertyValueSpecification","valueRequired":true,"valueName":"search_term_string"}}],"inLanguage":"de"},{"@type":"Organization","@id":"https:\/\/veltmanmachines.com\/#organization","name":"Veltman machines","url":"https:\/\/veltmanmachines.com\/","logo":{"@type":"ImageObject","inLanguage":"de","@id":"https:\/\/veltmanmachines.com\/#\/schema\/logo\/image\/","url":"https:\/\/veltmanmachines.com\/wp-content\/uploads\/2023\/09\/top.gif","contentUrl":"https:\/\/veltmanmachines.com\/wp-content\/uploads\/2023\/09\/top.gif","width":363,"height":97,"caption":"Veltman machines"},"image":{"@id":"https:\/\/veltmanmachines.com\/#\/schema\/logo\/image\/"},"sameAs":["https:\/\/www.youtube.com\/@veltmanmachines7902"]}]}},"_links":{"self":[{"href":"https:\/\/veltmanmachines.com\/de\/wp-json\/wp\/v2\/pages\/2118","targetHints":{"allow":["GET"]}}],"collection":[{"href":"https:\/\/veltmanmachines.com\/de\/wp-json\/wp\/v2\/pages"}],"about":[{"href":"https:\/\/veltmanmachines.com\/de\/wp-json\/wp\/v2\/types\/page"}],"author":[{"embeddable":true,"href":"https:\/\/veltmanmachines.com\/de\/wp-json\/wp\/v2\/users\/1"}],"replies":[{"embeddable":true,"href":"https:\/\/veltmanmachines.com\/de\/wp-json\/wp\/v2\/comments?post=2118"}],"version-history":[{"count":2,"href":"https:\/\/veltmanmachines.com\/de\/wp-json\/wp\/v2\/pages\/2118\/revisions"}],"predecessor-version":[{"id":2122,"href":"https:\/\/veltmanmachines.com\/de\/wp-json\/wp\/v2\/pages\/2118\/revisions\/2122"}],"wp:attachment":[{"href":"https:\/\/veltmanmachines.com\/de\/wp-json\/wp\/v2\/media?parent=2118"}],"curies":[{"name":"wp","href":"https:\/\/api.w.org\/{rel}","templated":true}]}}