{"id":2125,"date":"2024-01-28T11:15:28","date_gmt":"2024-01-28T11:15:28","guid":{"rendered":"https:\/\/veltmanmachines.com\/schaublin\/"},"modified":"2024-02-13T17:36:18","modified_gmt":"2024-02-13T17:36:18","slug":"schaublin","status":"publish","type":"page","link":"https:\/\/veltmanmachines.com\/de\/schaublin\/","title":{"rendered":"Schaublin"},"content":{"rendered":"\t\t<div data-elementor-type=\"wp-page\" data-elementor-id=\"2125\" class=\"elementor elementor-2125 elementor-693\" data-elementor-post-type=\"page\">\n\t\t\t\t<div class=\"elementor-element elementor-element-2f88690 e-flex e-con-boxed e-con e-parent\" data-id=\"2f88690\" data-element_type=\"container\" data-e-type=\"container\">\n\t\t\t\t\t<div class=\"e-con-inner\">\n\t\t<div class=\"elementor-element elementor-element-f703bdc e-flex e-con-boxed e-con e-child\" data-id=\"f703bdc\" data-element_type=\"container\" data-e-type=\"container\">\n\t\t\t\t\t<div class=\"e-con-inner\">\n\t\t\t\t<div class=\"elementor-element elementor-element-4618073 elementor-widget elementor-widget-heading\" data-id=\"4618073\" data-element_type=\"widget\" data-e-type=\"widget\" data-widget_type=\"heading.default\">\n\t\t\t\t<div class=\"elementor-widget-container\">\n\t\t\t\t\t<h1 class=\"elementor-heading-title elementor-size-default\">Schaublin-Drehmaschinen oder -Fr\u00e4smaschinen<\/h1>\t\t\t\t<\/div>\n\t\t\t\t<\/div>\n\t\t\t\t<div class=\"elementor-element elementor-element-3dca271 elementor-widget elementor-widget-text-editor\" data-id=\"3dca271\" data-element_type=\"widget\" data-e-type=\"widget\" data-widget_type=\"text-editor.default\">\n\t\t\t\t<div class=\"elementor-widget-container\">\n\t\t\t\t\t\t\t\t\t<p>Suchen Sie nach Schaublin Dreh- oder Fr\u00e4smaschinen? Suchen Sie nicht weiter als Veltman Machines! Wir haben das gr\u00f6\u00dfte Sortiment an gebrauchten Schaublin-Maschinen, so dass Sie immer eine Option zur Verf\u00fcgung haben. Zu den Typen, die wir im Allgemeinen verkaufen, geh\u00f6ren: Schaublin 70, Schaublin 22, Schaublin 102, Schaublin 102NVM, Schaublin 102VM, Schaublin 125, Schaublin 13, Schaublin 135, Schaublin 160 und der Schaublin 213.<\/p>\n\t\t\t\t\t\t\t\t<\/div>\n\t\t\t\t<\/div>\n\t\t\t\t\t<\/div>\n\t\t\t\t<\/div>\n\t\t<div class=\"elementor-element elementor-element-bbb03a8 e-flex e-con-boxed e-con e-child\" data-id=\"bbb03a8\" data-element_type=\"container\" data-e-type=\"container\">\n\t\t\t\t\t<div class=\"e-con-inner\">\n\t\t\t\t<div class=\"elementor-element elementor-element-665aa1a elementor-widget elementor-widget-image\" data-id=\"665aa1a\" data-element_type=\"widget\" data-e-type=\"widget\" data-widget_type=\"image.default\">\n\t\t\t\t<div class=\"elementor-widget-container\">\n\t\t\t\t\t\t\t\t\t\t\t\t\t\t\t<img fetchpriority=\"high\" decoding=\"async\" width=\"1016\" height=\"1200\" src=\"https:\/\/veltmanmachines.com\/wp-content\/uploads\/2024\/01\/20231110_115144.jpg\" class=\"attachment-full size-full wp-image-1387\" alt=\"\" srcset=\"https:\/\/veltmanmachines.com\/wp-content\/uploads\/2024\/01\/20231110_115144.jpg 1016w, https:\/\/veltmanmachines.com\/wp-content\/uploads\/2024\/01\/20231110_115144-254x300.jpg 254w, https:\/\/veltmanmachines.com\/wp-content\/uploads\/2024\/01\/20231110_115144-867x1024.jpg 867w, https:\/\/veltmanmachines.com\/wp-content\/uploads\/2024\/01\/20231110_115144-768x907.jpg 768w, https:\/\/veltmanmachines.com\/wp-content\/uploads\/2024\/01\/20231110_115144-600x709.jpg 600w\" sizes=\"(max-width: 1016px) 100vw, 1016px\" \/>\t\t\t\t\t\t\t\t\t\t\t\t\t\t\t<\/div>\n\t\t\t\t<\/div>\n\t\t\t\t\t<\/div>\n\t\t\t\t<\/div>\n\t\t\t\t\t<\/div>\n\t\t\t\t<\/div>\n\t\t<div class=\"elementor-element elementor-element-b4f8fac e-flex e-con-boxed e-con e-parent\" data-id=\"b4f8fac\" data-element_type=\"container\" data-e-type=\"container\">\n\t\t\t\t\t<div class=\"e-con-inner\">\n\t\t<div class=\"elementor-element elementor-element-0a45870 e-flex e-con-boxed e-con e-child\" data-id=\"0a45870\" data-element_type=\"container\" data-e-type=\"container\">\n\t\t\t\t\t<div class=\"e-con-inner\">\n\t\t\t\t<div class=\"elementor-element elementor-element-cfdcbee elementor-widget elementor-widget-heading\" data-id=\"cfdcbee\" data-element_type=\"widget\" data-e-type=\"widget\" data-widget_type=\"heading.default\">\n\t\t\t\t<div class=\"elementor-widget-container\">\n\t\t\t\t\t<h2 class=\"elementor-heading-title elementor-size-default\">Jahrelanges Vergn\u00fcgen  <\/h2>\t\t\t\t<\/div>\n\t\t\t\t<\/div>\n\t\t\t\t<div class=\"elementor-element elementor-element-562d952 elementor-widget elementor-widget-text-editor\" data-id=\"562d952\" data-element_type=\"widget\" data-e-type=\"widget\" data-widget_type=\"text-editor.default\">\n\t\t\t\t<div class=\"elementor-widget-container\">\n\t\t\t\t\t\t\t\t\t<p>Schaublin ist eine Schweizer Marke, die f\u00fcr Pr\u00e4zision und Benutzerfreundlichkeit bekannt ist. Aus diesem Grund verkaufen wir seit vielen Jahren Schaublin-Maschinen. Sie sind robust und halten bei richtiger Pflege jahrzehntelang. Hier kommen die Qualit\u00e4t und der Service von Veltman Machines ins Spiel. Wenn Sie eine Maschine bei uns kaufen, k\u00f6nnen Sie sicher sein, dass sie gewartet und auf Fehler \u00fcberpr\u00fcft wurde und Ihnen jahrelang Freude bereiten wird.<\/p>\n<p>Sehen Sie sich hier <a href=\"https:\/\/veltmanmachines.com\/shop\/\">unser gro\u00dfes Angebot an Gebrauchtmaschinen<\/a> von Schaublin, Deckel, Aciera und vielen anderen an. Wir haben uns auf gebrauchte Maschinen spezialisiert und tun dies bereits seit 1998 vom sch\u00f6nen Oisterwijk aus. Im Laufe der Jahre haben wir uns zu einem wichtigen Lieferanten entwickelt, denn Qualit\u00e4t und Lieferung haben f\u00fcr uns oberste Priorit\u00e4t. Gebraucht bedeutet nicht, dass es abgeschrieben oder missbraucht wurde.<\/p>\n\t\t\t\t\t\t\t\t<\/div>\n\t\t\t\t<\/div>\n\t\t\t\t<div class=\"elementor-element elementor-element-ca57439 elementor-widget elementor-widget-heading\" data-id=\"ca57439\" data-element_type=\"widget\" data-e-type=\"widget\" data-widget_type=\"heading.default\">\n\t\t\t\t<div class=\"elementor-widget-container\">\n\t\t\t\t\t<h3 class=\"elementor-heading-title elementor-size-default\">Weltweiter Versand<\/h3>\t\t\t\t<\/div>\n\t\t\t\t<\/div>\n\t\t\t\t<div class=\"elementor-element elementor-element-9686e46 elementor-widget elementor-widget-text-editor\" data-id=\"9686e46\" data-element_type=\"widget\" data-e-type=\"widget\" data-widget_type=\"text-editor.default\">\n\t\t\t\t<div class=\"elementor-widget-container\">\n\t\t\t\t\t\t\t\t\t<p>Veltman Machines hilft Ihnen, die perfekte Schaublin-Drehmaschine oder -Fr\u00e4smaschine zu finden. Wir haben Erfahrung im weltweiten Versand zu wettbewerbsf\u00e4higen Preisen. Wir k\u00f6nnen Sie bei der Erledigung der Einfuhrformalit\u00e4ten unterst\u00fctzen und, falls erforderlich, die Verpackung selbst \u00fcbernehmen.<\/p>\n<p>Au\u00dferhalb Europas liefern wir unter anderem in die USA, nach Australien, Kanada, Mexiko, Indien, Russland, Sri Lanka, S\u00fcdafrika, \u00c4gypten, Israel, Taiwan und in die T\u00fcrkei. Veltman Machines ist bestrebt, seinen Kunden eine hervorragende Unterst\u00fctzung zu bieten, von der ersten Beratung bis zum Kundendienst.<\/p>\n<p>Wenn Sie auf der Suche nach einer originalen Schweizer Schaublin-Fr\u00e4smaschine in hervorragendem Zustand sind, die Ihnen jahrelang gute Dienste leisten wird, kontaktieren Sie uns \u00fcber die Schaltfl\u00e4che unten, um einen Termin zu vereinbaren oder rufen Sie uns unter der unten angegebenen Nummer an!<\/p>\n\t\t\t\t\t\t\t\t<\/div>\n\t\t\t\t<\/div>\n\t\t\t\t\t<\/div>\n\t\t\t\t<\/div>\n\t\t\t\t\t<\/div>\n\t\t\t\t<\/div>\n\t\t<div class=\"elementor-element elementor-element-af4c716 elementor-hidden-desktop elementor-hidden-tablet elementor-hidden-mobile e-flex e-con-boxed e-con e-parent\" data-id=\"af4c716\" data-element_type=\"container\" data-e-type=\"container\">\n\t\t\t\t\t<div class=\"e-con-inner\">\n\t\t<div class=\"elementor-element elementor-element-712c84a e-flex e-con-boxed e-con e-child\" data-id=\"712c84a\" data-element_type=\"container\" data-e-type=\"container\">\n\t\t\t\t\t<div class=\"e-con-inner\">\n\t\t\t\t<div class=\"elementor-element elementor-element-987a4e8 elementor-position-top elementor-widget elementor-widget-image-box\" data-id=\"987a4e8\" data-element_type=\"widget\" data-e-type=\"widget\" data-widget_type=\"image-box.default\">\n\t\t\t\t<div class=\"elementor-widget-container\">\n\t\t\t\t\t<div class=\"elementor-image-box-wrapper\"><figure class=\"elementor-image-box-img\"><img decoding=\"async\" src=\"https:\/\/veltmanmachines.com\/wp-content\/uploads\/2024\/01\/mingcute_search-line-2.png\" title=\"\" alt=\"\" loading=\"lazy\" \/><\/figure><div class=\"elementor-image-box-content\"><h3 class=\"elementor-image-box-title\">h3<\/h3><p class=\"elementor-image-box-description\">Lorem ipsum dolor sit amet, consectetur adipiscing elit. Ut elit tellus, luctus nec ullamcorper mattis, pulvinar dapibus leo.<\/p><\/div><\/div>\t\t\t\t<\/div>\n\t\t\t\t<\/div>\n\t\t\t\t\t<\/div>\n\t\t\t\t<\/div>\n\t\t<div class=\"elementor-element elementor-element-23c26f9 e-flex e-con-boxed e-con e-child\" data-id=\"23c26f9\" data-element_type=\"container\" data-e-type=\"container\">\n\t\t\t\t\t<div class=\"e-con-inner\">\n\t\t\t\t<div class=\"elementor-element elementor-element-34ff871 elementor-position-top elementor-widget elementor-widget-image-box\" data-id=\"34ff871\" data-element_type=\"widget\" data-e-type=\"widget\" data-widget_type=\"image-box.default\">\n\t\t\t\t<div class=\"elementor-widget-container\">\n\t\t\t\t\t<div class=\"elementor-image-box-wrapper\"><figure class=\"elementor-image-box-img\"><img decoding=\"async\" src=\"https:\/\/veltmanmachines.com\/wp-content\/uploads\/2024\/01\/mingcute_search-line-1.png\" title=\"\" alt=\"\" loading=\"lazy\" \/><\/figure><div class=\"elementor-image-box-content\"><h3 class=\"elementor-image-box-title\">h3<\/h3><p class=\"elementor-image-box-description\">Lorem ipsum dolor sit amet, consectetur adipiscing elit. Ut elit tellus, luctus nec ullamcorper mattis, pulvinar dapibus leo.<\/p><\/div><\/div>\t\t\t\t<\/div>\n\t\t\t\t<\/div>\n\t\t\t\t\t<\/div>\n\t\t\t\t<\/div>\n\t\t<div class=\"elementor-element elementor-element-9359ff0 e-flex e-con-boxed e-con e-child\" data-id=\"9359ff0\" data-element_type=\"container\" data-e-type=\"container\">\n\t\t\t\t\t<div class=\"e-con-inner\">\n\t\t\t\t<div class=\"elementor-element elementor-element-769e0ba elementor-position-top elementor-widget elementor-widget-image-box\" data-id=\"769e0ba\" data-element_type=\"widget\" data-e-type=\"widget\" data-widget_type=\"image-box.default\">\n\t\t\t\t<div class=\"elementor-widget-container\">\n\t\t\t\t\t<div class=\"elementor-image-box-wrapper\"><figure class=\"elementor-image-box-img\"><img decoding=\"async\" src=\"https:\/\/veltmanmachines.com\/wp-content\/uploads\/2024\/01\/mingcute_search-line.png\" title=\"\" alt=\"\" loading=\"lazy\" \/><\/figure><div class=\"elementor-image-box-content\"><h3 class=\"elementor-image-box-title\">h3<\/h3><p class=\"elementor-image-box-description\">Lorem ipsum dolor sit amet, consectetur adipiscing elit. Ut elit tellus, luctus nec ullamcorper mattis, pulvinar dapibus leo.<\/p><\/div><\/div>\t\t\t\t<\/div>\n\t\t\t\t<\/div>\n\t\t\t\t\t<\/div>\n\t\t\t\t<\/div>\n\t\t<div class=\"elementor-element elementor-element-c7beee4 e-flex e-con-boxed e-con e-child\" data-id=\"c7beee4\" data-element_type=\"container\" data-e-type=\"container\">\n\t\t\t\t\t<div class=\"e-con-inner\">\n\t\t\t\t<div class=\"elementor-element elementor-element-396a791 elementor-position-top elementor-widget elementor-widget-image-box\" data-id=\"396a791\" data-element_type=\"widget\" data-e-type=\"widget\" data-widget_type=\"image-box.default\">\n\t\t\t\t<div class=\"elementor-widget-container\">\n\t\t\t\t\t<div class=\"elementor-image-box-wrapper\"><figure class=\"elementor-image-box-img\"><img decoding=\"async\" src=\"https:\/\/veltmanmachines.com\/wp-content\/uploads\/2024\/01\/mingcute_search-line-3.png\" title=\"\" alt=\"\" loading=\"lazy\" \/><\/figure><div class=\"elementor-image-box-content\"><h3 class=\"elementor-image-box-title\">h3<\/h3><p class=\"elementor-image-box-description\">Lorem ipsum dolor sit amet, consectetur adipiscing elit. Ut elit tellus, luctus nec ullamcorper mattis, pulvinar dapibus leo.<\/p><\/div><\/div>\t\t\t\t<\/div>\n\t\t\t\t<\/div>\n\t\t\t\t\t<\/div>\n\t\t\t\t<\/div>\n\t\t\t\t\t<\/div>\n\t\t\t\t<\/div>\n\t\t\t\t<\/div>\n\t\t","protected":false},"excerpt":{"rendered":"<p>Schaublin-Drehmaschinen oder -Fr\u00e4smaschinen Suchen Sie nach Schaublin Dreh- oder Fr\u00e4smaschinen? Suchen Sie nicht weiter als Veltman Machines! Wir haben das gr\u00f6\u00dfte Sortiment an gebrauchten Schaublin-Maschinen, so dass Sie immer eine Option zur Verf\u00fcgung haben. Zu den Typen, die wir im Allgemeinen verkaufen, geh\u00f6ren: Schaublin 70, Schaublin 22, Schaublin 102, Schaublin 102NVM, Schaublin 102VM, Schaublin 125, [&hellip;]<\/p>\n","protected":false},"author":1,"featured_media":0,"parent":0,"menu_order":0,"comment_status":"closed","ping_status":"closed","template":"","meta":{"_acf_changed":false,"site-sidebar-layout":"no-sidebar","site-content-layout":"","ast-site-content-layout":"full-width-container","site-content-style":"default","site-sidebar-style":"default","ast-global-header-display":"","ast-banner-title-visibility":"","ast-main-header-display":"","ast-hfb-above-header-display":"","ast-hfb-below-header-display":"","ast-hfb-mobile-header-display":"","site-post-title":"disabled","ast-breadcrumbs-content":"","ast-featured-img":"disabled","footer-sml-layout":"","theme-transparent-header-meta":"","adv-header-id-meta":"","stick-header-meta":"","header-above-stick-meta":"","header-main-stick-meta":"","header-below-stick-meta":"","astra-migrate-meta-layouts":"default","ast-page-background-enabled":"default","ast-page-background-meta":{"desktop":{"background-color":"var(--ast-global-color-4)","background-image":"","background-repeat":"repeat","background-position":"center center","background-size":"auto","background-attachment":"scroll","background-type":"","background-media":"","overlay-type":"","overlay-color":"","overlay-opacity":"","overlay-gradient":""},"tablet":{"background-color":"","background-image":"","background-repeat":"repeat","background-position":"center center","background-size":"auto","background-attachment":"scroll","background-type":"","background-media":"","overlay-type":"","overlay-color":"","overlay-opacity":"","overlay-gradient":""},"mobile":{"background-color":"","background-image":"","background-repeat":"repeat","background-position":"center center","background-size":"auto","background-attachment":"scroll","background-type":"","background-media":"","overlay-type":"","overlay-color":"","overlay-opacity":"","overlay-gradient":""}},"ast-content-background-meta":{"desktop":{"background-color":"var(--ast-global-color-5)","background-image":"","background-repeat":"repeat","background-position":"center center","background-size":"auto","background-attachment":"scroll","background-type":"","background-media":"","overlay-type":"","overlay-color":"","overlay-opacity":"","overlay-gradient":""},"tablet":{"background-color":"var(--ast-global-color-5)","background-image":"","background-repeat":"repeat","background-position":"center center","background-size":"auto","background-attachment":"scroll","background-type":"","background-media":"","overlay-type":"","overlay-color":"","overlay-opacity":"","overlay-gradient":""},"mobile":{"background-color":"var(--ast-global-color-5)","background-image":"","background-repeat":"repeat","background-position":"center center","background-size":"auto","background-attachment":"scroll","background-type":"","background-media":"","overlay-type":"","overlay-color":"","overlay-opacity":"","overlay-gradient":""}},"footnotes":""},"class_list":["post-2125","page","type-page","status-publish","hentry"],"acf":[],"yoast_head":"<!-- This site is optimized with the Yoast SEO plugin v27.3 - https:\/\/yoast.com\/product\/yoast-seo-wordpress\/ -->\n<title>Schaublin - Veltmanmachines<\/title>\n<meta name=\"description\" content=\"Schaublin-Drehmaschinen oder -Fr\u00e4smaschinen. Suchen Sie nicht weiter als Veltman Machines! Wir haben die gr\u00f6\u00dfte Auswahl an gebrauchten Schaublin-Maschinen.\" \/>\n<meta name=\"robots\" content=\"index, follow, max-snippet:-1, max-image-preview:large, max-video-preview:-1\" \/>\n<link rel=\"canonical\" href=\"https:\/\/veltmanmachines.com\/de\/?page_id=2125\" \/>\n<meta property=\"og:locale\" content=\"de_DE\" \/>\n<meta property=\"og:type\" content=\"article\" \/>\n<meta property=\"og:title\" content=\"Schaublin - Veltmanmachines\" \/>\n<meta property=\"og:description\" content=\"Schaublin-Drehmaschinen oder -Fr\u00e4smaschinen. Suchen Sie nicht weiter als Veltman Machines! Wir haben die gr\u00f6\u00dfte Auswahl an gebrauchten Schaublin-Maschinen.\" \/>\n<meta property=\"og:url\" content=\"https:\/\/veltmanmachines.com\/de\/?page_id=2125\" \/>\n<meta property=\"og:site_name\" content=\"Veltmanmachines\" \/>\n<meta property=\"article:modified_time\" content=\"2024-02-13T17:36:18+00:00\" \/>\n<meta property=\"og:image\" content=\"https:\/\/veltmanmachines.com\/wp-content\/uploads\/2024\/01\/20231110_115144.jpg\" \/>\n<meta name=\"twitter:card\" content=\"summary_large_image\" \/>\n<meta name=\"twitter:label1\" content=\"Gesch\u00e4tzte Lesezeit\" \/>\n\t<meta name=\"twitter:data1\" content=\"2\u00a0Minuten\" \/>\n<script type=\"application\/ld+json\" class=\"yoast-schema-graph\">{\"@context\":\"https:\\\/\\\/schema.org\",\"@graph\":[{\"@type\":\"WebPage\",\"@id\":\"https:\\\/\\\/veltmanmachines.com\\\/de\\\/?page_id=2125\",\"url\":\"https:\\\/\\\/veltmanmachines.com\\\/de\\\/?page_id=2125\",\"name\":\"Schaublin - Veltmanmachines\",\"isPartOf\":{\"@id\":\"https:\\\/\\\/veltmanmachines.com\\\/#website\"},\"primaryImageOfPage\":{\"@id\":\"https:\\\/\\\/veltmanmachines.com\\\/de\\\/?page_id=2125#primaryimage\"},\"image\":{\"@id\":\"https:\\\/\\\/veltmanmachines.com\\\/de\\\/?page_id=2125#primaryimage\"},\"thumbnailUrl\":\"https:\\\/\\\/veltmanmachines.com\\\/wp-content\\\/uploads\\\/2024\\\/01\\\/20231110_115144.jpg\",\"datePublished\":\"2024-01-28T11:15:28+00:00\",\"dateModified\":\"2024-02-13T17:36:18+00:00\",\"description\":\"Schaublin-Drehmaschinen oder -Fr\u00e4smaschinen. Suchen Sie nicht weiter als Veltman Machines! Wir haben die gr\u00f6\u00dfte Auswahl an gebrauchten Schaublin-Maschinen.\",\"breadcrumb\":{\"@id\":\"https:\\\/\\\/veltmanmachines.com\\\/de\\\/?page_id=2125#breadcrumb\"},\"inLanguage\":\"de\",\"potentialAction\":[{\"@type\":\"ReadAction\",\"target\":[\"https:\\\/\\\/veltmanmachines.com\\\/de\\\/?page_id=2125\"]}]},{\"@type\":\"ImageObject\",\"inLanguage\":\"de\",\"@id\":\"https:\\\/\\\/veltmanmachines.com\\\/de\\\/?page_id=2125#primaryimage\",\"url\":\"https:\\\/\\\/veltmanmachines.com\\\/wp-content\\\/uploads\\\/2024\\\/01\\\/20231110_115144.jpg\",\"contentUrl\":\"https:\\\/\\\/veltmanmachines.com\\\/wp-content\\\/uploads\\\/2024\\\/01\\\/20231110_115144.jpg\"},{\"@type\":\"BreadcrumbList\",\"@id\":\"https:\\\/\\\/veltmanmachines.com\\\/de\\\/?page_id=2125#breadcrumb\",\"itemListElement\":[{\"@type\":\"ListItem\",\"position\":1,\"name\":\"Home\",\"item\":\"https:\\\/\\\/veltmanmachines.com\\\/\"},{\"@type\":\"ListItem\",\"position\":2,\"name\":\"Schaublin\"}]},{\"@type\":\"WebSite\",\"@id\":\"https:\\\/\\\/veltmanmachines.com\\\/#website\",\"url\":\"https:\\\/\\\/veltmanmachines.com\\\/\",\"name\":\"Veltman machines\",\"description\":\"\",\"publisher\":{\"@id\":\"https:\\\/\\\/veltmanmachines.com\\\/#organization\"},\"potentialAction\":[{\"@type\":\"SearchAction\",\"target\":{\"@type\":\"EntryPoint\",\"urlTemplate\":\"https:\\\/\\\/veltmanmachines.com\\\/?s={search_term_string}\"},\"query-input\":{\"@type\":\"PropertyValueSpecification\",\"valueRequired\":true,\"valueName\":\"search_term_string\"}}],\"inLanguage\":\"de\"},{\"@type\":\"Organization\",\"@id\":\"https:\\\/\\\/veltmanmachines.com\\\/#organization\",\"name\":\"Veltman machines\",\"url\":\"https:\\\/\\\/veltmanmachines.com\\\/\",\"logo\":{\"@type\":\"ImageObject\",\"inLanguage\":\"de\",\"@id\":\"https:\\\/\\\/veltmanmachines.com\\\/#\\\/schema\\\/logo\\\/image\\\/\",\"url\":\"https:\\\/\\\/veltmanmachines.com\\\/wp-content\\\/uploads\\\/2023\\\/09\\\/top.gif\",\"contentUrl\":\"https:\\\/\\\/veltmanmachines.com\\\/wp-content\\\/uploads\\\/2023\\\/09\\\/top.gif\",\"width\":363,\"height\":97,\"caption\":\"Veltman machines\"},\"image\":{\"@id\":\"https:\\\/\\\/veltmanmachines.com\\\/#\\\/schema\\\/logo\\\/image\\\/\"},\"sameAs\":[\"https:\\\/\\\/www.youtube.com\\\/@veltmanmachines7902\"]}]}<\/script>\n<!-- \/ Yoast SEO plugin. -->","yoast_head_json":{"title":"Schaublin - Veltmanmachines","description":"Schaublin-Drehmaschinen oder -Fr\u00e4smaschinen. Suchen Sie nicht weiter als Veltman Machines! Wir haben die gr\u00f6\u00dfte Auswahl an gebrauchten Schaublin-Maschinen.","robots":{"index":"index","follow":"follow","max-snippet":"max-snippet:-1","max-image-preview":"max-image-preview:large","max-video-preview":"max-video-preview:-1"},"canonical":"https:\/\/veltmanmachines.com\/de\/?page_id=2125","og_locale":"de_DE","og_type":"article","og_title":"Schaublin - Veltmanmachines","og_description":"Schaublin-Drehmaschinen oder -Fr\u00e4smaschinen. Suchen Sie nicht weiter als Veltman Machines! Wir haben die gr\u00f6\u00dfte Auswahl an gebrauchten Schaublin-Maschinen.","og_url":"https:\/\/veltmanmachines.com\/de\/?page_id=2125","og_site_name":"Veltmanmachines","article_modified_time":"2024-02-13T17:36:18+00:00","og_image":[{"url":"https:\/\/veltmanmachines.com\/wp-content\/uploads\/2024\/01\/20231110_115144.jpg","type":"","width":"","height":""}],"twitter_card":"summary_large_image","twitter_misc":{"Gesch\u00e4tzte Lesezeit":"2\u00a0Minuten"},"schema":{"@context":"https:\/\/schema.org","@graph":[{"@type":"WebPage","@id":"https:\/\/veltmanmachines.com\/de\/?page_id=2125","url":"https:\/\/veltmanmachines.com\/de\/?page_id=2125","name":"Schaublin - Veltmanmachines","isPartOf":{"@id":"https:\/\/veltmanmachines.com\/#website"},"primaryImageOfPage":{"@id":"https:\/\/veltmanmachines.com\/de\/?page_id=2125#primaryimage"},"image":{"@id":"https:\/\/veltmanmachines.com\/de\/?page_id=2125#primaryimage"},"thumbnailUrl":"https:\/\/veltmanmachines.com\/wp-content\/uploads\/2024\/01\/20231110_115144.jpg","datePublished":"2024-01-28T11:15:28+00:00","dateModified":"2024-02-13T17:36:18+00:00","description":"Schaublin-Drehmaschinen oder -Fr\u00e4smaschinen. Suchen Sie nicht weiter als Veltman Machines! Wir haben die gr\u00f6\u00dfte Auswahl an gebrauchten Schaublin-Maschinen.","breadcrumb":{"@id":"https:\/\/veltmanmachines.com\/de\/?page_id=2125#breadcrumb"},"inLanguage":"de","potentialAction":[{"@type":"ReadAction","target":["https:\/\/veltmanmachines.com\/de\/?page_id=2125"]}]},{"@type":"ImageObject","inLanguage":"de","@id":"https:\/\/veltmanmachines.com\/de\/?page_id=2125#primaryimage","url":"https:\/\/veltmanmachines.com\/wp-content\/uploads\/2024\/01\/20231110_115144.jpg","contentUrl":"https:\/\/veltmanmachines.com\/wp-content\/uploads\/2024\/01\/20231110_115144.jpg"},{"@type":"BreadcrumbList","@id":"https:\/\/veltmanmachines.com\/de\/?page_id=2125#breadcrumb","itemListElement":[{"@type":"ListItem","position":1,"name":"Home","item":"https:\/\/veltmanmachines.com\/"},{"@type":"ListItem","position":2,"name":"Schaublin"}]},{"@type":"WebSite","@id":"https:\/\/veltmanmachines.com\/#website","url":"https:\/\/veltmanmachines.com\/","name":"Veltman machines","description":"","publisher":{"@id":"https:\/\/veltmanmachines.com\/#organization"},"potentialAction":[{"@type":"SearchAction","target":{"@type":"EntryPoint","urlTemplate":"https:\/\/veltmanmachines.com\/?s={search_term_string}"},"query-input":{"@type":"PropertyValueSpecification","valueRequired":true,"valueName":"search_term_string"}}],"inLanguage":"de"},{"@type":"Organization","@id":"https:\/\/veltmanmachines.com\/#organization","name":"Veltman machines","url":"https:\/\/veltmanmachines.com\/","logo":{"@type":"ImageObject","inLanguage":"de","@id":"https:\/\/veltmanmachines.com\/#\/schema\/logo\/image\/","url":"https:\/\/veltmanmachines.com\/wp-content\/uploads\/2023\/09\/top.gif","contentUrl":"https:\/\/veltmanmachines.com\/wp-content\/uploads\/2023\/09\/top.gif","width":363,"height":97,"caption":"Veltman machines"},"image":{"@id":"https:\/\/veltmanmachines.com\/#\/schema\/logo\/image\/"},"sameAs":["https:\/\/www.youtube.com\/@veltmanmachines7902"]}]}},"_links":{"self":[{"href":"https:\/\/veltmanmachines.com\/de\/wp-json\/wp\/v2\/pages\/2125","targetHints":{"allow":["GET"]}}],"collection":[{"href":"https:\/\/veltmanmachines.com\/de\/wp-json\/wp\/v2\/pages"}],"about":[{"href":"https:\/\/veltmanmachines.com\/de\/wp-json\/wp\/v2\/types\/page"}],"author":[{"embeddable":true,"href":"https:\/\/veltmanmachines.com\/de\/wp-json\/wp\/v2\/users\/1"}],"replies":[{"embeddable":true,"href":"https:\/\/veltmanmachines.com\/de\/wp-json\/wp\/v2\/comments?post=2125"}],"version-history":[{"count":2,"href":"https:\/\/veltmanmachines.com\/de\/wp-json\/wp\/v2\/pages\/2125\/revisions"}],"predecessor-version":[{"id":2129,"href":"https:\/\/veltmanmachines.com\/de\/wp-json\/wp\/v2\/pages\/2125\/revisions\/2129"}],"wp:attachment":[{"href":"https:\/\/veltmanmachines.com\/de\/wp-json\/wp\/v2\/media?parent=2125"}],"curies":[{"name":"wp","href":"https:\/\/api.w.org\/{rel}","templated":true}]}}