{"id":2147,"date":"2024-01-23T17:35:48","date_gmt":"2024-01-23T17:35:48","guid":{"rendered":"https:\/\/veltmanmachines.com\/deckel-fp\/"},"modified":"2024-02-13T17:36:30","modified_gmt":"2024-02-13T17:36:30","slug":"deckel-fp","status":"publish","type":"page","link":"https:\/\/veltmanmachines.com\/de\/deckel-fp\/","title":{"rendered":"Deckel FP"},"content":{"rendered":"\t\t<div data-elementor-type=\"wp-page\" data-elementor-id=\"2147\" class=\"elementor elementor-2147 elementor-237\" data-elementor-post-type=\"page\">\n\t\t\t\t<div class=\"elementor-element elementor-element-2f88690 e-flex e-con-boxed e-con e-parent\" data-id=\"2f88690\" data-element_type=\"container\" data-e-type=\"container\">\n\t\t\t\t\t<div class=\"e-con-inner\">\n\t\t<div class=\"elementor-element elementor-element-f703bdc e-flex e-con-boxed e-con e-child\" data-id=\"f703bdc\" data-element_type=\"container\" data-e-type=\"container\">\n\t\t\t\t\t<div class=\"e-con-inner\">\n\t\t\t\t<div class=\"elementor-element elementor-element-4618073 elementor-widget elementor-widget-heading\" data-id=\"4618073\" data-element_type=\"widget\" data-e-type=\"widget\" data-widget_type=\"heading.default\">\n\t\t\t\t<div class=\"elementor-widget-container\">\n\t\t\t\t\t<h1 class=\"elementor-heading-title elementor-size-default\">Deckel FP<\/h1>\t\t\t\t<\/div>\n\t\t\t\t<\/div>\n\t\t\t\t<div class=\"elementor-element elementor-element-3dca271 elementor-widget elementor-widget-text-editor\" data-id=\"3dca271\" data-element_type=\"widget\" data-e-type=\"widget\" data-widget_type=\"text-editor.default\">\n\t\t\t\t<div class=\"elementor-widget-container\">\n\t\t\t\t\t\t\t\t\t<p>Sie suchen eine konventionelle, zuverl\u00e4ssige Fr\u00e4smaschine, die Ihnen<br \/>au\u00dfergew\u00f6hnliche Pr\u00e4zision und Leistung? Der Deckel FP1 ist der ideale Begleiter.<br \/>oder Deckel FP2 oder Deckel FP3 Fr\u00e4smaschinen von Veltman Machines. Mit<br \/>\u00fcberlegene Technik und modernste Features aus deutschem Design, das<br \/>Maschine war zu ihrer Zeit in den 70er Jahren ein Wendepunkt in der Welt des Fr\u00e4sens<br \/>und 80er Jahre. Echte Produktionsmaschinen, die auch heute noch mehr leisten als viele<br \/>neue Maschinen.<\/p>\n\t\t\t\t\t\t\t\t<\/div>\n\t\t\t\t<\/div>\n\t\t\t\t\t<\/div>\n\t\t\t\t<\/div>\n\t\t<div class=\"elementor-element elementor-element-bbb03a8 e-flex e-con-boxed e-con e-child\" data-id=\"bbb03a8\" data-element_type=\"container\" data-e-type=\"container\">\n\t\t\t\t\t<div class=\"e-con-inner\">\n\t\t\t\t<div class=\"elementor-element elementor-element-665aa1a elementor-widget elementor-widget-image\" data-id=\"665aa1a\" data-element_type=\"widget\" data-e-type=\"widget\" data-widget_type=\"image.default\">\n\t\t\t\t<div class=\"elementor-widget-container\">\n\t\t\t\t\t\t\t\t\t\t\t\t\t\t\t<img fetchpriority=\"high\" decoding=\"async\" width=\"900\" height=\"1200\" src=\"https:\/\/veltmanmachines.com\/wp-content\/uploads\/2024\/01\/Deckel-FP3-2201-7.jpg\" class=\"attachment-full size-full wp-image-1139\" alt=\"Deckel-Fr\u00e4smaschine\" srcset=\"https:\/\/veltmanmachines.com\/wp-content\/uploads\/2024\/01\/Deckel-FP3-2201-7.jpg 900w, https:\/\/veltmanmachines.com\/wp-content\/uploads\/2024\/01\/Deckel-FP3-2201-7-600x800.jpg 600w, https:\/\/veltmanmachines.com\/wp-content\/uploads\/2024\/01\/Deckel-FP3-2201-7-225x300.jpg 225w, https:\/\/veltmanmachines.com\/wp-content\/uploads\/2024\/01\/Deckel-FP3-2201-7-768x1024.jpg 768w\" sizes=\"(max-width: 900px) 100vw, 900px\" \/>\t\t\t\t\t\t\t\t\t\t\t\t\t\t\t<\/div>\n\t\t\t\t<\/div>\n\t\t\t\t\t<\/div>\n\t\t\t\t<\/div>\n\t\t\t\t\t<\/div>\n\t\t\t\t<\/div>\n\t\t<div class=\"elementor-element elementor-element-b4f8fac e-flex e-con-boxed e-con e-parent\" data-id=\"b4f8fac\" data-element_type=\"container\" data-e-type=\"container\">\n\t\t\t\t\t<div class=\"e-con-inner\">\n\t\t<div class=\"elementor-element elementor-element-0a45870 e-flex e-con-boxed e-con e-child\" data-id=\"0a45870\" data-element_type=\"container\" data-e-type=\"container\">\n\t\t\t\t\t<div class=\"e-con-inner\">\n\t\t\t\t<div class=\"elementor-element elementor-element-cfdcbee elementor-widget elementor-widget-heading\" data-id=\"cfdcbee\" data-element_type=\"widget\" data-e-type=\"widget\" data-widget_type=\"heading.default\">\n\t\t\t\t<div class=\"elementor-widget-container\">\n\t\t\t\t\t<h2 class=\"elementor-heading-title elementor-size-default\">Gereinigt und gewartet<\/h2>\t\t\t\t<\/div>\n\t\t\t\t<\/div>\n\t\t\t\t<div class=\"elementor-element elementor-element-562d952 elementor-widget elementor-widget-text-editor\" data-id=\"562d952\" data-element_type=\"widget\" data-e-type=\"widget\" data-widget_type=\"text-editor.default\">\n\t\t\t\t<div class=\"elementor-widget-container\">\n\t\t\t\t\t\t\t\t\t<p>Alle <a href=\"https:\/\/veltmanmachines.com\/?s=deckel&amp;post_type=product\">Deckel<\/a> FP-Maschinen, die unser Werk verlassen, werden gereinigt und gewartet. Etwaige Fehler oder St\u00f6rungen werden ebenfalls behoben. Einer der wichtigsten Vorteile der Deckel FP-Typen ist die Verf\u00fcgbarkeit der Teile. Auch Zubeh\u00f6r wurde in der Vergangenheit in gro\u00dfer Zahl verkauft und wird daher noch immer sehr h\u00e4ufig auf dem Gebrauchtmarkt angeboten. Wir bieten auch eine gro\u00dfe Auswahl an Zubeh\u00f6r<\/p>\n<p>Ein weiteres herausragendes Merkmal des Deckel FP ist seine robuste Konstruktion. Diese Fr\u00e4smaschine wurde f\u00fcr den harten Einsatz gebaut und ist \u00e4u\u00dferst langlebig und zuverl\u00e4ssig, was eine lange Lebensdauer und minimalen Wartungsbedarf gew\u00e4hrleistet. Der solide Rahmen und die hochwertigen Komponenten garantieren Stabilit\u00e4t und Pr\u00e4zision auch bei anspruchsvollen Fr\u00e4sarbeiten.<\/p>\n\t\t\t\t\t\t\t\t<\/div>\n\t\t\t\t<\/div>\n\t\t\t\t<div class=\"elementor-element elementor-element-6a30cde elementor-widget elementor-widget-heading\" data-id=\"6a30cde\" data-element_type=\"widget\" data-e-type=\"widget\" data-widget_type=\"heading.default\">\n\t\t\t\t<div class=\"elementor-widget-container\">\n\t\t\t\t\t<h3 class=\"elementor-heading-title elementor-size-default\">Vielseitigkeit und Genauigkeit<\/h3>\t\t\t\t<\/div>\n\t\t\t\t<\/div>\n\t\t\t\t<div class=\"elementor-element elementor-element-6a8f0ea elementor-widget elementor-widget-text-editor\" data-id=\"6a8f0ea\" data-element_type=\"widget\" data-e-type=\"widget\" data-widget_type=\"text-editor.default\">\n\t\t\t\t<div class=\"elementor-widget-container\">\n\t\t\t\t\t\t\t\t\t<p>Die Deckel FP-Fr\u00e4smaschine ist bekannt f\u00fcr ihre Vielseitigkeit und Genauigkeit. Er ist mit einer schlanken Pinole ausgestattet, die sich zum pr\u00e4zisen Fr\u00e4sen und Bohren von verschiedenen Materialien eignet. Ganz gleich, ob Sie Metall, Kunststoff oder Holz fr\u00e4sen m\u00fcssen, diese Maschine erledigt die Aufgabe mit Leichtigkeit und liefert durchweg makellose Ergebnisse. Wenn Sie sich f\u00fcr eine Deckel FP Fr\u00e4smaschine von Veltman Machines entscheiden, k\u00f6nnen Sie nicht nur eine erstklassige Gebrauchtmaschine, sondern auch einen ausgezeichneten Kundendienst erwarten.<\/p>\n\t\t\t\t\t\t\t\t<\/div>\n\t\t\t\t<\/div>\n\t\t\t\t<div class=\"elementor-element elementor-element-ca57439 elementor-widget elementor-widget-heading\" data-id=\"ca57439\" data-element_type=\"widget\" data-e-type=\"widget\" data-widget_type=\"heading.default\">\n\t\t\t\t<div class=\"elementor-widget-container\">\n\t\t\t\t\t<h3 class=\"elementor-heading-title elementor-size-default\">Brauchen Sie Hilfe?<\/h3>\t\t\t\t<\/div>\n\t\t\t\t<\/div>\n\t\t\t\t<div class=\"elementor-element elementor-element-9686e46 elementor-widget elementor-widget-text-editor\" data-id=\"9686e46\" data-element_type=\"widget\" data-e-type=\"widget\" data-widget_type=\"text-editor.default\">\n\t\t\t\t<div class=\"elementor-widget-container\">\n\t\t\t\t\t\t\t\t\t<p>Wir haben Erfahrung im weltweiten Versand zu wettbewerbsf\u00e4higen Preisen und k\u00f6nnen Sie bei der Abwicklung der Einfuhrformalit\u00e4ten unterst\u00fctzen. Wir verpacken die Tiere bei Bedarf selbst. Au\u00dferhalb Europas liefern wir in die USA, Australien, Kanada, Mexiko, Indien, Russland, Sri Lanka, S\u00fcdafrika, \u00c4gypten, Israel, Taiwan, T\u00fcrkei u.a. Veltman Machines ist bestrebt, seine Kunden von der ersten Beratung bis zum After-Sales-Service hervorragend zu unterst\u00fctzen. Sind Sie auf der Suche nach einer europ\u00e4ischen Deckel FP Fr\u00e4smaschine, die sich in einem ausgezeichneten Zustand befindet und Ihnen viele Jahre lang dienen wird.<\/p>\n<p><a href=\"https:\/\/veltmanmachines.com\/de\/?page_id=2064\">Kontaktieren Sie uns<\/a> \u00fcber die Schaltfl\u00e4che unten, um einen Termin zu vereinbaren oder rufen Sie uns unter der unten angegebenen Nummer an!<\/p>\n\t\t\t\t\t\t\t\t<\/div>\n\t\t\t\t<\/div>\n\t\t\t\t\t<\/div>\n\t\t\t\t<\/div>\n\t\t\t\t\t<\/div>\n\t\t\t\t<\/div>\n\t\t<div class=\"elementor-element elementor-element-af4c716 elementor-hidden-desktop elementor-hidden-tablet elementor-hidden-mobile e-flex e-con-boxed e-con e-parent\" data-id=\"af4c716\" data-element_type=\"container\" data-e-type=\"container\">\n\t\t\t\t\t<div class=\"e-con-inner\">\n\t\t<div class=\"elementor-element elementor-element-712c84a e-flex e-con-boxed e-con e-child\" data-id=\"712c84a\" data-element_type=\"container\" data-e-type=\"container\">\n\t\t\t\t\t<div class=\"e-con-inner\">\n\t\t\t\t<div class=\"elementor-element elementor-element-987a4e8 elementor-position-top elementor-widget elementor-widget-image-box\" data-id=\"987a4e8\" data-element_type=\"widget\" data-e-type=\"widget\" data-widget_type=\"image-box.default\">\n\t\t\t\t<div class=\"elementor-widget-container\">\n\t\t\t\t\t<div class=\"elementor-image-box-wrapper\"><figure class=\"elementor-image-box-img\"><img decoding=\"async\" src=\"https:\/\/veltmanmachines.com\/wp-content\/uploads\/2024\/01\/mingcute_search-line-2.png\" title=\"\" alt=\"\" loading=\"lazy\" \/><\/figure><div class=\"elementor-image-box-content\"><h3 class=\"elementor-image-box-title\">h3<\/h3><p class=\"elementor-image-box-description\">Lorem ipsum dolor sit amet, consectetur adipiscing elit. Ut elit tellus, luctus nec ullamcorper mattis, pulvinar dapibus leo.<\/p><\/div><\/div>\t\t\t\t<\/div>\n\t\t\t\t<\/div>\n\t\t\t\t\t<\/div>\n\t\t\t\t<\/div>\n\t\t<div class=\"elementor-element elementor-element-23c26f9 e-flex e-con-boxed e-con e-child\" data-id=\"23c26f9\" data-element_type=\"container\" data-e-type=\"container\">\n\t\t\t\t\t<div class=\"e-con-inner\">\n\t\t\t\t<div class=\"elementor-element elementor-element-34ff871 elementor-position-top elementor-widget elementor-widget-image-box\" data-id=\"34ff871\" data-element_type=\"widget\" data-e-type=\"widget\" data-widget_type=\"image-box.default\">\n\t\t\t\t<div class=\"elementor-widget-container\">\n\t\t\t\t\t<div class=\"elementor-image-box-wrapper\"><figure class=\"elementor-image-box-img\"><img decoding=\"async\" src=\"https:\/\/veltmanmachines.com\/wp-content\/uploads\/2024\/01\/mingcute_search-line-1.png\" title=\"\" alt=\"\" loading=\"lazy\" \/><\/figure><div class=\"elementor-image-box-content\"><h3 class=\"elementor-image-box-title\">h3<\/h3><p class=\"elementor-image-box-description\">Lorem ipsum dolor sit amet, consectetur adipiscing elit. Ut elit tellus, luctus nec ullamcorper mattis, pulvinar dapibus leo.<\/p><\/div><\/div>\t\t\t\t<\/div>\n\t\t\t\t<\/div>\n\t\t\t\t\t<\/div>\n\t\t\t\t<\/div>\n\t\t<div class=\"elementor-element elementor-element-9359ff0 e-flex e-con-boxed e-con e-child\" data-id=\"9359ff0\" data-element_type=\"container\" data-e-type=\"container\">\n\t\t\t\t\t<div class=\"e-con-inner\">\n\t\t\t\t<div class=\"elementor-element elementor-element-769e0ba elementor-position-top elementor-widget elementor-widget-image-box\" data-id=\"769e0ba\" data-element_type=\"widget\" data-e-type=\"widget\" data-widget_type=\"image-box.default\">\n\t\t\t\t<div class=\"elementor-widget-container\">\n\t\t\t\t\t<div class=\"elementor-image-box-wrapper\"><figure class=\"elementor-image-box-img\"><img decoding=\"async\" src=\"https:\/\/veltmanmachines.com\/wp-content\/uploads\/2024\/01\/mingcute_search-line.png\" title=\"\" alt=\"\" loading=\"lazy\" \/><\/figure><div class=\"elementor-image-box-content\"><h3 class=\"elementor-image-box-title\">h3<\/h3><p class=\"elementor-image-box-description\">Lorem ipsum dolor sit amet, consectetur adipiscing elit. Ut elit tellus, luctus nec ullamcorper mattis, pulvinar dapibus leo.<\/p><\/div><\/div>\t\t\t\t<\/div>\n\t\t\t\t<\/div>\n\t\t\t\t\t<\/div>\n\t\t\t\t<\/div>\n\t\t<div class=\"elementor-element elementor-element-c7beee4 e-flex e-con-boxed e-con e-child\" data-id=\"c7beee4\" data-element_type=\"container\" data-e-type=\"container\">\n\t\t\t\t\t<div class=\"e-con-inner\">\n\t\t\t\t<div class=\"elementor-element elementor-element-396a791 elementor-position-top elementor-widget elementor-widget-image-box\" data-id=\"396a791\" data-element_type=\"widget\" data-e-type=\"widget\" data-widget_type=\"image-box.default\">\n\t\t\t\t<div class=\"elementor-widget-container\">\n\t\t\t\t\t<div class=\"elementor-image-box-wrapper\"><figure class=\"elementor-image-box-img\"><img decoding=\"async\" src=\"https:\/\/veltmanmachines.com\/wp-content\/uploads\/2024\/01\/mingcute_search-line-3.png\" title=\"\" alt=\"\" loading=\"lazy\" \/><\/figure><div class=\"elementor-image-box-content\"><h3 class=\"elementor-image-box-title\">h3<\/h3><p class=\"elementor-image-box-description\">Lorem ipsum dolor sit amet, consectetur adipiscing elit. Ut elit tellus, luctus nec ullamcorper mattis, pulvinar dapibus leo.<\/p><\/div><\/div>\t\t\t\t<\/div>\n\t\t\t\t<\/div>\n\t\t\t\t\t<\/div>\n\t\t\t\t<\/div>\n\t\t\t\t\t<\/div>\n\t\t\t\t<\/div>\n\t\t\t\t<\/div>\n\t\t","protected":false},"excerpt":{"rendered":"<p>Deckel FP Sie suchen eine konventionelle, zuverl\u00e4ssige Fr\u00e4smaschine, die Ihnenau\u00dfergew\u00f6hnliche Pr\u00e4zision und Leistung? Der Deckel FP1 ist der ideale Begleiter.oder Deckel FP2 oder Deckel FP3 Fr\u00e4smaschinen von Veltman Machines. Mit\u00fcberlegene Technik und modernste Features aus deutschem Design, dasMaschine war zu ihrer Zeit in den 70er Jahren ein Wendepunkt in der Welt des Fr\u00e4sensund 80er Jahre. [&hellip;]<\/p>\n","protected":false},"author":1,"featured_media":0,"parent":0,"menu_order":0,"comment_status":"closed","ping_status":"closed","template":"","meta":{"_acf_changed":false,"site-sidebar-layout":"no-sidebar","site-content-layout":"","ast-site-content-layout":"full-width-container","site-content-style":"default","site-sidebar-style":"default","ast-global-header-display":"","ast-banner-title-visibility":"","ast-main-header-display":"","ast-hfb-above-header-display":"","ast-hfb-below-header-display":"","ast-hfb-mobile-header-display":"","site-post-title":"disabled","ast-breadcrumbs-content":"","ast-featured-img":"disabled","footer-sml-layout":"","theme-transparent-header-meta":"","adv-header-id-meta":"","stick-header-meta":"","header-above-stick-meta":"","header-main-stick-meta":"","header-below-stick-meta":"","astra-migrate-meta-layouts":"default","ast-page-background-enabled":"default","ast-page-background-meta":{"desktop":{"background-color":"var(--ast-global-color-4)","background-image":"","background-repeat":"repeat","background-position":"center center","background-size":"auto","background-attachment":"scroll","background-type":"","background-media":"","overlay-type":"","overlay-color":"","overlay-opacity":"","overlay-gradient":""},"tablet":{"background-color":"","background-image":"","background-repeat":"repeat","background-position":"center center","background-size":"auto","background-attachment":"scroll","background-type":"","background-media":"","overlay-type":"","overlay-color":"","overlay-opacity":"","overlay-gradient":""},"mobile":{"background-color":"","background-image":"","background-repeat":"repeat","background-position":"center center","background-size":"auto","background-attachment":"scroll","background-type":"","background-media":"","overlay-type":"","overlay-color":"","overlay-opacity":"","overlay-gradient":""}},"ast-content-background-meta":{"desktop":{"background-color":"var(--ast-global-color-5)","background-image":"","background-repeat":"repeat","background-position":"center center","background-size":"auto","background-attachment":"scroll","background-type":"","background-media":"","overlay-type":"","overlay-color":"","overlay-opacity":"","overlay-gradient":""},"tablet":{"background-color":"var(--ast-global-color-5)","background-image":"","background-repeat":"repeat","background-position":"center center","background-size":"auto","background-attachment":"scroll","background-type":"","background-media":"","overlay-type":"","overlay-color":"","overlay-opacity":"","overlay-gradient":""},"mobile":{"background-color":"var(--ast-global-color-5)","background-image":"","background-repeat":"repeat","background-position":"center center","background-size":"auto","background-attachment":"scroll","background-type":"","background-media":"","overlay-type":"","overlay-color":"","overlay-opacity":"","overlay-gradient":""}},"footnotes":""},"class_list":["post-2147","page","type-page","status-publish","hentry"],"acf":[],"yoast_head":"<!-- This site is optimized with the Yoast SEO plugin v27.3 - https:\/\/yoast.com\/product\/yoast-seo-wordpress\/ -->\n<title>Deckel FP - Veltmanmachines<\/title>\n<meta name=\"description\" content=\"Die FP-Fr\u00e4smaschinen von Deckel geh\u00f6ren zu den besten, die es gibt. Holen Sie sich jetzt Ihre original Deckel FP bei Veltman Machines!\" \/>\n<meta name=\"robots\" content=\"index, follow, max-snippet:-1, max-image-preview:large, max-video-preview:-1\" \/>\n<link rel=\"canonical\" href=\"https:\/\/veltmanmachines.com\/de\/deckel-fp\/\" \/>\n<meta property=\"og:locale\" content=\"de_DE\" \/>\n<meta property=\"og:type\" content=\"article\" \/>\n<meta property=\"og:title\" content=\"Deckel FP - Veltmanmachines\" \/>\n<meta property=\"og:description\" content=\"Die FP-Fr\u00e4smaschinen von Deckel geh\u00f6ren zu den besten, die es gibt. Holen Sie sich jetzt Ihre original Deckel FP bei Veltman Machines!\" \/>\n<meta property=\"og:url\" content=\"https:\/\/veltmanmachines.com\/de\/deckel-fp\/\" \/>\n<meta property=\"og:site_name\" content=\"Veltmanmachines\" \/>\n<meta property=\"article:modified_time\" content=\"2024-02-13T17:36:30+00:00\" \/>\n<meta property=\"og:image\" content=\"https:\/\/veltmanmachines.com\/wp-content\/uploads\/2024\/01\/Deckel-FP3-2201-7.jpg\" \/>\n<meta name=\"twitter:card\" content=\"summary_large_image\" \/>\n<meta name=\"twitter:label1\" content=\"Gesch\u00e4tzte Lesezeit\" \/>\n\t<meta name=\"twitter:data1\" content=\"2\u00a0Minuten\" \/>\n<script type=\"application\/ld+json\" class=\"yoast-schema-graph\">{\"@context\":\"https:\\\/\\\/schema.org\",\"@graph\":[{\"@type\":\"WebPage\",\"@id\":\"https:\\\/\\\/veltmanmachines.com\\\/de\\\/deckel-fp\\\/\",\"url\":\"https:\\\/\\\/veltmanmachines.com\\\/de\\\/deckel-fp\\\/\",\"name\":\"Deckel FP - Veltmanmachines\",\"isPartOf\":{\"@id\":\"https:\\\/\\\/veltmanmachines.com\\\/#website\"},\"primaryImageOfPage\":{\"@id\":\"https:\\\/\\\/veltmanmachines.com\\\/de\\\/deckel-fp\\\/#primaryimage\"},\"image\":{\"@id\":\"https:\\\/\\\/veltmanmachines.com\\\/de\\\/deckel-fp\\\/#primaryimage\"},\"thumbnailUrl\":\"https:\\\/\\\/veltmanmachines.com\\\/wp-content\\\/uploads\\\/2024\\\/01\\\/Deckel-FP3-2201-7.jpg\",\"datePublished\":\"2024-01-23T17:35:48+00:00\",\"dateModified\":\"2024-02-13T17:36:30+00:00\",\"description\":\"Die FP-Fr\u00e4smaschinen von Deckel geh\u00f6ren zu den besten, die es gibt. Holen Sie sich jetzt Ihre original Deckel FP bei Veltman Machines!\",\"breadcrumb\":{\"@id\":\"https:\\\/\\\/veltmanmachines.com\\\/de\\\/deckel-fp\\\/#breadcrumb\"},\"inLanguage\":\"de\",\"potentialAction\":[{\"@type\":\"ReadAction\",\"target\":[\"https:\\\/\\\/veltmanmachines.com\\\/de\\\/deckel-fp\\\/\"]}]},{\"@type\":\"ImageObject\",\"inLanguage\":\"de\",\"@id\":\"https:\\\/\\\/veltmanmachines.com\\\/de\\\/deckel-fp\\\/#primaryimage\",\"url\":\"https:\\\/\\\/veltmanmachines.com\\\/wp-content\\\/uploads\\\/2024\\\/01\\\/Deckel-FP3-2201-7.jpg\",\"contentUrl\":\"https:\\\/\\\/veltmanmachines.com\\\/wp-content\\\/uploads\\\/2024\\\/01\\\/Deckel-FP3-2201-7.jpg\"},{\"@type\":\"BreadcrumbList\",\"@id\":\"https:\\\/\\\/veltmanmachines.com\\\/de\\\/deckel-fp\\\/#breadcrumb\",\"itemListElement\":[{\"@type\":\"ListItem\",\"position\":1,\"name\":\"Home\",\"item\":\"https:\\\/\\\/veltmanmachines.com\\\/\"},{\"@type\":\"ListItem\",\"position\":2,\"name\":\"Deckel FP\"}]},{\"@type\":\"WebSite\",\"@id\":\"https:\\\/\\\/veltmanmachines.com\\\/#website\",\"url\":\"https:\\\/\\\/veltmanmachines.com\\\/\",\"name\":\"Veltman machines\",\"description\":\"\",\"publisher\":{\"@id\":\"https:\\\/\\\/veltmanmachines.com\\\/#organization\"},\"potentialAction\":[{\"@type\":\"SearchAction\",\"target\":{\"@type\":\"EntryPoint\",\"urlTemplate\":\"https:\\\/\\\/veltmanmachines.com\\\/?s={search_term_string}\"},\"query-input\":{\"@type\":\"PropertyValueSpecification\",\"valueRequired\":true,\"valueName\":\"search_term_string\"}}],\"inLanguage\":\"de\"},{\"@type\":\"Organization\",\"@id\":\"https:\\\/\\\/veltmanmachines.com\\\/#organization\",\"name\":\"Veltman machines\",\"url\":\"https:\\\/\\\/veltmanmachines.com\\\/\",\"logo\":{\"@type\":\"ImageObject\",\"inLanguage\":\"de\",\"@id\":\"https:\\\/\\\/veltmanmachines.com\\\/#\\\/schema\\\/logo\\\/image\\\/\",\"url\":\"https:\\\/\\\/veltmanmachines.com\\\/wp-content\\\/uploads\\\/2023\\\/09\\\/top.gif\",\"contentUrl\":\"https:\\\/\\\/veltmanmachines.com\\\/wp-content\\\/uploads\\\/2023\\\/09\\\/top.gif\",\"width\":363,\"height\":97,\"caption\":\"Veltman machines\"},\"image\":{\"@id\":\"https:\\\/\\\/veltmanmachines.com\\\/#\\\/schema\\\/logo\\\/image\\\/\"},\"sameAs\":[\"https:\\\/\\\/www.youtube.com\\\/@veltmanmachines7902\"]}]}<\/script>\n<!-- \/ Yoast SEO plugin. -->","yoast_head_json":{"title":"Deckel FP - Veltmanmachines","description":"Die FP-Fr\u00e4smaschinen von Deckel geh\u00f6ren zu den besten, die es gibt. Holen Sie sich jetzt Ihre original Deckel FP bei Veltman Machines!","robots":{"index":"index","follow":"follow","max-snippet":"max-snippet:-1","max-image-preview":"max-image-preview:large","max-video-preview":"max-video-preview:-1"},"canonical":"https:\/\/veltmanmachines.com\/de\/deckel-fp\/","og_locale":"de_DE","og_type":"article","og_title":"Deckel FP - Veltmanmachines","og_description":"Die FP-Fr\u00e4smaschinen von Deckel geh\u00f6ren zu den besten, die es gibt. Holen Sie sich jetzt Ihre original Deckel FP bei Veltman Machines!","og_url":"https:\/\/veltmanmachines.com\/de\/deckel-fp\/","og_site_name":"Veltmanmachines","article_modified_time":"2024-02-13T17:36:30+00:00","og_image":[{"url":"https:\/\/veltmanmachines.com\/wp-content\/uploads\/2024\/01\/Deckel-FP3-2201-7.jpg","type":"","width":"","height":""}],"twitter_card":"summary_large_image","twitter_misc":{"Gesch\u00e4tzte Lesezeit":"2\u00a0Minuten"},"schema":{"@context":"https:\/\/schema.org","@graph":[{"@type":"WebPage","@id":"https:\/\/veltmanmachines.com\/de\/deckel-fp\/","url":"https:\/\/veltmanmachines.com\/de\/deckel-fp\/","name":"Deckel FP - Veltmanmachines","isPartOf":{"@id":"https:\/\/veltmanmachines.com\/#website"},"primaryImageOfPage":{"@id":"https:\/\/veltmanmachines.com\/de\/deckel-fp\/#primaryimage"},"image":{"@id":"https:\/\/veltmanmachines.com\/de\/deckel-fp\/#primaryimage"},"thumbnailUrl":"https:\/\/veltmanmachines.com\/wp-content\/uploads\/2024\/01\/Deckel-FP3-2201-7.jpg","datePublished":"2024-01-23T17:35:48+00:00","dateModified":"2024-02-13T17:36:30+00:00","description":"Die FP-Fr\u00e4smaschinen von Deckel geh\u00f6ren zu den besten, die es gibt. Holen Sie sich jetzt Ihre original Deckel FP bei Veltman Machines!","breadcrumb":{"@id":"https:\/\/veltmanmachines.com\/de\/deckel-fp\/#breadcrumb"},"inLanguage":"de","potentialAction":[{"@type":"ReadAction","target":["https:\/\/veltmanmachines.com\/de\/deckel-fp\/"]}]},{"@type":"ImageObject","inLanguage":"de","@id":"https:\/\/veltmanmachines.com\/de\/deckel-fp\/#primaryimage","url":"https:\/\/veltmanmachines.com\/wp-content\/uploads\/2024\/01\/Deckel-FP3-2201-7.jpg","contentUrl":"https:\/\/veltmanmachines.com\/wp-content\/uploads\/2024\/01\/Deckel-FP3-2201-7.jpg"},{"@type":"BreadcrumbList","@id":"https:\/\/veltmanmachines.com\/de\/deckel-fp\/#breadcrumb","itemListElement":[{"@type":"ListItem","position":1,"name":"Home","item":"https:\/\/veltmanmachines.com\/"},{"@type":"ListItem","position":2,"name":"Deckel FP"}]},{"@type":"WebSite","@id":"https:\/\/veltmanmachines.com\/#website","url":"https:\/\/veltmanmachines.com\/","name":"Veltman machines","description":"","publisher":{"@id":"https:\/\/veltmanmachines.com\/#organization"},"potentialAction":[{"@type":"SearchAction","target":{"@type":"EntryPoint","urlTemplate":"https:\/\/veltmanmachines.com\/?s={search_term_string}"},"query-input":{"@type":"PropertyValueSpecification","valueRequired":true,"valueName":"search_term_string"}}],"inLanguage":"de"},{"@type":"Organization","@id":"https:\/\/veltmanmachines.com\/#organization","name":"Veltman machines","url":"https:\/\/veltmanmachines.com\/","logo":{"@type":"ImageObject","inLanguage":"de","@id":"https:\/\/veltmanmachines.com\/#\/schema\/logo\/image\/","url":"https:\/\/veltmanmachines.com\/wp-content\/uploads\/2023\/09\/top.gif","contentUrl":"https:\/\/veltmanmachines.com\/wp-content\/uploads\/2023\/09\/top.gif","width":363,"height":97,"caption":"Veltman machines"},"image":{"@id":"https:\/\/veltmanmachines.com\/#\/schema\/logo\/image\/"},"sameAs":["https:\/\/www.youtube.com\/@veltmanmachines7902"]}]}},"_links":{"self":[{"href":"https:\/\/veltmanmachines.com\/de\/wp-json\/wp\/v2\/pages\/2147","targetHints":{"allow":["GET"]}}],"collection":[{"href":"https:\/\/veltmanmachines.com\/de\/wp-json\/wp\/v2\/pages"}],"about":[{"href":"https:\/\/veltmanmachines.com\/de\/wp-json\/wp\/v2\/types\/page"}],"author":[{"embeddable":true,"href":"https:\/\/veltmanmachines.com\/de\/wp-json\/wp\/v2\/users\/1"}],"replies":[{"embeddable":true,"href":"https:\/\/veltmanmachines.com\/de\/wp-json\/wp\/v2\/comments?post=2147"}],"version-history":[{"count":3,"href":"https:\/\/veltmanmachines.com\/de\/wp-json\/wp\/v2\/pages\/2147\/revisions"}],"predecessor-version":[{"id":2159,"href":"https:\/\/veltmanmachines.com\/de\/wp-json\/wp\/v2\/pages\/2147\/revisions\/2159"}],"wp:attachment":[{"href":"https:\/\/veltmanmachines.com\/de\/wp-json\/wp\/v2\/media?parent=2147"}],"curies":[{"name":"wp","href":"https:\/\/api.w.org\/{rel}","templated":true}]}}