{"id":2260,"date":"2024-01-28T09:28:29","date_gmt":"2024-01-28T09:28:29","guid":{"rendered":"https:\/\/veltmanmachines.com\/product\/vollautomatische-horizontale-bandsaege-behringer-hbp340a-cnc\/"},"modified":"2024-02-27T11:39:25","modified_gmt":"2024-02-27T11:39:25","slug":"vollautomatische-horizontale-bandsaege-behringer-hbp340a-cnc","status":"publish","type":"product","link":"https:\/\/veltmanmachines.com\/de\/product\/vollautomatische-horizontale-bandsaege-behringer-hbp340a-cnc\/","title":{"rendered":"Vollautomatische horizontale Bands\u00e4ge Behringer HBP340A CNC"},"content":{"rendered":"<p>Leistung  quadratisch 340x340mm<br \/>\n2 S\u00e4ulentyp<br \/>\nAbmessungen der Bands\u00e4ge 4860x32x1.1mm<br \/>\nS\u00e4gegeschwindigkeit 17-120m\/min<br \/>\nSp\u00e4nef\u00f6rderer<br \/>\nBaujahr  1988<\/p>\n","protected":false},"excerpt":{"rendered":"<p>Leistung quadratisch 340x340mm 2 S\u00e4ulentyp Abmessungen der Bands\u00e4ge 4860x32x1.1mm S\u00e4gegeschwindigkeit 17-120m\/min Sp\u00e4nef\u00f6rderer Baujahr 1988<\/p>\n","protected":false},"featured_media":1473,"comment_status":"open","ping_status":"closed","template":"","meta":{"_acf_changed":false,"site-sidebar-layout":"default","site-content-layout":"","ast-site-content-layout":"default","site-content-style":"default","site-sidebar-style":"default","ast-global-header-display":"","ast-banner-title-visibility":"","ast-main-header-display":"","ast-hfb-above-header-display":"","ast-hfb-below-header-display":"","ast-hfb-mobile-header-display":"","site-post-title":"","ast-breadcrumbs-content":"","ast-featured-img":"","footer-sml-layout":"","theme-transparent-header-meta":"default","adv-header-id-meta":"","stick-header-meta":"","header-above-stick-meta":"","header-main-stick-meta":"","header-below-stick-meta":"","astra-migrate-meta-layouts":"set","ast-page-background-enabled":"default","ast-page-background-meta":{"desktop":{"background-color":"var(--ast-global-color-4)","background-image":"","background-repeat":"repeat","background-position":"center center","background-size":"auto","background-attachment":"scroll","background-type":"","background-media":"","overlay-type":"","overlay-color":"","overlay-opacity":"","overlay-gradient":""},"tablet":{"background-color":"","background-image":"","background-repeat":"repeat","background-position":"center center","background-size":"auto","background-attachment":"scroll","background-type":"","background-media":"","overlay-type":"","overlay-color":"","overlay-opacity":"","overlay-gradient":""},"mobile":{"background-color":"","background-image":"","background-repeat":"repeat","background-position":"center center","background-size":"auto","background-attachment":"scroll","background-type":"","background-media":"","overlay-type":"","overlay-color":"","overlay-opacity":"","overlay-gradient":""}},"ast-content-background-meta":{"desktop":{"background-color":"var(--ast-global-color-5)","background-image":"","background-repeat":"repeat","background-position":"center center","background-size":"auto","background-attachment":"scroll","background-type":"","background-media":"","overlay-type":"","overlay-color":"","overlay-opacity":"","overlay-gradient":""},"tablet":{"background-color":"var(--ast-global-color-5)","background-image":"","background-repeat":"repeat","background-position":"center center","background-size":"auto","background-attachment":"scroll","background-type":"","background-media":"","overlay-type":"","overlay-color":"","overlay-opacity":"","overlay-gradient":""},"mobile":{"background-color":"var(--ast-global-color-5)","background-image":"","background-repeat":"repeat","background-position":"center center","background-size":"auto","background-attachment":"scroll","background-type":"","background-media":"","overlay-type":"","overlay-color":"","overlay-opacity":"","overlay-gradient":""}}},"product_brand":[],"product_cat":[140],"product_tag":[],"class_list":{"0":"post-2260","1":"product","2":"type-product","3":"status-publish","4":"has-post-thumbnail","6":"product_cat-sawing-machines-de","7":"Brand-behringer","8":"desktop-align-left","9":"tablet-align-left","10":"mobile-align-left","11":"ast-product-gallery-layout-vertical-slider","12":"ast-magnify-disabled","13":"ast-product-tabs-layout-horizontal","15":"first","16":"outofstock","17":"shipping-taxable","18":"product-type-simple"},"acf":[],"yoast_head":"<!-- This site is optimized with the Yoast SEO plugin v27.3 - https:\/\/yoast.com\/product\/yoast-seo-wordpress\/ -->\n<title>Vollautomatische horizontale Bands\u00e4ge Behringer HBP340A CNC - Veltmanmachines<\/title>\n<meta name=\"robots\" content=\"index, follow, max-snippet:-1, max-image-preview:large, max-video-preview:-1\" \/>\n<link rel=\"canonical\" href=\"https:\/\/veltmanmachines.com\/de\/product\/vollautomatische-horizontale-bandsaege-behringer-hbp340a-cnc\/\" \/>\n<meta property=\"og:locale\" content=\"de_DE\" \/>\n<meta property=\"og:type\" content=\"article\" \/>\n<meta property=\"og:title\" content=\"Vollautomatische horizontale Bands\u00e4ge Behringer HBP340A CNC - Veltmanmachines\" \/>\n<meta property=\"og:description\" content=\"Leistung quadratisch 340x340mm 2 S\u00e4ulentyp Abmessungen der Bands\u00e4ge 4860x32x1.1mm S\u00e4gegeschwindigkeit 17-120m\/min Sp\u00e4nef\u00f6rderer Baujahr 1988\" \/>\n<meta property=\"og:url\" content=\"https:\/\/veltmanmachines.com\/de\/product\/vollautomatische-horizontale-bandsaege-behringer-hbp340a-cnc\/\" \/>\n<meta property=\"og:site_name\" content=\"Veltmanmachines\" \/>\n<meta property=\"article:modified_time\" content=\"2024-02-27T11:39:25+00:00\" \/>\n<meta property=\"og:image\" content=\"https:\/\/veltmanmachines.com\/wp-content\/uploads\/2024\/01\/Behringer-HBP340A.jpg\" \/>\n\t<meta property=\"og:image:width\" content=\"1200\" \/>\n\t<meta property=\"og:image:height\" content=\"793\" \/>\n\t<meta property=\"og:image:type\" content=\"image\/jpeg\" \/>\n<meta name=\"twitter:card\" content=\"summary_large_image\" \/>\n<meta name=\"twitter:label1\" content=\"Gesch\u00e4tzte Lesezeit\" \/>\n\t<meta name=\"twitter:data1\" content=\"1\u00a0Minute\" \/>\n<script type=\"application\/ld+json\" class=\"yoast-schema-graph\">{\"@context\":\"https:\\\/\\\/schema.org\",\"@graph\":[{\"@type\":\"WebPage\",\"@id\":\"https:\\\/\\\/veltmanmachines.com\\\/de\\\/product\\\/vollautomatische-horizontale-bandsaege-behringer-hbp340a-cnc\\\/\",\"url\":\"https:\\\/\\\/veltmanmachines.com\\\/de\\\/product\\\/vollautomatische-horizontale-bandsaege-behringer-hbp340a-cnc\\\/\",\"name\":\"Vollautomatische horizontale Bands\u00e4ge Behringer HBP340A CNC - Veltmanmachines\",\"isPartOf\":{\"@id\":\"https:\\\/\\\/veltmanmachines.com\\\/#website\"},\"primaryImageOfPage\":{\"@id\":\"https:\\\/\\\/veltmanmachines.com\\\/de\\\/product\\\/vollautomatische-horizontale-bandsaege-behringer-hbp340a-cnc\\\/#primaryimage\"},\"image\":{\"@id\":\"https:\\\/\\\/veltmanmachines.com\\\/de\\\/product\\\/vollautomatische-horizontale-bandsaege-behringer-hbp340a-cnc\\\/#primaryimage\"},\"thumbnailUrl\":\"https:\\\/\\\/veltmanmachines.com\\\/wp-content\\\/uploads\\\/2024\\\/01\\\/Behringer-HBP340A.jpg\",\"datePublished\":\"2024-01-28T09:28:29+00:00\",\"dateModified\":\"2024-02-27T11:39:25+00:00\",\"breadcrumb\":{\"@id\":\"https:\\\/\\\/veltmanmachines.com\\\/de\\\/product\\\/vollautomatische-horizontale-bandsaege-behringer-hbp340a-cnc\\\/#breadcrumb\"},\"inLanguage\":\"de\",\"potentialAction\":[{\"@type\":\"ReadAction\",\"target\":[\"https:\\\/\\\/veltmanmachines.com\\\/de\\\/product\\\/vollautomatische-horizontale-bandsaege-behringer-hbp340a-cnc\\\/\"]}]},{\"@type\":\"ImageObject\",\"inLanguage\":\"de\",\"@id\":\"https:\\\/\\\/veltmanmachines.com\\\/de\\\/product\\\/vollautomatische-horizontale-bandsaege-behringer-hbp340a-cnc\\\/#primaryimage\",\"url\":\"https:\\\/\\\/veltmanmachines.com\\\/wp-content\\\/uploads\\\/2024\\\/01\\\/Behringer-HBP340A.jpg\",\"contentUrl\":\"https:\\\/\\\/veltmanmachines.com\\\/wp-content\\\/uploads\\\/2024\\\/01\\\/Behringer-HBP340A.jpg\",\"width\":1200,\"height\":793},{\"@type\":\"BreadcrumbList\",\"@id\":\"https:\\\/\\\/veltmanmachines.com\\\/de\\\/product\\\/vollautomatische-horizontale-bandsaege-behringer-hbp340a-cnc\\\/#breadcrumb\",\"itemListElement\":[{\"@type\":\"ListItem\",\"position\":1,\"name\":\"Home\",\"item\":\"https:\\\/\\\/veltmanmachines.com\\\/\"},{\"@type\":\"ListItem\",\"position\":2,\"name\":\"Neueste Maschinen-alt\",\"item\":\"https:\\\/\\\/veltmanmachines.com\\\/de\\\/shop\\\/\"},{\"@type\":\"ListItem\",\"position\":3,\"name\":\"Vollautomatische horizontale Bands\u00e4ge Behringer HBP340A CNC\"}]},{\"@type\":\"WebSite\",\"@id\":\"https:\\\/\\\/veltmanmachines.com\\\/#website\",\"url\":\"https:\\\/\\\/veltmanmachines.com\\\/\",\"name\":\"Veltman machines\",\"description\":\"\",\"publisher\":{\"@id\":\"https:\\\/\\\/veltmanmachines.com\\\/#organization\"},\"potentialAction\":[{\"@type\":\"SearchAction\",\"target\":{\"@type\":\"EntryPoint\",\"urlTemplate\":\"https:\\\/\\\/veltmanmachines.com\\\/?s={search_term_string}\"},\"query-input\":{\"@type\":\"PropertyValueSpecification\",\"valueRequired\":true,\"valueName\":\"search_term_string\"}}],\"inLanguage\":\"de\"},{\"@type\":\"Organization\",\"@id\":\"https:\\\/\\\/veltmanmachines.com\\\/#organization\",\"name\":\"Veltman machines\",\"url\":\"https:\\\/\\\/veltmanmachines.com\\\/\",\"logo\":{\"@type\":\"ImageObject\",\"inLanguage\":\"de\",\"@id\":\"https:\\\/\\\/veltmanmachines.com\\\/#\\\/schema\\\/logo\\\/image\\\/\",\"url\":\"https:\\\/\\\/veltmanmachines.com\\\/wp-content\\\/uploads\\\/2023\\\/09\\\/top.gif\",\"contentUrl\":\"https:\\\/\\\/veltmanmachines.com\\\/wp-content\\\/uploads\\\/2023\\\/09\\\/top.gif\",\"width\":363,\"height\":97,\"caption\":\"Veltman machines\"},\"image\":{\"@id\":\"https:\\\/\\\/veltmanmachines.com\\\/#\\\/schema\\\/logo\\\/image\\\/\"},\"sameAs\":[\"https:\\\/\\\/www.youtube.com\\\/@veltmanmachines7902\"]}]}<\/script>\n<!-- \/ Yoast SEO plugin. -->","yoast_head_json":{"title":"Vollautomatische horizontale Bands\u00e4ge Behringer HBP340A CNC - Veltmanmachines","robots":{"index":"index","follow":"follow","max-snippet":"max-snippet:-1","max-image-preview":"max-image-preview:large","max-video-preview":"max-video-preview:-1"},"canonical":"https:\/\/veltmanmachines.com\/de\/product\/vollautomatische-horizontale-bandsaege-behringer-hbp340a-cnc\/","og_locale":"de_DE","og_type":"article","og_title":"Vollautomatische horizontale Bands\u00e4ge Behringer HBP340A CNC - Veltmanmachines","og_description":"Leistung quadratisch 340x340mm 2 S\u00e4ulentyp Abmessungen der Bands\u00e4ge 4860x32x1.1mm S\u00e4gegeschwindigkeit 17-120m\/min Sp\u00e4nef\u00f6rderer Baujahr 1988","og_url":"https:\/\/veltmanmachines.com\/de\/product\/vollautomatische-horizontale-bandsaege-behringer-hbp340a-cnc\/","og_site_name":"Veltmanmachines","article_modified_time":"2024-02-27T11:39:25+00:00","og_image":[{"width":1200,"height":793,"url":"https:\/\/veltmanmachines.com\/wp-content\/uploads\/2024\/01\/Behringer-HBP340A.jpg","type":"image\/jpeg"}],"twitter_card":"summary_large_image","twitter_misc":{"Gesch\u00e4tzte Lesezeit":"1\u00a0Minute"},"schema":{"@context":"https:\/\/schema.org","@graph":[{"@type":"WebPage","@id":"https:\/\/veltmanmachines.com\/de\/product\/vollautomatische-horizontale-bandsaege-behringer-hbp340a-cnc\/","url":"https:\/\/veltmanmachines.com\/de\/product\/vollautomatische-horizontale-bandsaege-behringer-hbp340a-cnc\/","name":"Vollautomatische horizontale Bands\u00e4ge Behringer HBP340A CNC - Veltmanmachines","isPartOf":{"@id":"https:\/\/veltmanmachines.com\/#website"},"primaryImageOfPage":{"@id":"https:\/\/veltmanmachines.com\/de\/product\/vollautomatische-horizontale-bandsaege-behringer-hbp340a-cnc\/#primaryimage"},"image":{"@id":"https:\/\/veltmanmachines.com\/de\/product\/vollautomatische-horizontale-bandsaege-behringer-hbp340a-cnc\/#primaryimage"},"thumbnailUrl":"https:\/\/veltmanmachines.com\/wp-content\/uploads\/2024\/01\/Behringer-HBP340A.jpg","datePublished":"2024-01-28T09:28:29+00:00","dateModified":"2024-02-27T11:39:25+00:00","breadcrumb":{"@id":"https:\/\/veltmanmachines.com\/de\/product\/vollautomatische-horizontale-bandsaege-behringer-hbp340a-cnc\/#breadcrumb"},"inLanguage":"de","potentialAction":[{"@type":"ReadAction","target":["https:\/\/veltmanmachines.com\/de\/product\/vollautomatische-horizontale-bandsaege-behringer-hbp340a-cnc\/"]}]},{"@type":"ImageObject","inLanguage":"de","@id":"https:\/\/veltmanmachines.com\/de\/product\/vollautomatische-horizontale-bandsaege-behringer-hbp340a-cnc\/#primaryimage","url":"https:\/\/veltmanmachines.com\/wp-content\/uploads\/2024\/01\/Behringer-HBP340A.jpg","contentUrl":"https:\/\/veltmanmachines.com\/wp-content\/uploads\/2024\/01\/Behringer-HBP340A.jpg","width":1200,"height":793},{"@type":"BreadcrumbList","@id":"https:\/\/veltmanmachines.com\/de\/product\/vollautomatische-horizontale-bandsaege-behringer-hbp340a-cnc\/#breadcrumb","itemListElement":[{"@type":"ListItem","position":1,"name":"Home","item":"https:\/\/veltmanmachines.com\/"},{"@type":"ListItem","position":2,"name":"Neueste Maschinen-alt","item":"https:\/\/veltmanmachines.com\/de\/shop\/"},{"@type":"ListItem","position":3,"name":"Vollautomatische horizontale Bands\u00e4ge Behringer HBP340A CNC"}]},{"@type":"WebSite","@id":"https:\/\/veltmanmachines.com\/#website","url":"https:\/\/veltmanmachines.com\/","name":"Veltman machines","description":"","publisher":{"@id":"https:\/\/veltmanmachines.com\/#organization"},"potentialAction":[{"@type":"SearchAction","target":{"@type":"EntryPoint","urlTemplate":"https:\/\/veltmanmachines.com\/?s={search_term_string}"},"query-input":{"@type":"PropertyValueSpecification","valueRequired":true,"valueName":"search_term_string"}}],"inLanguage":"de"},{"@type":"Organization","@id":"https:\/\/veltmanmachines.com\/#organization","name":"Veltman machines","url":"https:\/\/veltmanmachines.com\/","logo":{"@type":"ImageObject","inLanguage":"de","@id":"https:\/\/veltmanmachines.com\/#\/schema\/logo\/image\/","url":"https:\/\/veltmanmachines.com\/wp-content\/uploads\/2023\/09\/top.gif","contentUrl":"https:\/\/veltmanmachines.com\/wp-content\/uploads\/2023\/09\/top.gif","width":363,"height":97,"caption":"Veltman machines"},"image":{"@id":"https:\/\/veltmanmachines.com\/#\/schema\/logo\/image\/"},"sameAs":["https:\/\/www.youtube.com\/@veltmanmachines7902"]}]}},"_links":{"self":[{"href":"https:\/\/veltmanmachines.com\/de\/wp-json\/wp\/v2\/product\/2260","targetHints":{"allow":["GET"]}}],"collection":[{"href":"https:\/\/veltmanmachines.com\/de\/wp-json\/wp\/v2\/product"}],"about":[{"href":"https:\/\/veltmanmachines.com\/de\/wp-json\/wp\/v2\/types\/product"}],"replies":[{"embeddable":true,"href":"https:\/\/veltmanmachines.com\/de\/wp-json\/wp\/v2\/comments?post=2260"}],"wp:featuredmedia":[{"embeddable":true,"href":"https:\/\/veltmanmachines.com\/de\/wp-json\/wp\/v2\/media\/1473"}],"wp:attachment":[{"href":"https:\/\/veltmanmachines.com\/de\/wp-json\/wp\/v2\/media?parent=2260"}],"wp:term":[{"taxonomy":"product_brand","embeddable":true,"href":"https:\/\/veltmanmachines.com\/de\/wp-json\/wp\/v2\/product_brand?post=2260"},{"taxonomy":"product_cat","embeddable":true,"href":"https:\/\/veltmanmachines.com\/de\/wp-json\/wp\/v2\/product_cat?post=2260"},{"taxonomy":"product_tag","embeddable":true,"href":"https:\/\/veltmanmachines.com\/de\/wp-json\/wp\/v2\/product_tag?post=2260"}],"curies":[{"name":"wp","href":"https:\/\/api.w.org\/{rel}","templated":true}]}}