{"id":2286,"date":"2024-01-28T09:26:48","date_gmt":"2024-01-28T09:26:48","guid":{"rendered":"https:\/\/veltmanmachines.com\/product\/automatische-kappsaege-eisele-vms-ii-s-pv\/"},"modified":"2024-02-17T10:16:22","modified_gmt":"2024-02-17T10:16:22","slug":"automatische-kappsaege-eisele-vms-ii-s-pv","status":"publish","type":"product","link":"https:\/\/veltmanmachines.com\/de\/product\/automatische-kappsaege-eisele-vms-ii-s-pv\/","title":{"rendered":"Automatische Kapps\u00e4ge Eisele VMS-II-S-PV"},"content":{"rendered":"<p>S\u00e4geblatt \u00d8 350mm<br \/>\n10-20-40-80 U\/MIN<br \/>\nHydropneumatisches Absenken<br \/>\nPneumatisches Spannen<br \/>\nDiese Maschine wird gereinigt und gewartet<br \/>\nGarantie: 3 Monate in unserem Werk<\/p>\n","protected":false},"excerpt":{"rendered":"<p>S\u00e4geblatt \u00d8 350mm 10-20-40-80 U\/MIN Hydropneumatisches Absenken Pneumatisches Spannen Diese Maschine wird gereinigt und gewartet Garantie: 3 Monate in unserem Werk<\/p>\n","protected":false},"featured_media":1463,"comment_status":"open","ping_status":"closed","template":"","meta":{"_acf_changed":false,"site-sidebar-layout":"default","site-content-layout":"","ast-site-content-layout":"default","site-content-style":"default","site-sidebar-style":"default","ast-global-header-display":"","ast-banner-title-visibility":"","ast-main-header-display":"","ast-hfb-above-header-display":"","ast-hfb-below-header-display":"","ast-hfb-mobile-header-display":"","site-post-title":"","ast-breadcrumbs-content":"","ast-featured-img":"","footer-sml-layout":"","theme-transparent-header-meta":"default","adv-header-id-meta":"","stick-header-meta":"","header-above-stick-meta":"","header-main-stick-meta":"","header-below-stick-meta":"","astra-migrate-meta-layouts":"default","ast-page-background-enabled":"default","ast-page-background-meta":{"desktop":{"background-color":"var(--ast-global-color-4)","background-image":"","background-repeat":"repeat","background-position":"center center","background-size":"auto","background-attachment":"scroll","background-type":"","background-media":"","overlay-type":"","overlay-color":"","overlay-opacity":"","overlay-gradient":""},"tablet":{"background-color":"","background-image":"","background-repeat":"repeat","background-position":"center center","background-size":"auto","background-attachment":"scroll","background-type":"","background-media":"","overlay-type":"","overlay-color":"","overlay-opacity":"","overlay-gradient":""},"mobile":{"background-color":"","background-image":"","background-repeat":"repeat","background-position":"center center","background-size":"auto","background-attachment":"scroll","background-type":"","background-media":"","overlay-type":"","overlay-color":"","overlay-opacity":"","overlay-gradient":""}},"ast-content-background-meta":{"desktop":{"background-color":"var(--ast-global-color-5)","background-image":"","background-repeat":"repeat","background-position":"center center","background-size":"auto","background-attachment":"scroll","background-type":"","background-media":"","overlay-type":"","overlay-color":"","overlay-opacity":"","overlay-gradient":""},"tablet":{"background-color":"var(--ast-global-color-5)","background-image":"","background-repeat":"repeat","background-position":"center center","background-size":"auto","background-attachment":"scroll","background-type":"","background-media":"","overlay-type":"","overlay-color":"","overlay-opacity":"","overlay-gradient":""},"mobile":{"background-color":"var(--ast-global-color-5)","background-image":"","background-repeat":"repeat","background-position":"center center","background-size":"auto","background-attachment":"scroll","background-type":"","background-media":"","overlay-type":"","overlay-color":"","overlay-opacity":"","overlay-gradient":""}}},"product_brand":[],"product_cat":[140],"product_tag":[],"class_list":{"0":"post-2286","1":"product","2":"type-product","3":"status-publish","4":"has-post-thumbnail","6":"product_cat-sawing-machines-de","7":"Brand-eisele","8":"desktop-align-left","9":"tablet-align-left","10":"mobile-align-left","11":"ast-product-gallery-layout-vertical-slider","12":"ast-magnify-disabled","13":"ast-product-tabs-layout-horizontal","15":"first","16":"outofstock","17":"shipping-taxable","18":"product-type-simple"},"acf":[],"yoast_head":"<!-- This site is optimized with the Yoast SEO plugin v27.3 - https:\/\/yoast.com\/product\/yoast-seo-wordpress\/ -->\n<title>Automatische Kapps\u00e4ge Eisele VMS-II-S-PV - Veltmanmachines<\/title>\n<meta name=\"robots\" content=\"index, follow, max-snippet:-1, max-image-preview:large, max-video-preview:-1\" \/>\n<link rel=\"canonical\" href=\"https:\/\/veltmanmachines.com\/de\/product\/automatische-kappsaege-eisele-vms-ii-s-pv\/\" \/>\n<meta property=\"og:locale\" content=\"de_DE\" \/>\n<meta property=\"og:type\" content=\"article\" \/>\n<meta property=\"og:title\" content=\"Automatische Kapps\u00e4ge Eisele VMS-II-S-PV - Veltmanmachines\" \/>\n<meta property=\"og:description\" content=\"S\u00e4geblatt \u00d8 350mm 10-20-40-80 U\/MIN Hydropneumatisches Absenken Pneumatisches Spannen Diese Maschine wird gereinigt und gewartet Garantie: 3 Monate in unserem Werk\" \/>\n<meta property=\"og:url\" content=\"https:\/\/veltmanmachines.com\/de\/product\/automatische-kappsaege-eisele-vms-ii-s-pv\/\" \/>\n<meta property=\"og:site_name\" content=\"Veltmanmachines\" \/>\n<meta property=\"article:modified_time\" content=\"2024-02-17T10:16:22+00:00\" \/>\n<meta property=\"og:image\" content=\"https:\/\/veltmanmachines.com\/wp-content\/uploads\/2024\/01\/Eisele-VMSII-2.jpg\" \/>\n\t<meta property=\"og:image:width\" content=\"790\" \/>\n\t<meta property=\"og:image:height\" content=\"1200\" \/>\n\t<meta property=\"og:image:type\" content=\"image\/jpeg\" \/>\n<meta name=\"twitter:card\" content=\"summary_large_image\" \/>\n<script type=\"application\/ld+json\" class=\"yoast-schema-graph\">{\"@context\":\"https:\\\/\\\/schema.org\",\"@graph\":[{\"@type\":\"WebPage\",\"@id\":\"https:\\\/\\\/veltmanmachines.com\\\/de\\\/product\\\/automatische-kappsaege-eisele-vms-ii-s-pv\\\/\",\"url\":\"https:\\\/\\\/veltmanmachines.com\\\/de\\\/product\\\/automatische-kappsaege-eisele-vms-ii-s-pv\\\/\",\"name\":\"Automatische Kapps\u00e4ge Eisele VMS-II-S-PV - Veltmanmachines\",\"isPartOf\":{\"@id\":\"https:\\\/\\\/veltmanmachines.com\\\/#website\"},\"primaryImageOfPage\":{\"@id\":\"https:\\\/\\\/veltmanmachines.com\\\/de\\\/product\\\/automatische-kappsaege-eisele-vms-ii-s-pv\\\/#primaryimage\"},\"image\":{\"@id\":\"https:\\\/\\\/veltmanmachines.com\\\/de\\\/product\\\/automatische-kappsaege-eisele-vms-ii-s-pv\\\/#primaryimage\"},\"thumbnailUrl\":\"https:\\\/\\\/veltmanmachines.com\\\/wp-content\\\/uploads\\\/2024\\\/01\\\/Eisele-VMSII-2.jpg\",\"datePublished\":\"2024-01-28T09:26:48+00:00\",\"dateModified\":\"2024-02-17T10:16:22+00:00\",\"breadcrumb\":{\"@id\":\"https:\\\/\\\/veltmanmachines.com\\\/de\\\/product\\\/automatische-kappsaege-eisele-vms-ii-s-pv\\\/#breadcrumb\"},\"inLanguage\":\"de\",\"potentialAction\":[{\"@type\":\"ReadAction\",\"target\":[\"https:\\\/\\\/veltmanmachines.com\\\/de\\\/product\\\/automatische-kappsaege-eisele-vms-ii-s-pv\\\/\"]}]},{\"@type\":\"ImageObject\",\"inLanguage\":\"de\",\"@id\":\"https:\\\/\\\/veltmanmachines.com\\\/de\\\/product\\\/automatische-kappsaege-eisele-vms-ii-s-pv\\\/#primaryimage\",\"url\":\"https:\\\/\\\/veltmanmachines.com\\\/wp-content\\\/uploads\\\/2024\\\/01\\\/Eisele-VMSII-2.jpg\",\"contentUrl\":\"https:\\\/\\\/veltmanmachines.com\\\/wp-content\\\/uploads\\\/2024\\\/01\\\/Eisele-VMSII-2.jpg\",\"width\":790,\"height\":1200},{\"@type\":\"BreadcrumbList\",\"@id\":\"https:\\\/\\\/veltmanmachines.com\\\/de\\\/product\\\/automatische-kappsaege-eisele-vms-ii-s-pv\\\/#breadcrumb\",\"itemListElement\":[{\"@type\":\"ListItem\",\"position\":1,\"name\":\"Home\",\"item\":\"https:\\\/\\\/veltmanmachines.com\\\/\"},{\"@type\":\"ListItem\",\"position\":2,\"name\":\"Neueste Maschinen-alt\",\"item\":\"https:\\\/\\\/veltmanmachines.com\\\/de\\\/shop\\\/\"},{\"@type\":\"ListItem\",\"position\":3,\"name\":\"Automatische Kapps\u00e4ge Eisele VMS-II-S-PV\"}]},{\"@type\":\"WebSite\",\"@id\":\"https:\\\/\\\/veltmanmachines.com\\\/#website\",\"url\":\"https:\\\/\\\/veltmanmachines.com\\\/\",\"name\":\"Veltman machines\",\"description\":\"\",\"publisher\":{\"@id\":\"https:\\\/\\\/veltmanmachines.com\\\/#organization\"},\"potentialAction\":[{\"@type\":\"SearchAction\",\"target\":{\"@type\":\"EntryPoint\",\"urlTemplate\":\"https:\\\/\\\/veltmanmachines.com\\\/?s={search_term_string}\"},\"query-input\":{\"@type\":\"PropertyValueSpecification\",\"valueRequired\":true,\"valueName\":\"search_term_string\"}}],\"inLanguage\":\"de\"},{\"@type\":\"Organization\",\"@id\":\"https:\\\/\\\/veltmanmachines.com\\\/#organization\",\"name\":\"Veltman machines\",\"url\":\"https:\\\/\\\/veltmanmachines.com\\\/\",\"logo\":{\"@type\":\"ImageObject\",\"inLanguage\":\"de\",\"@id\":\"https:\\\/\\\/veltmanmachines.com\\\/#\\\/schema\\\/logo\\\/image\\\/\",\"url\":\"https:\\\/\\\/veltmanmachines.com\\\/wp-content\\\/uploads\\\/2023\\\/09\\\/top.gif\",\"contentUrl\":\"https:\\\/\\\/veltmanmachines.com\\\/wp-content\\\/uploads\\\/2023\\\/09\\\/top.gif\",\"width\":363,\"height\":97,\"caption\":\"Veltman machines\"},\"image\":{\"@id\":\"https:\\\/\\\/veltmanmachines.com\\\/#\\\/schema\\\/logo\\\/image\\\/\"},\"sameAs\":[\"https:\\\/\\\/www.youtube.com\\\/@veltmanmachines7902\"]}]}<\/script>\n<!-- \/ Yoast SEO plugin. -->","yoast_head_json":{"title":"Automatische Kapps\u00e4ge Eisele VMS-II-S-PV - Veltmanmachines","robots":{"index":"index","follow":"follow","max-snippet":"max-snippet:-1","max-image-preview":"max-image-preview:large","max-video-preview":"max-video-preview:-1"},"canonical":"https:\/\/veltmanmachines.com\/de\/product\/automatische-kappsaege-eisele-vms-ii-s-pv\/","og_locale":"de_DE","og_type":"article","og_title":"Automatische Kapps\u00e4ge Eisele VMS-II-S-PV - Veltmanmachines","og_description":"S\u00e4geblatt \u00d8 350mm 10-20-40-80 U\/MIN Hydropneumatisches Absenken Pneumatisches Spannen Diese Maschine wird gereinigt und gewartet Garantie: 3 Monate in unserem Werk","og_url":"https:\/\/veltmanmachines.com\/de\/product\/automatische-kappsaege-eisele-vms-ii-s-pv\/","og_site_name":"Veltmanmachines","article_modified_time":"2024-02-17T10:16:22+00:00","og_image":[{"width":790,"height":1200,"url":"https:\/\/veltmanmachines.com\/wp-content\/uploads\/2024\/01\/Eisele-VMSII-2.jpg","type":"image\/jpeg"}],"twitter_card":"summary_large_image","schema":{"@context":"https:\/\/schema.org","@graph":[{"@type":"WebPage","@id":"https:\/\/veltmanmachines.com\/de\/product\/automatische-kappsaege-eisele-vms-ii-s-pv\/","url":"https:\/\/veltmanmachines.com\/de\/product\/automatische-kappsaege-eisele-vms-ii-s-pv\/","name":"Automatische Kapps\u00e4ge Eisele VMS-II-S-PV - Veltmanmachines","isPartOf":{"@id":"https:\/\/veltmanmachines.com\/#website"},"primaryImageOfPage":{"@id":"https:\/\/veltmanmachines.com\/de\/product\/automatische-kappsaege-eisele-vms-ii-s-pv\/#primaryimage"},"image":{"@id":"https:\/\/veltmanmachines.com\/de\/product\/automatische-kappsaege-eisele-vms-ii-s-pv\/#primaryimage"},"thumbnailUrl":"https:\/\/veltmanmachines.com\/wp-content\/uploads\/2024\/01\/Eisele-VMSII-2.jpg","datePublished":"2024-01-28T09:26:48+00:00","dateModified":"2024-02-17T10:16:22+00:00","breadcrumb":{"@id":"https:\/\/veltmanmachines.com\/de\/product\/automatische-kappsaege-eisele-vms-ii-s-pv\/#breadcrumb"},"inLanguage":"de","potentialAction":[{"@type":"ReadAction","target":["https:\/\/veltmanmachines.com\/de\/product\/automatische-kappsaege-eisele-vms-ii-s-pv\/"]}]},{"@type":"ImageObject","inLanguage":"de","@id":"https:\/\/veltmanmachines.com\/de\/product\/automatische-kappsaege-eisele-vms-ii-s-pv\/#primaryimage","url":"https:\/\/veltmanmachines.com\/wp-content\/uploads\/2024\/01\/Eisele-VMSII-2.jpg","contentUrl":"https:\/\/veltmanmachines.com\/wp-content\/uploads\/2024\/01\/Eisele-VMSII-2.jpg","width":790,"height":1200},{"@type":"BreadcrumbList","@id":"https:\/\/veltmanmachines.com\/de\/product\/automatische-kappsaege-eisele-vms-ii-s-pv\/#breadcrumb","itemListElement":[{"@type":"ListItem","position":1,"name":"Home","item":"https:\/\/veltmanmachines.com\/"},{"@type":"ListItem","position":2,"name":"Neueste Maschinen-alt","item":"https:\/\/veltmanmachines.com\/de\/shop\/"},{"@type":"ListItem","position":3,"name":"Automatische Kapps\u00e4ge Eisele VMS-II-S-PV"}]},{"@type":"WebSite","@id":"https:\/\/veltmanmachines.com\/#website","url":"https:\/\/veltmanmachines.com\/","name":"Veltman machines","description":"","publisher":{"@id":"https:\/\/veltmanmachines.com\/#organization"},"potentialAction":[{"@type":"SearchAction","target":{"@type":"EntryPoint","urlTemplate":"https:\/\/veltmanmachines.com\/?s={search_term_string}"},"query-input":{"@type":"PropertyValueSpecification","valueRequired":true,"valueName":"search_term_string"}}],"inLanguage":"de"},{"@type":"Organization","@id":"https:\/\/veltmanmachines.com\/#organization","name":"Veltman machines","url":"https:\/\/veltmanmachines.com\/","logo":{"@type":"ImageObject","inLanguage":"de","@id":"https:\/\/veltmanmachines.com\/#\/schema\/logo\/image\/","url":"https:\/\/veltmanmachines.com\/wp-content\/uploads\/2023\/09\/top.gif","contentUrl":"https:\/\/veltmanmachines.com\/wp-content\/uploads\/2023\/09\/top.gif","width":363,"height":97,"caption":"Veltman machines"},"image":{"@id":"https:\/\/veltmanmachines.com\/#\/schema\/logo\/image\/"},"sameAs":["https:\/\/www.youtube.com\/@veltmanmachines7902"]}]}},"_links":{"self":[{"href":"https:\/\/veltmanmachines.com\/de\/wp-json\/wp\/v2\/product\/2286","targetHints":{"allow":["GET"]}}],"collection":[{"href":"https:\/\/veltmanmachines.com\/de\/wp-json\/wp\/v2\/product"}],"about":[{"href":"https:\/\/veltmanmachines.com\/de\/wp-json\/wp\/v2\/types\/product"}],"replies":[{"embeddable":true,"href":"https:\/\/veltmanmachines.com\/de\/wp-json\/wp\/v2\/comments?post=2286"}],"wp:featuredmedia":[{"embeddable":true,"href":"https:\/\/veltmanmachines.com\/de\/wp-json\/wp\/v2\/media\/1463"}],"wp:attachment":[{"href":"https:\/\/veltmanmachines.com\/de\/wp-json\/wp\/v2\/media?parent=2286"}],"wp:term":[{"taxonomy":"product_brand","embeddable":true,"href":"https:\/\/veltmanmachines.com\/de\/wp-json\/wp\/v2\/product_brand?post=2286"},{"taxonomy":"product_cat","embeddable":true,"href":"https:\/\/veltmanmachines.com\/de\/wp-json\/wp\/v2\/product_cat?post=2286"},{"taxonomy":"product_tag","embeddable":true,"href":"https:\/\/veltmanmachines.com\/de\/wp-json\/wp\/v2\/product_tag?post=2286"}],"curies":[{"name":"wp","href":"https:\/\/api.w.org\/{rel}","templated":true}]}}