{"id":4133,"date":"2025-04-28T12:13:24","date_gmt":"2025-04-28T12:13:24","guid":{"rendered":"https:\/\/veltmanmachines.com\/?post_type=product&#038;p=4133"},"modified":"2026-02-24T10:29:46","modified_gmt":"2026-02-24T10:29:46","slug":"4133","status":"publish","type":"product","link":"https:\/\/veltmanmachines.com\/de\/product\/4133\/","title":{"rendered":"Werkzeugdrehbank Schaublin 135"},"content":{"rendered":"<p><strong>Wiederverwendet im Preis <\/strong><br \/>\nAchsabstand: 630mm<br \/>\nSpitzenh\u00f6he: 135 mm<br \/>\nSpindelbohrung: 40mm<br \/>\nSpindeldrehzahlen: 45-3000<br \/>\nMit einem Satz C5-Spannzangen und einer Spannzangenh\u00fclse MT5-C5<br \/>\nSpannzangenschlie\u00dfer mit Hebel<br \/>\n4-Backen-Spiralbohrfutter 200mm<br \/>\n3-Backen-Keilstangenfutter Forkhardt<br \/>\nKegeldrehvorrichtung<br \/>\nFu\u00dfbremse<br \/>\nStromzufuhr in beide Richtungen<br \/>\nSternrad-Reitstock mit 2 Geschwindigkeiten<br \/>\nSpindeldrehzahl \u00fcber Variator einstellbar<br \/>\nSpindlenose Camlock D1-4<br \/>\nGereinigt und alle Funktionen getestet<br \/>\nNeuer Original-Variatorriemen<br \/>\nSehr guter Zustand<br \/>\nAlle Messungen erlaubt<\/p>\n","protected":false},"excerpt":{"rendered":"<p>Wiederverwendet im Preis Achsabstand: 630mm Spitzenh\u00f6he: 135 mm Spindelbohrung: 40mm Spindeldrehzahlen: 45-3000 Mit einem Satz C5-Spannzangen und einer Spannzangenh\u00fclse MT5-C5 Spannzangenschlie\u00dfer mit Hebel 4-Backen-Spiralbohrfutter 200mm 3-Backen-Keilstangenfutter Forkhardt Kegeldrehvorrichtung Fu\u00dfbremse Stromzufuhr in beide Richtungen Sternrad-Reitstock mit 2 Geschwindigkeiten Spindeldrehzahl \u00fcber Variator einstellbar Spindlenose Camlock D1-4 Gereinigt und alle Funktionen getestet Neuer Original-Variatorriemen Sehr guter Zustand Alle [&hellip;]<\/p>\n","protected":false},"featured_media":4108,"comment_status":"open","ping_status":"closed","template":"","meta":{"_acf_changed":false,"site-sidebar-layout":"default","site-content-layout":"","ast-site-content-layout":"default","site-content-style":"default","site-sidebar-style":"default","ast-global-header-display":"","ast-banner-title-visibility":"","ast-main-header-display":"","ast-hfb-above-header-display":"","ast-hfb-below-header-display":"","ast-hfb-mobile-header-display":"","site-post-title":"","ast-breadcrumbs-content":"","ast-featured-img":"","footer-sml-layout":"","theme-transparent-header-meta":"default","adv-header-id-meta":"","stick-header-meta":"","header-above-stick-meta":"","header-main-stick-meta":"","header-below-stick-meta":"","astra-migrate-meta-layouts":"set","ast-page-background-enabled":"default","ast-page-background-meta":{"desktop":{"background-color":"var(--ast-global-color-4)","background-image":"","background-repeat":"repeat","background-position":"center center","background-size":"auto","background-attachment":"scroll","background-type":"","background-media":"","overlay-type":"","overlay-color":"","overlay-opacity":"","overlay-gradient":""},"tablet":{"background-color":"","background-image":"","background-repeat":"repeat","background-position":"center center","background-size":"auto","background-attachment":"scroll","background-type":"","background-media":"","overlay-type":"","overlay-color":"","overlay-opacity":"","overlay-gradient":""},"mobile":{"background-color":"","background-image":"","background-repeat":"repeat","background-position":"center center","background-size":"auto","background-attachment":"scroll","background-type":"","background-media":"","overlay-type":"","overlay-color":"","overlay-opacity":"","overlay-gradient":""}},"ast-content-background-meta":{"desktop":{"background-color":"var(--ast-global-color-5)","background-image":"","background-repeat":"repeat","background-position":"center center","background-size":"auto","background-attachment":"scroll","background-type":"","background-media":"","overlay-type":"","overlay-color":"","overlay-opacity":"","overlay-gradient":""},"tablet":{"background-color":"var(--ast-global-color-5)","background-image":"","background-repeat":"repeat","background-position":"center center","background-size":"auto","background-attachment":"scroll","background-type":"","background-media":"","overlay-type":"","overlay-color":"","overlay-opacity":"","overlay-gradient":""},"mobile":{"background-color":"var(--ast-global-color-5)","background-image":"","background-repeat":"repeat","background-position":"center center","background-size":"auto","background-attachment":"scroll","background-type":"","background-media":"","overlay-type":"","overlay-color":"","overlay-opacity":"","overlay-gradient":""}}},"product_brand":[],"product_cat":[138],"product_tag":[],"class_list":{"0":"post-4133","1":"product","2":"type-product","3":"status-publish","4":"has-post-thumbnail","6":"product_cat-lathes-de","7":"desktop-align-left","8":"tablet-align-left","9":"mobile-align-left","10":"ast-product-gallery-layout-vertical-slider","11":"ast-magnify-disabled","12":"ast-product-tabs-layout-horizontal","14":"first","15":"outofstock","16":"shipping-taxable","17":"purchasable","18":"product-type-simple"},"acf":[],"yoast_head":"<!-- This site is optimized with the Yoast SEO plugin v27.3 - https:\/\/yoast.com\/product\/yoast-seo-wordpress\/ -->\n<title>Werkzeugdrehbank Schaublin 135 - Veltmanmachines<\/title>\n<meta name=\"robots\" content=\"index, follow, max-snippet:-1, max-image-preview:large, max-video-preview:-1\" \/>\n<link rel=\"canonical\" href=\"https:\/\/veltmanmachines.com\/de\/product\/4133\/\" \/>\n<meta property=\"og:locale\" content=\"de_DE\" \/>\n<meta property=\"og:type\" content=\"article\" \/>\n<meta property=\"og:title\" content=\"Werkzeugdrehbank Schaublin 135 - Veltmanmachines\" \/>\n<meta property=\"og:description\" content=\"Wiederverwendet im Preis Achsabstand: 630mm Spitzenh\u00f6he: 135 mm Spindelbohrung: 40mm Spindeldrehzahlen: 45-3000 Mit einem Satz C5-Spannzangen und einer Spannzangenh\u00fclse MT5-C5 Spannzangenschlie\u00dfer mit Hebel 4-Backen-Spiralbohrfutter 200mm 3-Backen-Keilstangenfutter Forkhardt Kegeldrehvorrichtung Fu\u00dfbremse Stromzufuhr in beide Richtungen Sternrad-Reitstock mit 2 Geschwindigkeiten Spindeldrehzahl \u00fcber Variator einstellbar Spindlenose Camlock D1-4 Gereinigt und alle Funktionen getestet Neuer Original-Variatorriemen Sehr guter Zustand Alle [&hellip;]\" \/>\n<meta property=\"og:url\" content=\"https:\/\/veltmanmachines.com\/de\/product\/4133\/\" \/>\n<meta property=\"og:site_name\" content=\"Veltmanmachines\" \/>\n<meta property=\"article:modified_time\" content=\"2026-02-24T10:29:46+00:00\" \/>\n<meta property=\"og:image\" content=\"https:\/\/veltmanmachines.com\/wp-content\/uploads\/2025\/04\/Schaublin135-1.jpg\" \/>\n\t<meta property=\"og:image:width\" content=\"2048\" \/>\n\t<meta property=\"og:image:height\" content=\"2048\" \/>\n\t<meta property=\"og:image:type\" content=\"image\/jpeg\" \/>\n<meta name=\"twitter:card\" content=\"summary_large_image\" \/>\n<meta name=\"twitter:label1\" content=\"Gesch\u00e4tzte Lesezeit\" \/>\n\t<meta name=\"twitter:data1\" content=\"1\u00a0Minute\" \/>\n<script type=\"application\/ld+json\" class=\"yoast-schema-graph\">{\"@context\":\"https:\\\/\\\/schema.org\",\"@graph\":[{\"@type\":\"WebPage\",\"@id\":\"https:\\\/\\\/veltmanmachines.com\\\/de\\\/product\\\/4133\\\/\",\"url\":\"https:\\\/\\\/veltmanmachines.com\\\/de\\\/product\\\/4133\\\/\",\"name\":\"Werkzeugdrehbank Schaublin 135 - Veltmanmachines\",\"isPartOf\":{\"@id\":\"https:\\\/\\\/veltmanmachines.com\\\/#website\"},\"primaryImageOfPage\":{\"@id\":\"https:\\\/\\\/veltmanmachines.com\\\/de\\\/product\\\/4133\\\/#primaryimage\"},\"image\":{\"@id\":\"https:\\\/\\\/veltmanmachines.com\\\/de\\\/product\\\/4133\\\/#primaryimage\"},\"thumbnailUrl\":\"https:\\\/\\\/veltmanmachines.com\\\/wp-content\\\/uploads\\\/2025\\\/04\\\/Schaublin135-1.jpg\",\"datePublished\":\"2025-04-28T12:13:24+00:00\",\"dateModified\":\"2026-02-24T10:29:46+00:00\",\"breadcrumb\":{\"@id\":\"https:\\\/\\\/veltmanmachines.com\\\/de\\\/product\\\/4133\\\/#breadcrumb\"},\"inLanguage\":\"de\",\"potentialAction\":[{\"@type\":\"ReadAction\",\"target\":[\"https:\\\/\\\/veltmanmachines.com\\\/de\\\/product\\\/4133\\\/\"]}]},{\"@type\":\"ImageObject\",\"inLanguage\":\"de\",\"@id\":\"https:\\\/\\\/veltmanmachines.com\\\/de\\\/product\\\/4133\\\/#primaryimage\",\"url\":\"https:\\\/\\\/veltmanmachines.com\\\/wp-content\\\/uploads\\\/2025\\\/04\\\/Schaublin135-1.jpg\",\"contentUrl\":\"https:\\\/\\\/veltmanmachines.com\\\/wp-content\\\/uploads\\\/2025\\\/04\\\/Schaublin135-1.jpg\",\"width\":2048,\"height\":2048},{\"@type\":\"BreadcrumbList\",\"@id\":\"https:\\\/\\\/veltmanmachines.com\\\/de\\\/product\\\/4133\\\/#breadcrumb\",\"itemListElement\":[{\"@type\":\"ListItem\",\"position\":1,\"name\":\"Home\",\"item\":\"https:\\\/\\\/veltmanmachines.com\\\/\"},{\"@type\":\"ListItem\",\"position\":2,\"name\":\"Neueste Maschinen-alt\",\"item\":\"https:\\\/\\\/veltmanmachines.com\\\/de\\\/shop\\\/\"},{\"@type\":\"ListItem\",\"position\":3,\"name\":\"Werkzeugdrehbank Schaublin 135\"}]},{\"@type\":\"WebSite\",\"@id\":\"https:\\\/\\\/veltmanmachines.com\\\/#website\",\"url\":\"https:\\\/\\\/veltmanmachines.com\\\/\",\"name\":\"Veltman machines\",\"description\":\"\",\"publisher\":{\"@id\":\"https:\\\/\\\/veltmanmachines.com\\\/#organization\"},\"potentialAction\":[{\"@type\":\"SearchAction\",\"target\":{\"@type\":\"EntryPoint\",\"urlTemplate\":\"https:\\\/\\\/veltmanmachines.com\\\/?s={search_term_string}\"},\"query-input\":{\"@type\":\"PropertyValueSpecification\",\"valueRequired\":true,\"valueName\":\"search_term_string\"}}],\"inLanguage\":\"de\"},{\"@type\":\"Organization\",\"@id\":\"https:\\\/\\\/veltmanmachines.com\\\/#organization\",\"name\":\"Veltman machines\",\"url\":\"https:\\\/\\\/veltmanmachines.com\\\/\",\"logo\":{\"@type\":\"ImageObject\",\"inLanguage\":\"de\",\"@id\":\"https:\\\/\\\/veltmanmachines.com\\\/#\\\/schema\\\/logo\\\/image\\\/\",\"url\":\"https:\\\/\\\/veltmanmachines.com\\\/wp-content\\\/uploads\\\/2023\\\/09\\\/top.gif\",\"contentUrl\":\"https:\\\/\\\/veltmanmachines.com\\\/wp-content\\\/uploads\\\/2023\\\/09\\\/top.gif\",\"width\":363,\"height\":97,\"caption\":\"Veltman machines\"},\"image\":{\"@id\":\"https:\\\/\\\/veltmanmachines.com\\\/#\\\/schema\\\/logo\\\/image\\\/\"},\"sameAs\":[\"https:\\\/\\\/www.youtube.com\\\/@veltmanmachines7902\"]}]}<\/script>\n<!-- \/ Yoast SEO plugin. -->","yoast_head_json":{"title":"Werkzeugdrehbank Schaublin 135 - Veltmanmachines","robots":{"index":"index","follow":"follow","max-snippet":"max-snippet:-1","max-image-preview":"max-image-preview:large","max-video-preview":"max-video-preview:-1"},"canonical":"https:\/\/veltmanmachines.com\/de\/product\/4133\/","og_locale":"de_DE","og_type":"article","og_title":"Werkzeugdrehbank Schaublin 135 - Veltmanmachines","og_description":"Wiederverwendet im Preis Achsabstand: 630mm Spitzenh\u00f6he: 135 mm Spindelbohrung: 40mm Spindeldrehzahlen: 45-3000 Mit einem Satz C5-Spannzangen und einer Spannzangenh\u00fclse MT5-C5 Spannzangenschlie\u00dfer mit Hebel 4-Backen-Spiralbohrfutter 200mm 3-Backen-Keilstangenfutter Forkhardt Kegeldrehvorrichtung Fu\u00dfbremse Stromzufuhr in beide Richtungen Sternrad-Reitstock mit 2 Geschwindigkeiten Spindeldrehzahl \u00fcber Variator einstellbar Spindlenose Camlock D1-4 Gereinigt und alle Funktionen getestet Neuer Original-Variatorriemen Sehr guter Zustand Alle [&hellip;]","og_url":"https:\/\/veltmanmachines.com\/de\/product\/4133\/","og_site_name":"Veltmanmachines","article_modified_time":"2026-02-24T10:29:46+00:00","og_image":[{"width":2048,"height":2048,"url":"https:\/\/veltmanmachines.com\/wp-content\/uploads\/2025\/04\/Schaublin135-1.jpg","type":"image\/jpeg"}],"twitter_card":"summary_large_image","twitter_misc":{"Gesch\u00e4tzte Lesezeit":"1\u00a0Minute"},"schema":{"@context":"https:\/\/schema.org","@graph":[{"@type":"WebPage","@id":"https:\/\/veltmanmachines.com\/de\/product\/4133\/","url":"https:\/\/veltmanmachines.com\/de\/product\/4133\/","name":"Werkzeugdrehbank Schaublin 135 - Veltmanmachines","isPartOf":{"@id":"https:\/\/veltmanmachines.com\/#website"},"primaryImageOfPage":{"@id":"https:\/\/veltmanmachines.com\/de\/product\/4133\/#primaryimage"},"image":{"@id":"https:\/\/veltmanmachines.com\/de\/product\/4133\/#primaryimage"},"thumbnailUrl":"https:\/\/veltmanmachines.com\/wp-content\/uploads\/2025\/04\/Schaublin135-1.jpg","datePublished":"2025-04-28T12:13:24+00:00","dateModified":"2026-02-24T10:29:46+00:00","breadcrumb":{"@id":"https:\/\/veltmanmachines.com\/de\/product\/4133\/#breadcrumb"},"inLanguage":"de","potentialAction":[{"@type":"ReadAction","target":["https:\/\/veltmanmachines.com\/de\/product\/4133\/"]}]},{"@type":"ImageObject","inLanguage":"de","@id":"https:\/\/veltmanmachines.com\/de\/product\/4133\/#primaryimage","url":"https:\/\/veltmanmachines.com\/wp-content\/uploads\/2025\/04\/Schaublin135-1.jpg","contentUrl":"https:\/\/veltmanmachines.com\/wp-content\/uploads\/2025\/04\/Schaublin135-1.jpg","width":2048,"height":2048},{"@type":"BreadcrumbList","@id":"https:\/\/veltmanmachines.com\/de\/product\/4133\/#breadcrumb","itemListElement":[{"@type":"ListItem","position":1,"name":"Home","item":"https:\/\/veltmanmachines.com\/"},{"@type":"ListItem","position":2,"name":"Neueste Maschinen-alt","item":"https:\/\/veltmanmachines.com\/de\/shop\/"},{"@type":"ListItem","position":3,"name":"Werkzeugdrehbank Schaublin 135"}]},{"@type":"WebSite","@id":"https:\/\/veltmanmachines.com\/#website","url":"https:\/\/veltmanmachines.com\/","name":"Veltman machines","description":"","publisher":{"@id":"https:\/\/veltmanmachines.com\/#organization"},"potentialAction":[{"@type":"SearchAction","target":{"@type":"EntryPoint","urlTemplate":"https:\/\/veltmanmachines.com\/?s={search_term_string}"},"query-input":{"@type":"PropertyValueSpecification","valueRequired":true,"valueName":"search_term_string"}}],"inLanguage":"de"},{"@type":"Organization","@id":"https:\/\/veltmanmachines.com\/#organization","name":"Veltman machines","url":"https:\/\/veltmanmachines.com\/","logo":{"@type":"ImageObject","inLanguage":"de","@id":"https:\/\/veltmanmachines.com\/#\/schema\/logo\/image\/","url":"https:\/\/veltmanmachines.com\/wp-content\/uploads\/2023\/09\/top.gif","contentUrl":"https:\/\/veltmanmachines.com\/wp-content\/uploads\/2023\/09\/top.gif","width":363,"height":97,"caption":"Veltman machines"},"image":{"@id":"https:\/\/veltmanmachines.com\/#\/schema\/logo\/image\/"},"sameAs":["https:\/\/www.youtube.com\/@veltmanmachines7902"]}]}},"_links":{"self":[{"href":"https:\/\/veltmanmachines.com\/de\/wp-json\/wp\/v2\/product\/4133","targetHints":{"allow":["GET"]}}],"collection":[{"href":"https:\/\/veltmanmachines.com\/de\/wp-json\/wp\/v2\/product"}],"about":[{"href":"https:\/\/veltmanmachines.com\/de\/wp-json\/wp\/v2\/types\/product"}],"replies":[{"embeddable":true,"href":"https:\/\/veltmanmachines.com\/de\/wp-json\/wp\/v2\/comments?post=4133"}],"wp:featuredmedia":[{"embeddable":true,"href":"https:\/\/veltmanmachines.com\/de\/wp-json\/wp\/v2\/media\/4108"}],"wp:attachment":[{"href":"https:\/\/veltmanmachines.com\/de\/wp-json\/wp\/v2\/media?parent=4133"}],"wp:term":[{"taxonomy":"product_brand","embeddable":true,"href":"https:\/\/veltmanmachines.com\/de\/wp-json\/wp\/v2\/product_brand?post=4133"},{"taxonomy":"product_cat","embeddable":true,"href":"https:\/\/veltmanmachines.com\/de\/wp-json\/wp\/v2\/product_cat?post=4133"},{"taxonomy":"product_tag","embeddable":true,"href":"https:\/\/veltmanmachines.com\/de\/wp-json\/wp\/v2\/product_tag?post=4133"}],"curies":[{"name":"wp","href":"https:\/\/api.w.org\/{rel}","templated":true}]}}