{"id":4872,"date":"2025-12-10T14:14:36","date_gmt":"2025-12-10T14:14:36","guid":{"rendered":"https:\/\/veltmanmachines.com\/?post_type=product&#038;p=4872"},"modified":"2026-03-12T13:07:01","modified_gmt":"2026-03-12T13:07:01","slug":"drehmaschine-schaublin-102vm","status":"publish","type":"product","link":"https:\/\/veltmanmachines.com\/de\/product\/drehmaschine-schaublin-102vm\/","title":{"rendered":"Drehmaschine f\u00fcr den Werkzeugbau Schaublin 102VM W25"},"content":{"rendered":"<p>Spitzenweite 450mm<br \/>\nSpitzenh\u00f6he 102mm<br \/>\nSpindelbohrer W25<br \/>\nSpindelbohrer 25mm<br \/>\nDrehzahl 30-3000<br \/>\nPowerfeed<br \/>\nEinige Wechselvorrichtungen zum Gewindeschneiden<br \/>\nDurchm. \u00fcber Schlitten 130mm<br \/>\nPinole mit 70mm Hub und MT2<br \/>\nQCTP Multifix mit 5 Werkzeughaltern<br \/>\nExtra Werkzeughalter f\u00fcr die R\u00fcckseite des Kreuzschlittens<br \/>\nSatz W25 Spannzangen (es fehlen 17.5 18 und 19mm)<br \/>\nMehrere W25 Spannzangen Vierkant, Sechskant. und \u00dcbergr\u00f6\u00dfe<br \/>\nWeiche W25 Spannzangen 2 St\u00fcck 40mm Durchmesser<br \/>\nHebelgesteuerter Spannzangenschlie\u00dfer<br \/>\nSpannfutter 100mm mit Au\u00dfenbacken und einigen weichen Backen<br \/>\nSpannfutter 125mm mit Innen-, Au\u00dfen- und weichen Backen<br \/>\nPlanscheibe 200mm<br \/>\nYOM 1971<br \/>\nAlles gereinigt und auf Funktionalit\u00e4t gepr\u00fcft<\/p>\n<p>&nbsp;<\/p>\n","protected":false},"excerpt":{"rendered":"<p>Spitzenweite 450mm Spitzenh\u00f6he 102mm Spindelbohrer W25 Spindelbohrer 25mm Drehzahl 30-3000 Powerfeed Einige Wechselvorrichtungen zum Gewindeschneiden Durchm. \u00fcber Schlitten 130mm Pinole mit 70mm Hub und MT2 QCTP Multifix mit 5 Werkzeughaltern Extra Werkzeughalter f\u00fcr die R\u00fcckseite des Kreuzschlittens Satz W25 Spannzangen (es fehlen 17.5 18 und 19mm) Mehrere W25 Spannzangen Vierkant, Sechskant. und \u00dcbergr\u00f6\u00dfe Weiche W25 [&hellip;]<\/p>\n","protected":false},"featured_media":4840,"comment_status":"open","ping_status":"closed","template":"","meta":{"_acf_changed":false,"site-sidebar-layout":"default","site-content-layout":"","ast-site-content-layout":"default","site-content-style":"default","site-sidebar-style":"default","ast-global-header-display":"","ast-banner-title-visibility":"","ast-main-header-display":"","ast-hfb-above-header-display":"","ast-hfb-below-header-display":"","ast-hfb-mobile-header-display":"","site-post-title":"","ast-breadcrumbs-content":"","ast-featured-img":"","footer-sml-layout":"","theme-transparent-header-meta":"default","adv-header-id-meta":"","stick-header-meta":"","header-above-stick-meta":"","header-main-stick-meta":"","header-below-stick-meta":"","astra-migrate-meta-layouts":"set","ast-page-background-enabled":"default","ast-page-background-meta":{"desktop":{"background-color":"var(--ast-global-color-4)","background-image":"","background-repeat":"repeat","background-position":"center center","background-size":"auto","background-attachment":"scroll","background-type":"","background-media":"","overlay-type":"","overlay-color":"","overlay-opacity":"","overlay-gradient":""},"tablet":{"background-color":"","background-image":"","background-repeat":"repeat","background-position":"center center","background-size":"auto","background-attachment":"scroll","background-type":"","background-media":"","overlay-type":"","overlay-color":"","overlay-opacity":"","overlay-gradient":""},"mobile":{"background-color":"","background-image":"","background-repeat":"repeat","background-position":"center center","background-size":"auto","background-attachment":"scroll","background-type":"","background-media":"","overlay-type":"","overlay-color":"","overlay-opacity":"","overlay-gradient":""}},"ast-content-background-meta":{"desktop":{"background-color":"var(--ast-global-color-5)","background-image":"","background-repeat":"repeat","background-position":"center center","background-size":"auto","background-attachment":"scroll","background-type":"","background-media":"","overlay-type":"","overlay-color":"","overlay-opacity":"","overlay-gradient":""},"tablet":{"background-color":"var(--ast-global-color-5)","background-image":"","background-repeat":"repeat","background-position":"center center","background-size":"auto","background-attachment":"scroll","background-type":"","background-media":"","overlay-type":"","overlay-color":"","overlay-opacity":"","overlay-gradient":""},"mobile":{"background-color":"var(--ast-global-color-5)","background-image":"","background-repeat":"repeat","background-position":"center center","background-size":"auto","background-attachment":"scroll","background-type":"","background-media":"","overlay-type":"","overlay-color":"","overlay-opacity":"","overlay-gradient":""}}},"product_brand":[],"product_cat":[138,164],"product_tag":[],"class_list":{"0":"post-4872","1":"product","2":"type-product","3":"status-publish","4":"has-post-thumbnail","6":"product_cat-lathes-de","7":"product_cat-uncategorized-de","8":"desktop-align-left","9":"tablet-align-left","10":"mobile-align-left","11":"ast-product-gallery-layout-vertical-slider","12":"ast-magnify-disabled","13":"ast-product-tabs-layout-horizontal","15":"first","16":"outofstock","17":"shipping-taxable","18":"product-type-simple"},"acf":[],"yoast_head":"<!-- This site is optimized with the Yoast SEO plugin v27.3 - https:\/\/yoast.com\/product\/yoast-seo-wordpress\/ -->\n<title>Drehmaschine f\u00fcr den Werkzeugbau Schaublin 102VM W25 - Veltmanmachines<\/title>\n<meta name=\"robots\" content=\"index, follow, max-snippet:-1, max-image-preview:large, max-video-preview:-1\" \/>\n<link rel=\"canonical\" href=\"https:\/\/veltmanmachines.com\/de\/product\/drehmaschine-schaublin-102vm\/\" \/>\n<meta property=\"og:locale\" content=\"de_DE\" \/>\n<meta property=\"og:type\" content=\"article\" \/>\n<meta property=\"og:title\" content=\"Drehmaschine f\u00fcr den Werkzeugbau Schaublin 102VM W25 - Veltmanmachines\" \/>\n<meta property=\"og:description\" content=\"Spitzenweite 450mm Spitzenh\u00f6he 102mm Spindelbohrer W25 Spindelbohrer 25mm Drehzahl 30-3000 Powerfeed Einige Wechselvorrichtungen zum Gewindeschneiden Durchm. \u00fcber Schlitten 130mm Pinole mit 70mm Hub und MT2 QCTP Multifix mit 5 Werkzeughaltern Extra Werkzeughalter f\u00fcr die R\u00fcckseite des Kreuzschlittens Satz W25 Spannzangen (es fehlen 17.5 18 und 19mm) Mehrere W25 Spannzangen Vierkant, Sechskant. und \u00dcbergr\u00f6\u00dfe Weiche W25 [&hellip;]\" \/>\n<meta property=\"og:url\" content=\"https:\/\/veltmanmachines.com\/de\/product\/drehmaschine-schaublin-102vm\/\" \/>\n<meta property=\"og:site_name\" content=\"Veltmanmachines\" \/>\n<meta property=\"article:modified_time\" content=\"2026-03-12T13:07:01+00:00\" \/>\n<meta property=\"og:image\" content=\"https:\/\/veltmanmachines.com\/wp-content\/uploads\/2025\/12\/Schaublin102vm-2.jpg\" \/>\n\t<meta property=\"og:image:width\" content=\"1200\" \/>\n\t<meta property=\"og:image:height\" content=\"1200\" \/>\n\t<meta property=\"og:image:type\" content=\"image\/jpeg\" \/>\n<meta name=\"twitter:card\" content=\"summary_large_image\" \/>\n<meta name=\"twitter:label1\" content=\"Gesch\u00e4tzte Lesezeit\" \/>\n\t<meta name=\"twitter:data1\" content=\"1\u00a0Minute\" \/>\n<script type=\"application\/ld+json\" class=\"yoast-schema-graph\">{\"@context\":\"https:\\\/\\\/schema.org\",\"@graph\":[{\"@type\":\"WebPage\",\"@id\":\"https:\\\/\\\/veltmanmachines.com\\\/de\\\/product\\\/drehmaschine-schaublin-102vm\\\/\",\"url\":\"https:\\\/\\\/veltmanmachines.com\\\/de\\\/product\\\/drehmaschine-schaublin-102vm\\\/\",\"name\":\"Drehmaschine f\u00fcr den Werkzeugbau Schaublin 102VM W25 - Veltmanmachines\",\"isPartOf\":{\"@id\":\"https:\\\/\\\/veltmanmachines.com\\\/#website\"},\"primaryImageOfPage\":{\"@id\":\"https:\\\/\\\/veltmanmachines.com\\\/de\\\/product\\\/drehmaschine-schaublin-102vm\\\/#primaryimage\"},\"image\":{\"@id\":\"https:\\\/\\\/veltmanmachines.com\\\/de\\\/product\\\/drehmaschine-schaublin-102vm\\\/#primaryimage\"},\"thumbnailUrl\":\"https:\\\/\\\/veltmanmachines.com\\\/wp-content\\\/uploads\\\/2025\\\/12\\\/Schaublin102vm-2.jpg\",\"datePublished\":\"2025-12-10T14:14:36+00:00\",\"dateModified\":\"2026-03-12T13:07:01+00:00\",\"breadcrumb\":{\"@id\":\"https:\\\/\\\/veltmanmachines.com\\\/de\\\/product\\\/drehmaschine-schaublin-102vm\\\/#breadcrumb\"},\"inLanguage\":\"de\",\"potentialAction\":[{\"@type\":\"ReadAction\",\"target\":[\"https:\\\/\\\/veltmanmachines.com\\\/de\\\/product\\\/drehmaschine-schaublin-102vm\\\/\"]}]},{\"@type\":\"ImageObject\",\"inLanguage\":\"de\",\"@id\":\"https:\\\/\\\/veltmanmachines.com\\\/de\\\/product\\\/drehmaschine-schaublin-102vm\\\/#primaryimage\",\"url\":\"https:\\\/\\\/veltmanmachines.com\\\/wp-content\\\/uploads\\\/2025\\\/12\\\/Schaublin102vm-2.jpg\",\"contentUrl\":\"https:\\\/\\\/veltmanmachines.com\\\/wp-content\\\/uploads\\\/2025\\\/12\\\/Schaublin102vm-2.jpg\",\"width\":1200,\"height\":1200},{\"@type\":\"BreadcrumbList\",\"@id\":\"https:\\\/\\\/veltmanmachines.com\\\/de\\\/product\\\/drehmaschine-schaublin-102vm\\\/#breadcrumb\",\"itemListElement\":[{\"@type\":\"ListItem\",\"position\":1,\"name\":\"Home\",\"item\":\"https:\\\/\\\/veltmanmachines.com\\\/\"},{\"@type\":\"ListItem\",\"position\":2,\"name\":\"Neueste Maschinen-alt\",\"item\":\"https:\\\/\\\/veltmanmachines.com\\\/de\\\/shop\\\/\"},{\"@type\":\"ListItem\",\"position\":3,\"name\":\"Drehmaschine f\u00fcr den Werkzeugbau Schaublin 102VM W25\"}]},{\"@type\":\"WebSite\",\"@id\":\"https:\\\/\\\/veltmanmachines.com\\\/#website\",\"url\":\"https:\\\/\\\/veltmanmachines.com\\\/\",\"name\":\"Veltman machines\",\"description\":\"\",\"publisher\":{\"@id\":\"https:\\\/\\\/veltmanmachines.com\\\/#organization\"},\"potentialAction\":[{\"@type\":\"SearchAction\",\"target\":{\"@type\":\"EntryPoint\",\"urlTemplate\":\"https:\\\/\\\/veltmanmachines.com\\\/?s={search_term_string}\"},\"query-input\":{\"@type\":\"PropertyValueSpecification\",\"valueRequired\":true,\"valueName\":\"search_term_string\"}}],\"inLanguage\":\"de\"},{\"@type\":\"Organization\",\"@id\":\"https:\\\/\\\/veltmanmachines.com\\\/#organization\",\"name\":\"Veltman machines\",\"url\":\"https:\\\/\\\/veltmanmachines.com\\\/\",\"logo\":{\"@type\":\"ImageObject\",\"inLanguage\":\"de\",\"@id\":\"https:\\\/\\\/veltmanmachines.com\\\/#\\\/schema\\\/logo\\\/image\\\/\",\"url\":\"https:\\\/\\\/veltmanmachines.com\\\/wp-content\\\/uploads\\\/2023\\\/09\\\/top.gif\",\"contentUrl\":\"https:\\\/\\\/veltmanmachines.com\\\/wp-content\\\/uploads\\\/2023\\\/09\\\/top.gif\",\"width\":363,\"height\":97,\"caption\":\"Veltman machines\"},\"image\":{\"@id\":\"https:\\\/\\\/veltmanmachines.com\\\/#\\\/schema\\\/logo\\\/image\\\/\"},\"sameAs\":[\"https:\\\/\\\/www.youtube.com\\\/@veltmanmachines7902\"]}]}<\/script>\n<!-- \/ Yoast SEO plugin. -->","yoast_head_json":{"title":"Drehmaschine f\u00fcr den Werkzeugbau Schaublin 102VM W25 - Veltmanmachines","robots":{"index":"index","follow":"follow","max-snippet":"max-snippet:-1","max-image-preview":"max-image-preview:large","max-video-preview":"max-video-preview:-1"},"canonical":"https:\/\/veltmanmachines.com\/de\/product\/drehmaschine-schaublin-102vm\/","og_locale":"de_DE","og_type":"article","og_title":"Drehmaschine f\u00fcr den Werkzeugbau Schaublin 102VM W25 - Veltmanmachines","og_description":"Spitzenweite 450mm Spitzenh\u00f6he 102mm Spindelbohrer W25 Spindelbohrer 25mm Drehzahl 30-3000 Powerfeed Einige Wechselvorrichtungen zum Gewindeschneiden Durchm. \u00fcber Schlitten 130mm Pinole mit 70mm Hub und MT2 QCTP Multifix mit 5 Werkzeughaltern Extra Werkzeughalter f\u00fcr die R\u00fcckseite des Kreuzschlittens Satz W25 Spannzangen (es fehlen 17.5 18 und 19mm) Mehrere W25 Spannzangen Vierkant, Sechskant. und \u00dcbergr\u00f6\u00dfe Weiche W25 [&hellip;]","og_url":"https:\/\/veltmanmachines.com\/de\/product\/drehmaschine-schaublin-102vm\/","og_site_name":"Veltmanmachines","article_modified_time":"2026-03-12T13:07:01+00:00","og_image":[{"width":1200,"height":1200,"url":"https:\/\/veltmanmachines.com\/wp-content\/uploads\/2025\/12\/Schaublin102vm-2.jpg","type":"image\/jpeg"}],"twitter_card":"summary_large_image","twitter_misc":{"Gesch\u00e4tzte Lesezeit":"1\u00a0Minute"},"schema":{"@context":"https:\/\/schema.org","@graph":[{"@type":"WebPage","@id":"https:\/\/veltmanmachines.com\/de\/product\/drehmaschine-schaublin-102vm\/","url":"https:\/\/veltmanmachines.com\/de\/product\/drehmaschine-schaublin-102vm\/","name":"Drehmaschine f\u00fcr den Werkzeugbau Schaublin 102VM W25 - Veltmanmachines","isPartOf":{"@id":"https:\/\/veltmanmachines.com\/#website"},"primaryImageOfPage":{"@id":"https:\/\/veltmanmachines.com\/de\/product\/drehmaschine-schaublin-102vm\/#primaryimage"},"image":{"@id":"https:\/\/veltmanmachines.com\/de\/product\/drehmaschine-schaublin-102vm\/#primaryimage"},"thumbnailUrl":"https:\/\/veltmanmachines.com\/wp-content\/uploads\/2025\/12\/Schaublin102vm-2.jpg","datePublished":"2025-12-10T14:14:36+00:00","dateModified":"2026-03-12T13:07:01+00:00","breadcrumb":{"@id":"https:\/\/veltmanmachines.com\/de\/product\/drehmaschine-schaublin-102vm\/#breadcrumb"},"inLanguage":"de","potentialAction":[{"@type":"ReadAction","target":["https:\/\/veltmanmachines.com\/de\/product\/drehmaschine-schaublin-102vm\/"]}]},{"@type":"ImageObject","inLanguage":"de","@id":"https:\/\/veltmanmachines.com\/de\/product\/drehmaschine-schaublin-102vm\/#primaryimage","url":"https:\/\/veltmanmachines.com\/wp-content\/uploads\/2025\/12\/Schaublin102vm-2.jpg","contentUrl":"https:\/\/veltmanmachines.com\/wp-content\/uploads\/2025\/12\/Schaublin102vm-2.jpg","width":1200,"height":1200},{"@type":"BreadcrumbList","@id":"https:\/\/veltmanmachines.com\/de\/product\/drehmaschine-schaublin-102vm\/#breadcrumb","itemListElement":[{"@type":"ListItem","position":1,"name":"Home","item":"https:\/\/veltmanmachines.com\/"},{"@type":"ListItem","position":2,"name":"Neueste Maschinen-alt","item":"https:\/\/veltmanmachines.com\/de\/shop\/"},{"@type":"ListItem","position":3,"name":"Drehmaschine f\u00fcr den Werkzeugbau Schaublin 102VM W25"}]},{"@type":"WebSite","@id":"https:\/\/veltmanmachines.com\/#website","url":"https:\/\/veltmanmachines.com\/","name":"Veltman machines","description":"","publisher":{"@id":"https:\/\/veltmanmachines.com\/#organization"},"potentialAction":[{"@type":"SearchAction","target":{"@type":"EntryPoint","urlTemplate":"https:\/\/veltmanmachines.com\/?s={search_term_string}"},"query-input":{"@type":"PropertyValueSpecification","valueRequired":true,"valueName":"search_term_string"}}],"inLanguage":"de"},{"@type":"Organization","@id":"https:\/\/veltmanmachines.com\/#organization","name":"Veltman machines","url":"https:\/\/veltmanmachines.com\/","logo":{"@type":"ImageObject","inLanguage":"de","@id":"https:\/\/veltmanmachines.com\/#\/schema\/logo\/image\/","url":"https:\/\/veltmanmachines.com\/wp-content\/uploads\/2023\/09\/top.gif","contentUrl":"https:\/\/veltmanmachines.com\/wp-content\/uploads\/2023\/09\/top.gif","width":363,"height":97,"caption":"Veltman machines"},"image":{"@id":"https:\/\/veltmanmachines.com\/#\/schema\/logo\/image\/"},"sameAs":["https:\/\/www.youtube.com\/@veltmanmachines7902"]}]}},"_links":{"self":[{"href":"https:\/\/veltmanmachines.com\/de\/wp-json\/wp\/v2\/product\/4872","targetHints":{"allow":["GET"]}}],"collection":[{"href":"https:\/\/veltmanmachines.com\/de\/wp-json\/wp\/v2\/product"}],"about":[{"href":"https:\/\/veltmanmachines.com\/de\/wp-json\/wp\/v2\/types\/product"}],"replies":[{"embeddable":true,"href":"https:\/\/veltmanmachines.com\/de\/wp-json\/wp\/v2\/comments?post=4872"}],"wp:featuredmedia":[{"embeddable":true,"href":"https:\/\/veltmanmachines.com\/de\/wp-json\/wp\/v2\/media\/4840"}],"wp:attachment":[{"href":"https:\/\/veltmanmachines.com\/de\/wp-json\/wp\/v2\/media?parent=4872"}],"wp:term":[{"taxonomy":"product_brand","embeddable":true,"href":"https:\/\/veltmanmachines.com\/de\/wp-json\/wp\/v2\/product_brand?post=4872"},{"taxonomy":"product_cat","embeddable":true,"href":"https:\/\/veltmanmachines.com\/de\/wp-json\/wp\/v2\/product_cat?post=4872"},{"taxonomy":"product_tag","embeddable":true,"href":"https:\/\/veltmanmachines.com\/de\/wp-json\/wp\/v2\/product_tag?post=4872"}],"curies":[{"name":"wp","href":"https:\/\/api.w.org\/{rel}","templated":true}]}}